{"id":80102,"date":"2025-07-11T17:20:54","date_gmt":"2025-07-11T14:20:54","guid":{"rendered":"https:\/\/demo8.ecube.lv\/sezona.lv\/products\/thermacell-uzpildes-kartridzs-pretodu-iericei-40h\/"},"modified":"2025-07-14T15:50:59","modified_gmt":"2025-07-14T12:50:59","slug":"thermacell-uzpildes-kartridzs-pretodu-iericei-40h","status":"publish","type":"product","link":"https:\/\/sezona.lv\/en\/products\/thermacell-uzpildes-kartridzs-pretodu-iericei-40h\/","title":{"rendered":"Thermacell uzpildes k\u0101rtrid\u017es pretodu ier\u012bcei 40h"},"content":{"rendered":"<p>Sl\u0113gta tipa k\u0101rtrid\u017es Thermacell E-Series and Radius Zone (ar akumulatoru) s\u0113rijas pretodu l\u012bdzek\u013cu ier\u012bc\u0113m, kuras aizsarg\u0101s pret odiem l\u012bdz pat 20 m&sup2; lielu platib\u0101.<\/p>\n<p>* 40 stundu uzpildes k\u0101rtrid\u017es, kas paredz\u0113ts tikai ar akumulatoriem darbinam\u0101m Thermacell pretodu iek\u0101rt\u0101m<br \/>* Nav nepat\u012bkam\u0101s l\u012bdzek\u013cu izsmidzin\u0101&scaron;anas un neveido ple\u0137us un nogulsn\u0113jumus uz virsmas. Bez smar\u017eas un DEET.<br \/>* Piln\u012bb\u0101 nosl\u0113gts un aizsarg\u0101ts pret nopl\u016bdi. \u013boti \u0113rti izmantojams ce\u013cojumos un p\u0101rg\u0101jienos!<br \/>* Iepakojums satur vienu 40 stundu uzpildes k\u0101rtrid\u017eu.<\/p>\n<p>Akt\u012bv\u0101 sast\u0101vda\u013ca Metoflutrins\/Pralletrins<br \/>Izm\u0113ri 6 x 5 x 1,9 cm (garums x platums x augstums)<br \/>Darb\u012bbas ilgums 40<br \/>Mode\u013ca numurs LR140<br \/>Aizsardz\u012bbas zona 20 m&sup2;<\/p>\n","protected":false},"excerpt":{"rendered":"<p>Sl\u0113gta tipa k\u0101rtrid\u017es Thermacell E-Series and Radius Zone (ar akumulatoru) s\u0113rijas pretodu l\u012bdzek\u013cu ier\u012bc\u0113m, kuras aizsarg\u0101s pret odiem l\u012bdz pat 20 m&sup2; lielu platib\u0101. * 40 stundu uzpildes k\u0101rtrid\u017es, kas paredz\u0113ts tikai ar akumulatoriem darbinam\u0101m Thermacell pretodu iek\u0101rt\u0101m* Nav nepat\u012bkam\u0101s l\u012bdzek\u013cu izsmidzin\u0101&scaron;anas un neveido ple\u0137us un nogulsn\u0113jumus uz virsmas. Bez smar\u017eas un DEET.* Piln\u012bb\u0101 nosl\u0113gts [&hellip;]<\/p>\n","protected":false},"featured_media":74841,"template":"","meta":[],"product_brand":[],"product_cat":[4558,5008],"product_tag":[],"class_list":{"0":"post-80102","1":"product","2":"type-product","3":"status-publish","4":"has-post-thumbnail","6":"product_cat-for-tourism-recreation","7":"product_cat-protective-equipment-for-tourism-recreation","9":"first","10":"instock","11":"shipping-taxable","12":"purchasable","13":"product-type-simple"},"_links":{"self":[{"href":"https:\/\/sezona.lv\/en\/wp-json\/wp\/v2\/product\/80102","targetHints":{"allow":["GET"]}}],"collection":[{"href":"https:\/\/sezona.lv\/en\/wp-json\/wp\/v2\/product"}],"about":[{"href":"https:\/\/sezona.lv\/en\/wp-json\/wp\/v2\/types\/product"}],"wp:featuredmedia":[{"embeddable":true,"href":"https:\/\/sezona.lv\/en\/wp-json\/wp\/v2\/media\/74841"}],"wp:attachment":[{"href":"https:\/\/sezona.lv\/en\/wp-json\/wp\/v2\/media?parent=80102"}],"wp:term":[{"taxonomy":"product_brand","embeddable":true,"href":"https:\/\/sezona.lv\/en\/wp-json\/wp\/v2\/product_brand?post=80102"},{"taxonomy":"product_cat","embeddable":true,"href":"https:\/\/sezona.lv\/en\/wp-json\/wp\/v2\/product_cat?post=80102"},{"taxonomy":"product_tag","embeddable":true,"href":"https:\/\/sezona.lv\/en\/wp-json\/wp\/v2\/product_tag?post=80102"}],"curies":[{"name":"wp","href":"https:\/\/api.w.org\/{rel}","templated":true}]}}