{"id":80127,"date":"2025-07-11T17:21:16","date_gmt":"2025-07-11T14:21:16","guid":{"rendered":"https:\/\/demo8.ecube.lv\/sezona.lv\/products\/fishhead-pieres-lukturis-ar-sensoru\/"},"modified":"2025-07-14T15:51:26","modified_gmt":"2025-07-14T12:51:26","slug":"fishhead-pieres-lukturis-ar-sensoru","status":"publish","type":"product","link":"https:\/\/sezona.lv\/en\/products\/fishhead-pieres-lukturis-ar-sensoru\/","title":{"rendered":"FishHead pieres lukturis ar sensoru"},"content":{"rendered":"<p>FishHead pieres lukturis ar sensoru, kas autom\u0101tiski piel\u0101gojas apk\u0101rt\u0113jai gaismai.<\/p>\n<p>Komplekt\u0101cij\u0101 iek\u013cauts USB uzl\u0101des vads. 3 spilgtuma re\u017e\u012bmi.<\/p>\n<p>Svars: 60g<\/p>\n<p>Darb\u012bbas laiks: 3-15h (atkar\u012bb\u0101 no izv\u0113l\u0113t\u0101 re\u017e\u012bma)<\/p>\n<p>Akumulatora uzl\u0101des laiks: 3h<\/p>\n<p>&nbsp;<\/p>\n","protected":false},"excerpt":{"rendered":"<p>FishHead pieres lukturis ar sensoru, kas autom\u0101tiski piel\u0101gojas apk\u0101rt\u0113jai gaismai. Komplekt\u0101cij\u0101 iek\u013cauts USB uzl\u0101des vads. 3 spilgtuma re\u017e\u012bmi. Svars: 60g Darb\u012bbas laiks: 3-15h (atkar\u012bb\u0101 no izv\u0113l\u0113t\u0101 re\u017e\u012bma) Akumulatora uzl\u0101des laiks: 3h &nbsp;<\/p>\n","protected":false},"featured_media":74866,"template":"","meta":[],"product_brand":[],"product_cat":[4558,4572],"product_tag":[],"class_list":{"0":"post-80127","1":"product","2":"type-product","3":"status-publish","4":"has-post-thumbnail","6":"product_cat-for-tourism-recreation","7":"product_cat-lights-for-tourism-recreation","9":"first","10":"instock","11":"shipping-taxable","12":"purchasable","13":"product-type-simple"},"_links":{"self":[{"href":"https:\/\/sezona.lv\/en\/wp-json\/wp\/v2\/product\/80127","targetHints":{"allow":["GET"]}}],"collection":[{"href":"https:\/\/sezona.lv\/en\/wp-json\/wp\/v2\/product"}],"about":[{"href":"https:\/\/sezona.lv\/en\/wp-json\/wp\/v2\/types\/product"}],"wp:featuredmedia":[{"embeddable":true,"href":"https:\/\/sezona.lv\/en\/wp-json\/wp\/v2\/media\/74866"}],"wp:attachment":[{"href":"https:\/\/sezona.lv\/en\/wp-json\/wp\/v2\/media?parent=80127"}],"wp:term":[{"taxonomy":"product_brand","embeddable":true,"href":"https:\/\/sezona.lv\/en\/wp-json\/wp\/v2\/product_brand?post=80127"},{"taxonomy":"product_cat","embeddable":true,"href":"https:\/\/sezona.lv\/en\/wp-json\/wp\/v2\/product_cat?post=80127"},{"taxonomy":"product_tag","embeddable":true,"href":"https:\/\/sezona.lv\/en\/wp-json\/wp\/v2\/product_tag?post=80127"}],"curies":[{"name":"wp","href":"https:\/\/api.w.org\/{rel}","templated":true}]}}