{"id":80128,"date":"2025-07-11T17:21:19","date_gmt":"2025-07-11T14:21:19","guid":{"rendered":"https:\/\/demo8.ecube.lv\/sezona.lv\/products\/coleman-telts-octagon-8-new-grey\/"},"modified":"2025-07-14T15:51:27","modified_gmt":"2025-07-14T12:51:27","slug":"coleman-telts-octagon-8-new-grey","status":"publish","type":"product","link":"https:\/\/sezona.lv\/en\/products\/coleman-telts-octagon-8-new-grey\/","title":{"rendered":"Coleman telts Octagon 8 NEW (grey)"},"content":{"rendered":"<h2>Pla&scaron;a telts glempingam, kempingam vai festiv\u0101lam<\/h2>\n<p>Coleman Octagon 8 Grey nodro&scaron;ina pilnu 360&deg; skatu uz apk\u0101rtni, ar pla&scaron;u dz\u012bves telpu un stingr\u0101m veram\u0101m durv\u012bm, kas kemping\u0101 rada m\u0101j\u012bgu saj\u016btu. &Scaron;ai pla&scaron;ajai teltij ir daudz pielietojumu: to var apr\u012bkot k\u0101 greznu gu\u013camistabu, rota\u013cu istabu b\u0113rniem vai k\u0101 telti festiv\u0101liem, kur pulc\u0113ties ar draugiem. Lietus p\u0101rvalku var no\u0146emt, p\u0101rv\u0113r&scaron;ot Octagon 8 par vietu, kur uztur\u0113ties, kad esat vasarn\u012bc\u0101 vai d\u0101rz\u0101.<\/p>\n<ul>\n<li><strong>Br\u012bvi<\/strong>&nbsp;<strong>st\u0101vo&scaron;a<\/strong>&nbsp;konstrukcija un&nbsp;<strong>kr\u0101su kod\u0113ti<\/strong>&nbsp;<strong>t\u0113rauda<\/strong>&nbsp;<strong>loki<\/strong>&nbsp;\u013cauj to viegli uzsliet 15 min\u016b&scaron;u laik\u0101.<\/li>\n<li>215 cm iek&scaron;\u0113jais augstums \u013cauj taj\u0101&nbsp;<strong>st\u0101v\u0113t piln\u0101 augum\u0101<\/strong>.<\/li>\n<li><strong>Blackout tehnolo\u0123ija<\/strong>&nbsp;samazina uzkar&scaron;anu saul\u0113 un \u013cauj ilg\u0101k izgul\u0113ties no r\u012btiem.<\/li>\n<li><strong>Stingras veram\u0101s durvis ar e\u0146\u0123\u0113m<\/strong>&nbsp;padara ieie&scaron;anu telt\u012b un izie&scaron;anu no t\u0101s par prieku.<\/li>\n<li><strong>360&deg; sieta logi<\/strong>&nbsp;nodro&scaron;ina lielisku ventil\u0101ciju un nov\u0113r&scaron; maz\u0101ko kukai\u0146u iek\u013c\u016b&scaron;anu.<\/li>\n<li>Piln\u012bb\u0101&nbsp;<strong>l\u012bm\u0113tas &scaron;uves<\/strong>&nbsp;un ie&scaron;\u016bta pamatne nov\u0113rs\u012bs nopl\u016bdi un saglab\u0101s invent\u0101ru sausu.<\/li>\n<li><strong>Atstarojo&scaron;as auklas<\/strong>, lai samazin\u0101tu aiz\u0137er&scaron;an\u0101s risku tums\u0101.<\/li>\n<\/ul>\n<ul class=\"metafield-single_line_text_field-array\">\n<li class=\"metafield-single_line_text_field\">L\u012aM\u0112TAS &Scaron;UVES<\/li>\n<li class=\"metafield-single_line_text_field\">COLEMAN&reg; BLACKOUT BEDROOM&trade; &#8211; \u012bpa&scaron;s telts materi\u0101ls, kas blo\u0137\u0113 l\u012bdz 99% dienas gaismas \u013caujot izgul\u0113ties tik ilgi, cik v\u0113laties, k\u0101 ar\u012b uzturot telti par 5&deg;C v\u0113s\u0101ku.<\/li>\n<li class=\"metafield-single_line_text_field\">UGUNSDRO&Scaron;S audums nodro&scaron;ina, ka telts neaizdegas nekontrol\u0113ti un pa&scaron;nodziest, ja tiek likvid\u0113ts karstuma avots, \u013caujot dro&scaron;i izb\u0113gt ugunsgr\u0113ka gad\u012bjum\u0101.<\/li>\n<li class=\"metafield-single_line_text_field\">T\u0112RAUDA LOKI &#8211; \u013coti iztur\u012bgi, paredz\u0113ti skarbiem apst\u0101k\u013ciem, palielin\u0101ta iztur\u012bba liel\u0101k\u0101m \u0123imenes telt\u012bm<\/li>\n<li class=\"metafield-single_line_text_field\">VIEGLA UZST\u0100D\u012a&Scaron;ANA pateicoties kr\u0101su mar\u0137\u0113jumiem uz lokiem un telts.<\/li>\n<li class=\"metafield-single_line_text_field\">ATSTAROJO&Scaron;AS AUKLAS sp\u012bd tums\u0101, nov\u0113r&scaron;ot paklup&scaron;anas risku.<\/li>\n<\/ul>\n<ul class=\"metafield-single_line_text_field-array\">\n<li class=\"metafield-single_line_text_field\">Ietilp\u012bba: 8 cilv\u0113ki<\/li>\n<li class=\"metafield-single_line_text_field\">\u016adensiztur\u012bba: 2000 mm<\/li>\n<li class=\"metafield-single_line_text_field\">Svars: 20.8 kg<\/li>\n<li class=\"metafield-single_line_text_field\">Iek&scaron;\u0113j\u0101 plat\u012bba: 15.7m&sup2;<\/li>\n<li class=\"metafield-single_line_text_field\">\u0100r\u0113jais platums max: 429 cm<\/li>\n<li class=\"metafield-single_line_text_field\">Iek&scaron;\u0113jais platums max: 396 cm<\/li>\n<li class=\"metafield-single_line_text_field\">Iepakojuma izm\u0113rs: 85x32x32 cm<\/li>\n<li class=\"metafield-single_line_text_field\">Telts auduma materi\u0101ls: 100% poliesters ar PU p\u0101rkl\u0101jumu<\/li>\n<li class=\"metafield-single_line_text_field\">Iek&scaron;\u0113j\u0101s telts materi\u0101ls: 100% elpojo&scaron;s poliesters, mosk\u012btu t\u012bkls<\/li>\n<li class=\"metafield-single_line_text_field\">Gr\u012bdas materi\u0101ls: PE, piln\u012bb\u0101 integr\u0113ts<\/li>\n<\/ul>\n","protected":false},"excerpt":{"rendered":"<p>Pla&scaron;a telts glempingam, kempingam vai festiv\u0101lam Coleman Octagon 8 Grey nodro&scaron;ina pilnu 360&deg; skatu uz apk\u0101rtni, ar pla&scaron;u dz\u012bves telpu un stingr\u0101m veram\u0101m durv\u012bm, kas kemping\u0101 rada m\u0101j\u012bgu saj\u016btu. &Scaron;ai pla&scaron;ajai teltij ir daudz pielietojumu: to var apr\u012bkot k\u0101 greznu gu\u013camistabu, rota\u013cu istabu b\u0113rniem vai k\u0101 telti festiv\u0101liem, kur pulc\u0113ties ar draugiem. Lietus p\u0101rvalku var [&hellip;]<\/p>\n","protected":false},"featured_media":74869,"template":"","meta":[],"product_brand":[3381],"product_cat":[4558,4568,4952],"product_tag":[],"class_list":{"0":"post-80128","1":"product","2":"type-product","3":"status-publish","4":"has-post-thumbnail","6":"product_brand-coleman","7":"product_cat-for-tourism-recreation","8":"product_cat-tents-for-tourism-recreation","9":"product_cat-coleman-tents-tents-for-tourism-recreation","11":"first","12":"instock","13":"shipping-taxable","14":"purchasable","15":"product-type-simple"},"_links":{"self":[{"href":"https:\/\/sezona.lv\/en\/wp-json\/wp\/v2\/product\/80128","targetHints":{"allow":["GET"]}}],"collection":[{"href":"https:\/\/sezona.lv\/en\/wp-json\/wp\/v2\/product"}],"about":[{"href":"https:\/\/sezona.lv\/en\/wp-json\/wp\/v2\/types\/product"}],"wp:featuredmedia":[{"embeddable":true,"href":"https:\/\/sezona.lv\/en\/wp-json\/wp\/v2\/media\/74869"}],"wp:attachment":[{"href":"https:\/\/sezona.lv\/en\/wp-json\/wp\/v2\/media?parent=80128"}],"wp:term":[{"taxonomy":"product_brand","embeddable":true,"href":"https:\/\/sezona.lv\/en\/wp-json\/wp\/v2\/product_brand?post=80128"},{"taxonomy":"product_cat","embeddable":true,"href":"https:\/\/sezona.lv\/en\/wp-json\/wp\/v2\/product_cat?post=80128"},{"taxonomy":"product_tag","embeddable":true,"href":"https:\/\/sezona.lv\/en\/wp-json\/wp\/v2\/product_tag?post=80128"}],"curies":[{"name":"wp","href":"https:\/\/api.w.org\/{rel}","templated":true}]}}