{"id":80129,"date":"2025-07-11T17:21:20","date_gmt":"2025-07-11T14:21:20","guid":{"rendered":"https:\/\/demo8.ecube.lv\/sezona.lv\/products\/unihoc-nuju-soma-crimson-line-92-104-cm\/"},"modified":"2025-07-14T15:51:28","modified_gmt":"2025-07-14T12:51:28","slug":"unihoc-nuju-soma-crimson-line-92-104-cm","status":"publish","type":"product","link":"https:\/\/sezona.lv\/en\/products\/unihoc-nuju-soma-crimson-line-92-104-cm\/","title":{"rendered":"Unihoc N\u016bju soma Crimson Line 92-104 cm"},"content":{"rendered":"<p>N\u016bju somas 91-104 cm<\/p>\n<p>N\u016bju ietilp\u012bba som\u0101: 1 n\u016bja<\/p>\n<p>&nbsp;<\/p>\n<p>&nbsp;<\/p>\n","protected":false},"excerpt":{"rendered":"<p>N\u016bju somas 91-104 cm N\u016bju ietilp\u012bba som\u0101: 1 n\u016bja &nbsp; &nbsp;<\/p>\n","protected":false},"featured_media":74874,"template":"","meta":[],"product_brand":[],"product_cat":[4602,4633,4643],"product_tag":[],"class_list":{"0":"post-80129","1":"product","2":"type-product","3":"status-publish","4":"has-post-thumbnail","6":"product_cat-summer-sports-sports","7":"product_cat-floorball-summer-sports-sports","8":"product_cat-floorball-accessories-floorball-summer-sports-sports","10":"first","11":"instock","12":"shipping-taxable","13":"purchasable","14":"product-type-simple"},"_links":{"self":[{"href":"https:\/\/sezona.lv\/en\/wp-json\/wp\/v2\/product\/80129","targetHints":{"allow":["GET"]}}],"collection":[{"href":"https:\/\/sezona.lv\/en\/wp-json\/wp\/v2\/product"}],"about":[{"href":"https:\/\/sezona.lv\/en\/wp-json\/wp\/v2\/types\/product"}],"wp:featuredmedia":[{"embeddable":true,"href":"https:\/\/sezona.lv\/en\/wp-json\/wp\/v2\/media\/74874"}],"wp:attachment":[{"href":"https:\/\/sezona.lv\/en\/wp-json\/wp\/v2\/media?parent=80129"}],"wp:term":[{"taxonomy":"product_brand","embeddable":true,"href":"https:\/\/sezona.lv\/en\/wp-json\/wp\/v2\/product_brand?post=80129"},{"taxonomy":"product_cat","embeddable":true,"href":"https:\/\/sezona.lv\/en\/wp-json\/wp\/v2\/product_cat?post=80129"},{"taxonomy":"product_tag","embeddable":true,"href":"https:\/\/sezona.lv\/en\/wp-json\/wp\/v2\/product_tag?post=80129"}],"curies":[{"name":"wp","href":"https:\/\/api.w.org\/{rel}","templated":true}]}}