{"id":80130,"date":"2025-07-14T15:51:29","date_gmt":"2025-07-14T12:51:29","guid":{"rendered":"https:\/\/demo8.ecube.lv\/sezona.lv\/products\/piepusama-laiva-aqua-storm-st190\/"},"modified":"2025-07-14T15:51:29","modified_gmt":"2025-07-14T12:51:29","slug":"piepusama-laiva-aqua-storm-st190","status":"publish","type":"product","link":"https:\/\/sezona.lv\/en\/products\/piepusama-laiva-aqua-storm-st190\/","title":{"rendered":"Piep\u016b\u0161am\u0101 laiva Aqua-Storm ST190"},"content":{"rendered":"<p>Augstas kvalit\u0101tes piep\u016b&scaron;am\u0101 laiva, kas ra\u017eota Ukrain\u0101.<\/p>\n<p>AQUA-STORM ST l\u012bnija p\u0101rst\u0101v pla&scaron;u augstas kvalit\u0101tes un uzticamu piep\u016b&scaron;amo laivu kl\u0101stu. T\u0101s ir izgatavotas no iztur\u012bga PVC materi\u0101la un sast\u0101v no O-veida piep\u016b&scaron;am\u0101s peldsp\u0113jas caurules, kas sadal\u012bta divos herm\u0113tiskos nodal\u012bjumos.<\/p>\n<p>ST190 s modelis ir viegls un kompakts vienviet\u012bgs. T\u0101 sver tikai 11,5 kg, kas \u013cauj to p\u0101rvad\u0101t pat mugursom\u0101 uz velosip\u0113da vai sabiedriskaj\u0101 transport\u0101. Taj\u0101 pa&scaron;\u0101 laik\u0101 pasa\u017eieris \u0113rti j\u016btas uz 190 cm gar\u0101s, 120 cm plat\u0101s laivas kl\u0101ja.<\/p>\n<p>Laiva ir iepakota ietilp\u012bg\u0101 som\u0101. Pamatkomplekt\u0101cij\u0101 ietilpst s\u016bknis, s\u0113dek\u013ci un remontkomplekts. Tie ir iepakoti atsevi&scaron;\u0137i.<\/p>\n<p class=\"MsoListParagraphCxSpLast\"><span lang=\"FR\"><br \/><\/span><\/p>\n<p><strong><strong>LAIVAS SPECIFIK\u0100CIJA:<\/strong><\/strong><\/p>\n<p>Garums: 190 cm<\/p>\n<p>Platums: 120 cm<\/p>\n<p>Bortu augstums: 30 cm<\/p>\n<p>Sekciju skaits: 2<\/p>\n<p>Lame\u013cu skaits: &#8211;<\/p>\n<p>Maksim\u0101lais cilv\u0113ku skaits: 1<\/p>\n<p>Celtsp\u0113ja: 110 kg<\/p>\n<p>Laivas svars (pilna komplekt\u0101cija): 11.5 kg<\/p>\n<p>Dzin\u0113ja jauda: &#8211;<\/p>\n<p>Materi\u0101ls: PVC, 850 g\/m2<\/p>\n<p>Garantija: 5 gadi<\/p>\n<p>Komplekt\u0101 ietipst: Laiva, soma, 1 s\u0113deklis, pumpis, remonta komplekts (iel\u0101pi un l\u012bme ar caurul\u012bti).<\/p>\n<p>&nbsp;<\/p>\n","protected":false},"excerpt":{"rendered":"<p>Augstas kvalit\u0101tes piep\u016b&scaron;am\u0101 laiva, kas ra\u017eota Ukrain\u0101. AQUA-STORM ST l\u012bnija p\u0101rst\u0101v pla&scaron;u augstas kvalit\u0101tes un uzticamu piep\u016b&scaron;amo laivu kl\u0101stu. T\u0101s ir izgatavotas no iztur\u012bga PVC materi\u0101la un sast\u0101v no O-veida piep\u016b&scaron;am\u0101s peldsp\u0113jas caurules, kas sadal\u012bta divos herm\u0113tiskos nodal\u012bjumos. ST190 s modelis ir viegls un kompakts vienviet\u012bgs. T\u0101 sver tikai 11,5 kg, kas \u013cauj to p\u0101rvad\u0101t [&hellip;]<\/p>\n","protected":false},"featured_media":0,"template":"","meta":[],"product_brand":[],"product_cat":[4557,4578,4640,5055],"product_tag":[],"class_list":{"0":"post-80130","1":"product","2":"type-product","3":"status-publish","5":"product_cat-boats-recreation","6":"product_cat-inflatable-boats-boats-recreation","7":"product_cat-recreation","8":"product_cat-aqua-storm-inflatable-boats-boats-recreation","10":"first","11":"instock","12":"shipping-taxable","13":"purchasable","14":"product-type-simple"},"_links":{"self":[{"href":"https:\/\/sezona.lv\/en\/wp-json\/wp\/v2\/product\/80130","targetHints":{"allow":["GET"]}}],"collection":[{"href":"https:\/\/sezona.lv\/en\/wp-json\/wp\/v2\/product"}],"about":[{"href":"https:\/\/sezona.lv\/en\/wp-json\/wp\/v2\/types\/product"}],"wp:attachment":[{"href":"https:\/\/sezona.lv\/en\/wp-json\/wp\/v2\/media?parent=80130"}],"wp:term":[{"taxonomy":"product_brand","embeddable":true,"href":"https:\/\/sezona.lv\/en\/wp-json\/wp\/v2\/product_brand?post=80130"},{"taxonomy":"product_cat","embeddable":true,"href":"https:\/\/sezona.lv\/en\/wp-json\/wp\/v2\/product_cat?post=80130"},{"taxonomy":"product_tag","embeddable":true,"href":"https:\/\/sezona.lv\/en\/wp-json\/wp\/v2\/product_tag?post=80130"}],"curies":[{"name":"wp","href":"https:\/\/api.w.org\/{rel}","templated":true}]}}