{"id":80132,"date":"2025-07-14T15:51:31","date_gmt":"2025-07-14T12:51:31","guid":{"rendered":"https:\/\/demo8.ecube.lv\/sezona.lv\/products\/piepusama-laiva-aqua-storm-st220c\/"},"modified":"2025-07-14T15:51:31","modified_gmt":"2025-07-14T12:51:31","slug":"piepusama-laiva-aqua-storm-st220c","status":"publish","type":"product","link":"https:\/\/sezona.lv\/en\/products\/piepusama-laiva-aqua-storm-st220c\/","title":{"rendered":"Piep\u016b\u0161am\u0101 laiva Aqua-Storm ST220C"},"content":{"rendered":"<p>Augstas kvalit\u0101tes piep\u016b&scaron;am\u0101 laiva, kas ra\u017eota Ukrain\u0101.<\/p>\n<p>AQUA-STORM ST l\u012bnija p\u0101rst\u0101v pla&scaron;u augstas kvalit\u0101tes un uzticamu piep\u016b&scaron;amo laivu kl\u0101stu. T\u0101s ir izgatavotas no iztur\u012bga PVC materi\u0101la un sast\u0101v no O-veida piep\u016b&scaron;am\u0101s peldsp\u0113jas caurules, kas sadal\u012bta divos herm\u0113tiskos nodal\u012bjumos.<\/p>\n<p>ST220 modelis ir \u0113rts, viegls, kompakts un uzticams vienviet\u012bgs peldl\u012bdzeklis. Laiva ir 220 cm gara un 130 cm plata, t\u0101s svars ir tikai 16.5 kg, t\u0101p\u0113c nav probl\u0113mu ar transport\u0113&scaron;anu.<\/p>\n<p>Laiva ir iepakota ietilp\u012bg\u0101 som\u0101. Pamatkomplekt\u0101cij\u0101 ietilpst airi, cietais kl\u0101js, s\u016bknis, s\u0113dek\u013ci un remontkomplekts. Tie ir iepakoti atsevi&scaron;\u0137i.<\/p>\n<p>&Scaron;\u012b airu laiva ir apr\u012bkota ar saliekamiem herm\u0113tiskajiem airiem ar taisn\u0101m, &scaron;aur\u0101m l\u0101psti\u0146\u0101m galos.<\/p>\n<p class=\"MsoListParagraphCxSpLast\"><span lang=\"FR\"><br \/><\/span><\/p>\n<p><strong><strong>LAIVAS SPECIFIK\u0100CIJA:<\/strong><\/strong><\/p>\n<p>Garums: 220 cm<\/p>\n<p>Platums: 130 cm<\/p>\n<p>Bortu augstums: 34 cm<\/p>\n<p>Sekciju skaits: 2<\/p>\n<p>Lame\u013cu skaits: 2<\/p>\n<p>Maksim\u0101lais cilv\u0113ku skaits: 1<\/p>\n<p>Celtsp\u0113ja: 160 kg<\/p>\n<p>Laivas svars (pilna komplekt\u0101cija): 14.0 kg<\/p>\n<p>Dzin\u0113ja jauda: &#8211;<\/p>\n<p>Materi\u0101ls: PVC, 850 g\/m2<\/p>\n<p>Garantija: 5 gadi<\/p>\n<p>Komplekt\u0101 ietipst: Laiva,&nbsp;<span>cietais kl\u0101js,<\/span>&nbsp;soma, 2 airi, 1 s\u0113deklis, pumpis, remonta komplekts (iel\u0101pi un l\u012bme ar caurul\u012bti).<\/p>\n<p>&nbsp;<\/p>\n","protected":false},"excerpt":{"rendered":"<p>Augstas kvalit\u0101tes piep\u016b&scaron;am\u0101 laiva, kas ra\u017eota Ukrain\u0101. AQUA-STORM ST l\u012bnija p\u0101rst\u0101v pla&scaron;u augstas kvalit\u0101tes un uzticamu piep\u016b&scaron;amo laivu kl\u0101stu. T\u0101s ir izgatavotas no iztur\u012bga PVC materi\u0101la un sast\u0101v no O-veida piep\u016b&scaron;am\u0101s peldsp\u0113jas caurules, kas sadal\u012bta divos herm\u0113tiskos nodal\u012bjumos. ST220 modelis ir \u0113rts, viegls, kompakts un uzticams vienviet\u012bgs peldl\u012bdzeklis. Laiva ir 220 cm gara un 130 [&hellip;]<\/p>\n","protected":false},"featured_media":0,"template":"","meta":[],"product_brand":[],"product_cat":[4557,4578,4640,5055],"product_tag":[],"class_list":{"0":"post-80132","1":"product","2":"type-product","3":"status-publish","5":"product_cat-boats-recreation","6":"product_cat-inflatable-boats-boats-recreation","7":"product_cat-recreation","8":"product_cat-aqua-storm-inflatable-boats-boats-recreation","10":"first","11":"instock","12":"shipping-taxable","13":"purchasable","14":"product-type-simple"},"_links":{"self":[{"href":"https:\/\/sezona.lv\/en\/wp-json\/wp\/v2\/product\/80132","targetHints":{"allow":["GET"]}}],"collection":[{"href":"https:\/\/sezona.lv\/en\/wp-json\/wp\/v2\/product"}],"about":[{"href":"https:\/\/sezona.lv\/en\/wp-json\/wp\/v2\/types\/product"}],"wp:attachment":[{"href":"https:\/\/sezona.lv\/en\/wp-json\/wp\/v2\/media?parent=80132"}],"wp:term":[{"taxonomy":"product_brand","embeddable":true,"href":"https:\/\/sezona.lv\/en\/wp-json\/wp\/v2\/product_brand?post=80132"},{"taxonomy":"product_cat","embeddable":true,"href":"https:\/\/sezona.lv\/en\/wp-json\/wp\/v2\/product_cat?post=80132"},{"taxonomy":"product_tag","embeddable":true,"href":"https:\/\/sezona.lv\/en\/wp-json\/wp\/v2\/product_tag?post=80132"}],"curies":[{"name":"wp","href":"https:\/\/api.w.org\/{rel}","templated":true}]}}