{"id":80133,"date":"2025-07-14T15:51:32","date_gmt":"2025-07-14T12:51:32","guid":{"rendered":"https:\/\/demo8.ecube.lv\/sezona.lv\/products\/piepusama-laiva-aqua-storm-st240\/"},"modified":"2025-07-14T15:51:32","modified_gmt":"2025-07-14T12:51:32","slug":"piepusama-laiva-aqua-storm-st240","status":"publish","type":"product","link":"https:\/\/sezona.lv\/en\/products\/piepusama-laiva-aqua-storm-st240\/","title":{"rendered":"Piep\u016b\u0161am\u0101 laiva Aqua-Storm ST240"},"content":{"rendered":"<p>Augstas kvalit\u0101tes piep\u016b&scaron;am\u0101 laiva, kas ra\u017eota Ukrain\u0101.<\/p>\n<p>AQUA-STORM ST l\u012bnija p\u0101rst\u0101v pla&scaron;u augstas kvalit\u0101tes un uzticamu piep\u016b&scaron;amo laivu kl\u0101stu. T\u0101s ir izgatavotas no iztur\u012bga PVC materi\u0101la un sast\u0101v no O-veida piep\u016b&scaron;am\u0101s peldsp\u0113jas caurules, kas sadal\u012bta divos herm\u0113tiskos nodal\u012bjumos.<\/p>\n<p>ST240 modelis ir \u0113rts divviet\u012bgs. Garums 240 cm, platums 130 cm un kravnes\u012bba 200 kg nodro&scaron;ina \u0113rtu atp\u016btu uz \u016bdens. ST240 modelis ir izgatavots no iztur\u012bga un augstas kvalit\u0101tes PVC materi\u0101la ar bl\u012bvumu 850 g\/m2, kas nodro&scaron;ina dro&scaron;\u012bbu laivo&scaron;anas laik\u0101. Turkl\u0101t &scaron;\u012bs laivas izce\u013cas ar lielisk\u0101m j\u016bras brauk&scaron;anas sp\u0113j\u0101m, piem\u0113ram, manevr\u0113tsp\u0113ju, vad\u0101m\u012bbu un iztur\u012bbu pret burbu\u013co&scaron;anu.<\/p>\n<p>Laiva ir iepakota ietilp\u012bg\u0101 som\u0101. Pamatkomplekt\u0101cij\u0101 ietilpst airi, s\u016bknis, s\u0113dek\u013ci un remontkomplekts. Tie ir iepakoti atsevi&scaron;\u0137i.<\/p>\n<p>&Scaron;\u012b airu laiva ir apr\u012bkota ar saliekamiem herm\u0113tiskajiem airiem ar taisn\u0101m, &scaron;aur\u0101m l\u0101psti\u0146\u0101m galos.<\/p>\n<p class=\"MsoListParagraphCxSpLast\"><span lang=\"FR\"><br \/><\/span><\/p>\n<p><strong><strong>LAIVAS SPECIFIK\u0100CIJA:<\/strong><\/strong><\/p>\n<p>Garums: 240 cm<\/p>\n<p>Platums: 130 cm<\/p>\n<p>Bortu augstums: 34 cm<\/p>\n<p>Sekciju skaits: 2<\/p>\n<p>Lame\u013cu skaits: &#8211;<\/p>\n<p>Maksim\u0101lais cilv\u0113ku skaits: 2<\/p>\n<p>Celtsp\u0113ja: 200 kg<\/p>\n<p>Laivas svars (pilna komplekt\u0101cija): 16.0 kg<\/p>\n<p>Dzin\u0113ja jauda: &#8211;<\/p>\n<p>Materi\u0101ls: PVC, 850 g\/m2<\/p>\n<p>Garantija: 5 gadi<\/p>\n<p>Komplekt\u0101 ietipst: Laiva,&nbsp;soma, 2 airi, 2 s\u0113dek\u013ci, pumpis, remonta komplekts (iel\u0101pi un l\u012bme ar caurul\u012bti).<\/p>\n<p>&nbsp;<\/p>\n","protected":false},"excerpt":{"rendered":"<p>Augstas kvalit\u0101tes piep\u016b&scaron;am\u0101 laiva, kas ra\u017eota Ukrain\u0101. AQUA-STORM ST l\u012bnija p\u0101rst\u0101v pla&scaron;u augstas kvalit\u0101tes un uzticamu piep\u016b&scaron;amo laivu kl\u0101stu. T\u0101s ir izgatavotas no iztur\u012bga PVC materi\u0101la un sast\u0101v no O-veida piep\u016b&scaron;am\u0101s peldsp\u0113jas caurules, kas sadal\u012bta divos herm\u0113tiskos nodal\u012bjumos. ST240 modelis ir \u0113rts divviet\u012bgs. Garums 240 cm, platums 130 cm un kravnes\u012bba 200 kg nodro&scaron;ina \u0113rtu [&hellip;]<\/p>\n","protected":false},"featured_media":0,"template":"","meta":[],"product_brand":[],"product_cat":[4557,4578,4640,5055],"product_tag":[],"class_list":{"0":"post-80133","1":"product","2":"type-product","3":"status-publish","5":"product_cat-boats-recreation","6":"product_cat-inflatable-boats-boats-recreation","7":"product_cat-recreation","8":"product_cat-aqua-storm-inflatable-boats-boats-recreation","10":"first","11":"instock","12":"shipping-taxable","13":"purchasable","14":"product-type-simple"},"_links":{"self":[{"href":"https:\/\/sezona.lv\/en\/wp-json\/wp\/v2\/product\/80133","targetHints":{"allow":["GET"]}}],"collection":[{"href":"https:\/\/sezona.lv\/en\/wp-json\/wp\/v2\/product"}],"about":[{"href":"https:\/\/sezona.lv\/en\/wp-json\/wp\/v2\/types\/product"}],"wp:attachment":[{"href":"https:\/\/sezona.lv\/en\/wp-json\/wp\/v2\/media?parent=80133"}],"wp:term":[{"taxonomy":"product_brand","embeddable":true,"href":"https:\/\/sezona.lv\/en\/wp-json\/wp\/v2\/product_brand?post=80133"},{"taxonomy":"product_cat","embeddable":true,"href":"https:\/\/sezona.lv\/en\/wp-json\/wp\/v2\/product_cat?post=80133"},{"taxonomy":"product_tag","embeddable":true,"href":"https:\/\/sezona.lv\/en\/wp-json\/wp\/v2\/product_tag?post=80133"}],"curies":[{"name":"wp","href":"https:\/\/api.w.org\/{rel}","templated":true}]}}