{"id":80135,"date":"2025-07-14T15:51:33","date_gmt":"2025-07-14T12:51:33","guid":{"rendered":"https:\/\/demo8.ecube.lv\/sezona.lv\/products\/piepusama-laiva-aqua-storm-st260\/"},"modified":"2025-07-14T15:51:33","modified_gmt":"2025-07-14T12:51:33","slug":"piepusama-laiva-aqua-storm-st260","status":"publish","type":"product","link":"https:\/\/sezona.lv\/en\/products\/piepusama-laiva-aqua-storm-st260\/","title":{"rendered":"Piep\u016b\u0161am\u0101 laiva Aqua-Storm ST260"},"content":{"rendered":"<p>Augstas kvalit\u0101tes piep\u016b&scaron;am\u0101 laiva, kas ra\u017eota Ukrain\u0101.<\/p>\n<p>AQUA-STORM ST l\u012bnija p\u0101rst\u0101v pla&scaron;u augstas kvalit\u0101tes un uzticamu piep\u016b&scaron;amo laivu kl\u0101stu. T\u0101s ir izgatavotas no iztur\u012bga PVC materi\u0101la un sast\u0101v no O-veida piep\u016b&scaron;am\u0101s peldsp\u0113jas caurules, kas sadal\u012bta divos herm\u0113tiskos nodal\u012bjumos.<\/p>\n<p>ST260 modelis ir lieliska izv\u0113le diviem pasa\u017eieriem, lai dotos izbraucien\u0101 ar laivu. Tam ir pietiekami daudz vietas iek&scaron;pus\u0113 un laba kravnes\u012bba. ST260 standarta specifik\u0101cij\u0101 ietilpst ar\u012b t\u0101di \u0113rti un noder\u012bgi papildin\u0101jumi k\u0101 divi s\u0113dek\u013ci, kurus var papildin\u0101t ar atzveltni un s\u0113dek\u013ca aug&scaron;da\u013cas spilvenu liel\u0101kam komfortam; 6 l s\u016bknis, kas \u013cauj \u0101tri un viegli piepump\u0113t laivu; divi airis (140 cm.) ar airu sl\u0113dzen\u0113m, kas \u013cauj p\u0101rvietot laivu bez lielas piep\u016bles; pateicoties lame\u013cu komplektam (3 gab.), var br\u012bvi st\u0101v\u0113t un p\u0101rvietoties laivas iek&scaron;pus\u0113. Komplekt\u0101 ietilpst ar\u012b laivas soma, remonta komplekts, pase ar garantijas karti.<\/p>\n<p>Laiva ir iepakota ietilp\u012bg\u0101 som\u0101. Pamatkomplekt\u0101cij\u0101 ietilpst airi,&nbsp;cietais kl\u0101js,&nbsp;s\u016bknis, s\u0113dek\u013ci un remontkomplekts. Tie ir iepakoti atsevi&scaron;\u0137i.<\/p>\n<p>&Scaron;\u012b airu laiva ir apr\u012bkota ar saliekamiem herm\u0113tiskajiem airiem ar taisn\u0101m, &scaron;aur\u0101m l\u0101psti\u0146\u0101m galos.<\/p>\n<p class=\"MsoListParagraphCxSpLast\"><span lang=\"FR\"><br \/><\/span><\/p>\n<p><strong><strong>LAIVAS SPECIFIK\u0100CIJA:<\/strong><\/strong><\/p>\n<p>Garums: 260 cm<\/p>\n<p>Platums: 130 cm<\/p>\n<p>Bortu augstums: 34 cm<\/p>\n<p>Sekciju skaits: 2<\/p>\n<p>Lame\u013cu skaits: 3<\/p>\n<p>Maksim\u0101lais cilv\u0113ku skaits: 2<\/p>\n<p>Celtsp\u0113ja: 210 kg<\/p>\n<p>Laivas svars (pilna komplekt\u0101cija): 20.5 kg<\/p>\n<p>Dzin\u0113ja jauda: &#8211;<\/p>\n<p>Materi\u0101ls: PVC, 850 g\/m2<\/p>\n<p>Garantija: 5 gadi<\/p>\n<p>Komplekt\u0101 ietipst: Laiva,&nbsp;cietais kl\u0101js,&nbsp;soma, 2 airi, 2 s\u0113dek\u013ci, pumpis, remonta komplekts (iel\u0101pi un l\u012bme ar caurul\u012bti), CE sertifik\u0101ts.<\/p>\n<p>&nbsp;<\/p>\n","protected":false},"excerpt":{"rendered":"<p>Augstas kvalit\u0101tes piep\u016b&scaron;am\u0101 laiva, kas ra\u017eota Ukrain\u0101. AQUA-STORM ST l\u012bnija p\u0101rst\u0101v pla&scaron;u augstas kvalit\u0101tes un uzticamu piep\u016b&scaron;amo laivu kl\u0101stu. T\u0101s ir izgatavotas no iztur\u012bga PVC materi\u0101la un sast\u0101v no O-veida piep\u016b&scaron;am\u0101s peldsp\u0113jas caurules, kas sadal\u012bta divos herm\u0113tiskos nodal\u012bjumos. ST260 modelis ir lieliska izv\u0113le diviem pasa\u017eieriem, lai dotos izbraucien\u0101 ar laivu. Tam ir pietiekami daudz vietas [&hellip;]<\/p>\n","protected":false},"featured_media":0,"template":"","meta":[],"product_brand":[],"product_cat":[4557,4578,4640,5055],"product_tag":[],"class_list":{"0":"post-80135","1":"product","2":"type-product","3":"status-publish","5":"product_cat-boats-recreation","6":"product_cat-inflatable-boats-boats-recreation","7":"product_cat-recreation","8":"product_cat-aqua-storm-inflatable-boats-boats-recreation","10":"first","11":"instock","12":"shipping-taxable","13":"purchasable","14":"product-type-simple"},"_links":{"self":[{"href":"https:\/\/sezona.lv\/en\/wp-json\/wp\/v2\/product\/80135","targetHints":{"allow":["GET"]}}],"collection":[{"href":"https:\/\/sezona.lv\/en\/wp-json\/wp\/v2\/product"}],"about":[{"href":"https:\/\/sezona.lv\/en\/wp-json\/wp\/v2\/types\/product"}],"wp:attachment":[{"href":"https:\/\/sezona.lv\/en\/wp-json\/wp\/v2\/media?parent=80135"}],"wp:term":[{"taxonomy":"product_brand","embeddable":true,"href":"https:\/\/sezona.lv\/en\/wp-json\/wp\/v2\/product_brand?post=80135"},{"taxonomy":"product_cat","embeddable":true,"href":"https:\/\/sezona.lv\/en\/wp-json\/wp\/v2\/product_cat?post=80135"},{"taxonomy":"product_tag","embeddable":true,"href":"https:\/\/sezona.lv\/en\/wp-json\/wp\/v2\/product_tag?post=80135"}],"curies":[{"name":"wp","href":"https:\/\/api.w.org\/{rel}","templated":true}]}}