{"id":80138,"date":"2025-07-14T15:51:36","date_gmt":"2025-07-14T12:51:36","guid":{"rendered":"https:\/\/demo8.ecube.lv\/sezona.lv\/products\/piepusama-laiva-aqua-storm-st260t\/"},"modified":"2025-07-14T15:51:36","modified_gmt":"2025-07-14T12:51:36","slug":"piepusama-laiva-aqua-storm-st260t","status":"publish","type":"product","link":"https:\/\/sezona.lv\/en\/products\/piepusama-laiva-aqua-storm-st260t\/","title":{"rendered":"Piep\u016b\u0161am\u0101 laiva Aqua-Storm ST260T"},"content":{"rendered":"<p>Augstas kvalit\u0101tes piep\u016b&scaron;am\u0101 laiva, kas ra\u017eota Ukrain\u0101.<\/p>\n<p>AQUA-STORM ST-PT l\u012bnij\u0101 ietilpst airu laivas ar uzkarin\u0101mo transi. Tas \u013cauj laivu p\u0101rvietot ne tikai ar airiem, bet ar\u012b ar 3,4 ZS motoru. T\u0101 k\u0101 visi airu laivu ST-T mode\u013ci ir kompakti un viegli, tos ir viegli uzglab\u0101t un transport\u0113t. Pateicoties &scaron;iem faktiem, ST-T laivas ir ide\u0101la izv\u0113le \u016bdens atp\u016btai.<\/p>\n<p>ST260T modelim ir labas peldsp\u0113jas: vad\u0101m\u012bba, manevr\u0113tsp\u0113ja un iztur\u012bba pret bur\u0101&scaron;anu. T\u0101 ir izgatavota no augstas kvalit\u0101tes PVC auduma 850 g\/m2 un apvieno sev\u012b \u0113rtus izm\u0113rus 260\u0445130 un lielu kravnes\u012bbu, kas nodro&scaron;ina komfortu laivo&scaron;anas laik\u0101.<\/p>\n<p>Laiva ir iepakota ietilp\u012bg\u0101 som\u0101. Pamatkomplekt\u0101cij\u0101 ietilpst airi,&nbsp;cietais kl\u0101js,&nbsp;s\u016bknis, s\u0113dek\u013ci un remontkomplekts. Tie ir iepakoti atsevi&scaron;\u0137i.<\/p>\n<p>&Scaron;\u012b airu laiva ir apr\u012bkota ar saliekamiem herm\u0113tiskajiem airiem ar taisn\u0101m, &scaron;aur\u0101m l\u0101psti\u0146\u0101m galos.<\/p>\n<p class=\"MsoListParagraphCxSpLast\"><span lang=\"FR\"><br \/><\/span><\/p>\n<p><strong><strong>LAIVAS SPECIFIK\u0100CIJA:<\/strong><\/strong><\/p>\n<p>Garums: 260 cm<\/p>\n<p>Platums: 130 cm<\/p>\n<p>Bortu augstums: 34 cm<\/p>\n<p>Sekciju skaits: 2<\/p>\n<p>Lame\u013cu skaits: 3<\/p>\n<p>Maksim\u0101lais cilv\u0113ku skaits: 2<\/p>\n<p>Celtsp\u0113ja: 210 kg<\/p>\n<p>Laivas svars (pilna komplekt\u0101cija): 22.0 kg<\/p>\n<p>Dzin\u0113ja jauda: 3.4 zs<\/p>\n<p>Materi\u0101ls: PVC, 850 g\/m2<\/p>\n<p>Garantija: 5 gadi<\/p>\n<p>Komplekt\u0101 ietipst: Laiva,&nbsp;cietais kl\u0101js,&nbsp;soma, 2 airi, 2 s\u0113dek\u013ci, pumpis, remonta komplekts (iel\u0101pi un l\u012bme ar caurul\u012bti), CE sertifik\u0101ts.<\/p>\n","protected":false},"excerpt":{"rendered":"<p>Augstas kvalit\u0101tes piep\u016b&scaron;am\u0101 laiva, kas ra\u017eota Ukrain\u0101. AQUA-STORM ST-PT l\u012bnij\u0101 ietilpst airu laivas ar uzkarin\u0101mo transi. Tas \u013cauj laivu p\u0101rvietot ne tikai ar airiem, bet ar\u012b ar 3,4 ZS motoru. T\u0101 k\u0101 visi airu laivu ST-T mode\u013ci ir kompakti un viegli, tos ir viegli uzglab\u0101t un transport\u0113t. Pateicoties &scaron;iem faktiem, ST-T laivas ir ide\u0101la izv\u0113le [&hellip;]<\/p>\n","protected":false},"featured_media":0,"template":"","meta":[],"product_brand":[],"product_cat":[4557,4578,4640,5055],"product_tag":[],"class_list":{"0":"post-80138","1":"product","2":"type-product","3":"status-publish","5":"product_cat-boats-recreation","6":"product_cat-inflatable-boats-boats-recreation","7":"product_cat-recreation","8":"product_cat-aqua-storm-inflatable-boats-boats-recreation","10":"first","11":"instock","12":"shipping-taxable","13":"purchasable","14":"product-type-simple"},"_links":{"self":[{"href":"https:\/\/sezona.lv\/en\/wp-json\/wp\/v2\/product\/80138","targetHints":{"allow":["GET"]}}],"collection":[{"href":"https:\/\/sezona.lv\/en\/wp-json\/wp\/v2\/product"}],"about":[{"href":"https:\/\/sezona.lv\/en\/wp-json\/wp\/v2\/types\/product"}],"wp:attachment":[{"href":"https:\/\/sezona.lv\/en\/wp-json\/wp\/v2\/media?parent=80138"}],"wp:term":[{"taxonomy":"product_brand","embeddable":true,"href":"https:\/\/sezona.lv\/en\/wp-json\/wp\/v2\/product_brand?post=80138"},{"taxonomy":"product_cat","embeddable":true,"href":"https:\/\/sezona.lv\/en\/wp-json\/wp\/v2\/product_cat?post=80138"},{"taxonomy":"product_tag","embeddable":true,"href":"https:\/\/sezona.lv\/en\/wp-json\/wp\/v2\/product_tag?post=80138"}],"curies":[{"name":"wp","href":"https:\/\/api.w.org\/{rel}","templated":true}]}}