{"id":80139,"date":"2025-07-14T15:51:37","date_gmt":"2025-07-14T12:51:37","guid":{"rendered":"https:\/\/demo8.ecube.lv\/sezona.lv\/products\/piepusama-laiva-aqua-storm-st280t\/"},"modified":"2025-07-14T15:51:37","modified_gmt":"2025-07-14T12:51:37","slug":"piepusama-laiva-aqua-storm-st280t","status":"publish","type":"product","link":"https:\/\/sezona.lv\/en\/products\/piepusama-laiva-aqua-storm-st280t\/","title":{"rendered":"Piep\u016b\u0161am\u0101 laiva Aqua-Storm ST280T"},"content":{"rendered":"<p>Augstas kvalit\u0101tes piep\u016b&scaron;am\u0101 laiva, kas ra\u017eota Ukrain\u0101.<\/p>\n<p>AQUA-STORM ST-T l\u012bnij\u0101 ietilpst airu laivas ar uzkarin\u0101mo transi. Tas \u013cauj laivu p\u0101rvietot ne tikai ar airiem, bet ar\u012b ar 3,4 ZS motoru. T\u0101 k\u0101 visi airu laivu ST-T mode\u013ci ir kompakti un viegli, tos ir viegli uzglab\u0101t un transport\u0113t. Pateicoties &scaron;iem faktiem, ST-T laivas ir ide\u0101la izv\u0113le \u016bdens atp\u016btai.<\/p>\n<p>ST280T modelis ir liel\u0101k\u0101 STORM ST-T l\u012bnijas laiva, kuras garums ir 280 cm. Pateicoties t\u0101s \u0113rtajiem izm\u0113riem un kravnes\u012bbai, k\u0101 ar\u012b standarta specifik\u0101cij\u0101m, laiva nodro&scaron;ina maksim\u0101lu komfortu uz kl\u0101ja. Savuk\u0101rt peldsp\u0113jas caurules konstrukcija nodro&scaron;ina dro&scaron;\u012bbu laivo&scaron;anas laik\u0101.<\/p>\n<p>Laiva ir iepakota ietilp\u012bg\u0101 som\u0101. Pamatkomplekt\u0101cij\u0101 ietilpst airi,&nbsp;cietais kl\u0101js,&nbsp;s\u016bknis, s\u0113dek\u013ci un remontkomplekts. Tie ir iepakoti atsevi&scaron;\u0137i.<\/p>\n<p>&Scaron;\u012b airu laiva ir apr\u012bkota ar saliekamiem herm\u0113tiskajiem airiem ar taisn\u0101m, &scaron;aur\u0101m l\u0101psti\u0146\u0101m galos.<\/p>\n<p class=\"MsoListParagraphCxSpLast\"><span lang=\"FR\"><br \/><\/span><\/p>\n<p><strong><strong>LAIVAS SPECIFIK\u0100CIJA:<\/strong><\/strong><\/p>\n<p>Garums: 280 cm<\/p>\n<p>Platums: 130 cm<\/p>\n<p>Bortu augstums: 34 cm<\/p>\n<p>Sekciju skaits: 2<\/p>\n<p>Lame\u013cu skaits: 3<\/p>\n<p>Maksim\u0101lais cilv\u0113ku skaits: 2<\/p>\n<p>Celtsp\u0113ja: 220 kg<\/p>\n<p>Laivas svars (pilna komplekt\u0101cija): 23.0 kg<\/p>\n<p>Dzin\u0113ja jauda: 3.4 zs<\/p>\n<p>Materi\u0101ls: PVC, 850 g\/m2<\/p>\n<p>Garantija: 5 gadi<\/p>\n<p>Komplekt\u0101 ietipst: Laiva,&nbsp;cietais kl\u0101js,&nbsp;soma, 2 airi, 2 s\u0113dek\u013ci, pumpis, remonta komplekts (iel\u0101pi un l\u012bme ar caurul\u012bti), CE sertifik\u0101ts.<\/p>\n<p>&nbsp;<\/p>\n","protected":false},"excerpt":{"rendered":"<p>Augstas kvalit\u0101tes piep\u016b&scaron;am\u0101 laiva, kas ra\u017eota Ukrain\u0101. AQUA-STORM ST-T l\u012bnij\u0101 ietilpst airu laivas ar uzkarin\u0101mo transi. Tas \u013cauj laivu p\u0101rvietot ne tikai ar airiem, bet ar\u012b ar 3,4 ZS motoru. T\u0101 k\u0101 visi airu laivu ST-T mode\u013ci ir kompakti un viegli, tos ir viegli uzglab\u0101t un transport\u0113t. Pateicoties &scaron;iem faktiem, ST-T laivas ir ide\u0101la izv\u0113le [&hellip;]<\/p>\n","protected":false},"featured_media":0,"template":"","meta":[],"product_brand":[],"product_cat":[4557,4578,4640,5055],"product_tag":[],"class_list":{"0":"post-80139","1":"product","2":"type-product","3":"status-publish","5":"product_cat-boats-recreation","6":"product_cat-inflatable-boats-boats-recreation","7":"product_cat-recreation","8":"product_cat-aqua-storm-inflatable-boats-boats-recreation","10":"first","11":"instock","12":"shipping-taxable","13":"purchasable","14":"product-type-simple"},"_links":{"self":[{"href":"https:\/\/sezona.lv\/en\/wp-json\/wp\/v2\/product\/80139","targetHints":{"allow":["GET"]}}],"collection":[{"href":"https:\/\/sezona.lv\/en\/wp-json\/wp\/v2\/product"}],"about":[{"href":"https:\/\/sezona.lv\/en\/wp-json\/wp\/v2\/types\/product"}],"wp:attachment":[{"href":"https:\/\/sezona.lv\/en\/wp-json\/wp\/v2\/media?parent=80139"}],"wp:term":[{"taxonomy":"product_brand","embeddable":true,"href":"https:\/\/sezona.lv\/en\/wp-json\/wp\/v2\/product_brand?post=80139"},{"taxonomy":"product_cat","embeddable":true,"href":"https:\/\/sezona.lv\/en\/wp-json\/wp\/v2\/product_cat?post=80139"},{"taxonomy":"product_tag","embeddable":true,"href":"https:\/\/sezona.lv\/en\/wp-json\/wp\/v2\/product_tag?post=80139"}],"curies":[{"name":"wp","href":"https:\/\/api.w.org\/{rel}","templated":true}]}}