{"id":80140,"date":"2025-07-14T15:51:38","date_gmt":"2025-07-14T12:51:38","guid":{"rendered":"https:\/\/demo8.ecube.lv\/sezona.lv\/products\/piepusama-laiva-aqua-storm-stm280\/"},"modified":"2025-07-14T15:51:38","modified_gmt":"2025-07-14T12:51:38","slug":"piepusama-laiva-aqua-storm-stm280","status":"publish","type":"product","link":"https:\/\/sezona.lv\/en\/products\/piepusama-laiva-aqua-storm-stm280\/","title":{"rendered":"Piep\u016b\u0161am\u0101 laiva Aqua-Storm STM280"},"content":{"rendered":"<p>Augstas kvalit\u0101tes piep\u016b&scaron;am\u0101 laiva, kas ra\u017eota Ukrain\u0101.<\/p>\n<p>AQUA-STORM STM l\u012bnijas laivas apvieno motorlaivu komfortu un airu laivu priek&scaron;roc\u012bbas. Katra laiva ir apr\u012bkota ar stacion\u0101ru &scaron;\u0137\u0113rssienu, un tai ir U-veida peldsp\u0113jas caurule, kas sadal\u012bta tr\u012bs herm\u0113tiskos nodal\u012bjumos. Taj\u0101 pa&scaron;\u0101 laik\u0101 STM l\u012bnijas motorlaivas ir kompaktas un vieglas k\u0101 airu laivas, un to standarta specifik\u0101cij\u0101 ir iek\u013cauti airi.<\/p>\n<p>STM280 modelis nodro&scaron;ina komfortablu un dro&scaron;u atp\u016btu t\u0101 \u012bpa&scaron;niekam. 280 cm. garums un 135 cm. platums \u013cauj diviem cilv\u0113kiem justies \u0113rti uz kl\u0101ja, un 250 kg kravnes\u012bba \u013cauj izvietot visas nepiecie&scaron;am\u0101s lietas un piederumus.<\/p>\n<p>Laiva ir iepakota ietilp\u012bg\u0101 som\u0101. Pamatkomplekt\u0101cij\u0101 ietilpst airi,&nbsp;cietais kl\u0101js,&nbsp;s\u016bknis, s\u0113dek\u013ci un remontkomplekts. Tie ir iepakoti atsevi&scaron;\u0137i.<\/p>\n<p>&Scaron;\u012b airu laiva ir apr\u012bkota ar saliekamiem herm\u0113tiskajiem airiem ar taisn\u0101m, &scaron;aur\u0101m l\u0101psti\u0146\u0101m galos.<\/p>\n<p class=\"MsoListParagraphCxSpLast\"><span lang=\"FR\"><br \/><\/span><\/p>\n<p><strong>LAIVAS SPECIFIK\u0100CIJA:<\/strong><\/p>\n<p>Garums: 280 cm<\/p>\n<p>Platums: 135 cm<\/p>\n<p>Bortu augstums: 36 cm<\/p>\n<p>Sekciju skaits: 3<\/p>\n<p>Lame\u013cu skaits: 3<\/p>\n<p>Maksim\u0101lais cilv\u0113ku skaits: 2<\/p>\n<p>Celtsp\u0113ja: 250 kg<\/p>\n<p>Laivas svars (pilna komplekt\u0101cija): 27.0 kg<\/p>\n<p>Dzin\u0113ja jauda: 5.0 zs<\/p>\n<p>Materi\u0101ls: PVC, 950 g\/m2<\/p>\n<p>Garantija: 5 gadi<\/p>\n<p>Komplekt\u0101 ietipst: Laiva,&nbsp;cietais kl\u0101js,&nbsp;soma, 2 airi, 2 s\u0113dek\u013ci, pumpis, remonta komplekts (iel\u0101pi un l\u012bme ar caurul\u012bti), CE sertifik\u0101ts.<\/p>\n<p>&nbsp;<\/p>\n","protected":false},"excerpt":{"rendered":"<p>Augstas kvalit\u0101tes piep\u016b&scaron;am\u0101 laiva, kas ra\u017eota Ukrain\u0101. AQUA-STORM STM l\u012bnijas laivas apvieno motorlaivu komfortu un airu laivu priek&scaron;roc\u012bbas. Katra laiva ir apr\u012bkota ar stacion\u0101ru &scaron;\u0137\u0113rssienu, un tai ir U-veida peldsp\u0113jas caurule, kas sadal\u012bta tr\u012bs herm\u0113tiskos nodal\u012bjumos. Taj\u0101 pa&scaron;\u0101 laik\u0101 STM l\u012bnijas motorlaivas ir kompaktas un vieglas k\u0101 airu laivas, un to standarta specifik\u0101cij\u0101 ir iek\u013cauti [&hellip;]<\/p>\n","protected":false},"featured_media":0,"template":"","meta":[],"product_brand":[],"product_cat":[4557,4578,4640,5055],"product_tag":[],"class_list":{"0":"post-80140","1":"product","2":"type-product","3":"status-publish","5":"product_cat-boats-recreation","6":"product_cat-inflatable-boats-boats-recreation","7":"product_cat-recreation","8":"product_cat-aqua-storm-inflatable-boats-boats-recreation","10":"first","11":"instock","12":"shipping-taxable","13":"purchasable","14":"product-type-simple"},"_links":{"self":[{"href":"https:\/\/sezona.lv\/en\/wp-json\/wp\/v2\/product\/80140","targetHints":{"allow":["GET"]}}],"collection":[{"href":"https:\/\/sezona.lv\/en\/wp-json\/wp\/v2\/product"}],"about":[{"href":"https:\/\/sezona.lv\/en\/wp-json\/wp\/v2\/types\/product"}],"wp:attachment":[{"href":"https:\/\/sezona.lv\/en\/wp-json\/wp\/v2\/media?parent=80140"}],"wp:term":[{"taxonomy":"product_brand","embeddable":true,"href":"https:\/\/sezona.lv\/en\/wp-json\/wp\/v2\/product_brand?post=80140"},{"taxonomy":"product_cat","embeddable":true,"href":"https:\/\/sezona.lv\/en\/wp-json\/wp\/v2\/product_cat?post=80140"},{"taxonomy":"product_tag","embeddable":true,"href":"https:\/\/sezona.lv\/en\/wp-json\/wp\/v2\/product_tag?post=80140"}],"curies":[{"name":"wp","href":"https:\/\/api.w.org\/{rel}","templated":true}]}}