{"id":80142,"date":"2025-07-14T15:51:40","date_gmt":"2025-07-14T12:51:40","guid":{"rendered":"https:\/\/demo8.ecube.lv\/sezona.lv\/products\/piepusama-laiva-aqua-storm-stk420\/"},"modified":"2025-07-14T15:51:40","modified_gmt":"2025-07-14T12:51:40","slug":"piepusama-laiva-aqua-storm-stk420","status":"publish","type":"product","link":"https:\/\/sezona.lv\/en\/products\/piepusama-laiva-aqua-storm-stk420\/","title":{"rendered":"Piep\u016b\u0161am\u0101 laiva Aqua-Storm STK420"},"content":{"rendered":"<p>Augstas kvalit\u0101tes piep\u016b&scaron;am\u0101 laiva, kas ra\u017eota Ukrain\u0101.<\/p>\n<p>\u0136\u012b\u013ca laivas AQUA-STORM no STK l\u012bnijas ir izgatavotas no augstas kvalit\u0101tes PVC auduma 1100 g\/m2 un sast\u0101v no herm\u0113tiskiem nodal\u012bjumiem ar piep\u016b&scaron;amu \u0137\u012bli. T\u0101s ir piem\u0113rotas liel\u0101m kravnes\u012bbas un pasa\u017eieru ietilp\u012bbas pras\u012bb\u0101m. STK420 modelis ne tikai nodro&scaron;ina komfortu, jo t\u0101 garums ir 420 cm, platums 187 cm un kravnes\u012bba 630 kg, bet ar\u012b dro&scaron;\u012bbu, jo t\u0101 piep\u016b&scaron;amais borts ir sadal\u012bts piecos herm\u0113tiskos nodal\u012bjumos.<\/p>\n<p>Vis\u0101m AQUA-STORM laiv\u0101m no STK l\u012bnijas ir labas peldsp\u0113jas, t\u0101s ir iztur\u012bgas pret vi\u013c\u0146o&scaron;anos, pateicoties piep\u016b&scaron;amo d\u0113\u013cu konstrukcijai, savuk\u0101rt \u0137\u012blis \u013cauj veikt pl\u0101no&scaron;anu un nodro&scaron;ina lielisku vad\u0101m\u012bbu un manevr\u0113tsp\u0113ju.<\/p>\n<p>Laiva ir iepakota ietilp\u012bg\u0101 som\u0101. Pamatkomplekt\u0101cij\u0101 ietilpst airi,&nbsp;cietais kl\u0101js,&nbsp;s\u016bknis, b\u012bd\u0101mie s\u0113dek\u013ci un remontkomplekts. Tie ir iepakoti atsevi&scaron;\u0137i.<\/p>\n<p>&Scaron;\u012b airu laiva ir apr\u012bkota ar saliekamiem herm\u0113tiskajiem airiem ar taisn\u0101m, &scaron;aur\u0101m l\u0101psti\u0146\u0101m galos.<\/p>\n<p class=\"MsoListParagraphCxSpLast\"><span lang=\"FR\"><br \/><\/span><\/p>\n<p><strong><strong>LAIVAS SPECIFIK\u0100CIJA:<\/strong><\/strong><\/p>\n<p>Garums: 420 cm<\/p>\n<p>Platums: 187 cm<\/p>\n<p>Bortu augstums: 50 cm<\/p>\n<p>Sekciju skaits: 5+1<\/p>\n<p>Lame\u013cu skaits: cietais kl\u0101js<\/p>\n<p>Maksim\u0101lais cilv\u0113ku skaits: 4<\/p>\n<p>Celtsp\u0113ja: 630 kg<\/p>\n<p>Laivas svars (pilna komplekt\u0101cija): 80.0 kg<\/p>\n<p>Dzin\u0113ja jauda: 25.0 zs<\/p>\n<p>Materi\u0101ls: PVC, 1100 g\/m2<\/p>\n<p>Garantija: 5 gadi<\/p>\n<p>Komplekt\u0101 ietipst: Laiva,&nbsp;cietais kl\u0101js,&nbsp;soma, 2 airi, 2 s\u0113dek\u013ci, pumpis, remonta komplekts (iel\u0101pi un l\u012bme ar caurul\u012bti), CE sertifik\u0101ts.<\/p>\n","protected":false},"excerpt":{"rendered":"<p>Augstas kvalit\u0101tes piep\u016b&scaron;am\u0101 laiva, kas ra\u017eota Ukrain\u0101. \u0136\u012b\u013ca laivas AQUA-STORM no STK l\u012bnijas ir izgatavotas no augstas kvalit\u0101tes PVC auduma 1100 g\/m2 un sast\u0101v no herm\u0113tiskiem nodal\u012bjumiem ar piep\u016b&scaron;amu \u0137\u012bli. T\u0101s ir piem\u0113rotas liel\u0101m kravnes\u012bbas un pasa\u017eieru ietilp\u012bbas pras\u012bb\u0101m. STK420 modelis ne tikai nodro&scaron;ina komfortu, jo t\u0101 garums ir 420 cm, platums 187 cm un [&hellip;]<\/p>\n","protected":false},"featured_media":0,"template":"","meta":[],"product_brand":[],"product_cat":[4557,4578,4640,5055],"product_tag":[],"class_list":{"0":"post-80142","1":"product","2":"type-product","3":"status-publish","5":"product_cat-boats-recreation","6":"product_cat-inflatable-boats-boats-recreation","7":"product_cat-recreation","8":"product_cat-aqua-storm-inflatable-boats-boats-recreation","10":"first","11":"instock","12":"shipping-taxable","13":"purchasable","14":"product-type-simple"},"_links":{"self":[{"href":"https:\/\/sezona.lv\/en\/wp-json\/wp\/v2\/product\/80142","targetHints":{"allow":["GET"]}}],"collection":[{"href":"https:\/\/sezona.lv\/en\/wp-json\/wp\/v2\/product"}],"about":[{"href":"https:\/\/sezona.lv\/en\/wp-json\/wp\/v2\/types\/product"}],"wp:attachment":[{"href":"https:\/\/sezona.lv\/en\/wp-json\/wp\/v2\/media?parent=80142"}],"wp:term":[{"taxonomy":"product_brand","embeddable":true,"href":"https:\/\/sezona.lv\/en\/wp-json\/wp\/v2\/product_brand?post=80142"},{"taxonomy":"product_cat","embeddable":true,"href":"https:\/\/sezona.lv\/en\/wp-json\/wp\/v2\/product_cat?post=80142"},{"taxonomy":"product_tag","embeddable":true,"href":"https:\/\/sezona.lv\/en\/wp-json\/wp\/v2\/product_tag?post=80142"}],"curies":[{"name":"wp","href":"https:\/\/api.w.org\/{rel}","templated":true}]}}