{"id":80144,"date":"2025-07-11T17:21:38","date_gmt":"2025-07-11T14:21:38","guid":{"rendered":"https:\/\/demo8.ecube.lv\/sezona.lv\/products\/salming-campus-900-goalcage-foaldable-multifunkcionalie-florbola-hokeja-varti\/"},"modified":"2025-07-14T15:51:41","modified_gmt":"2025-07-14T12:51:41","slug":"salming-campus-900-goalcage-foaldable-multifunkcionalie-florbola-hokeja-varti","status":"publish","type":"product","link":"https:\/\/sezona.lv\/en\/products\/salming-campus-900-goalcage-foaldable-multifunkcionalie-florbola-hokeja-varti\/","title":{"rendered":"Salming Campus 900 Goalcage Foaldable multifunkcion\u0101lie florbola-hokeja v\u0101rti"},"content":{"rendered":"<p>Firma Salming dibin\u0101ta 90 gadu s\u0101kum\u0101. T\u0101s dibinat\u0101js ir pasaule slaven\u0101kais zviedru hokejists Bj\u0113re Salming. P\u0113c veiksm\u012bgi pabeigt\u0101s karjeras, tas nodibina savu uz\u0146\u0113mumu, kas veiksmigi att\u012bst\u0101s joproj\u0101m. Tiek palaista hokeja l\u012bnija, stil\u012bgas apak&scaron;ve\u013cas kolekcijas un floorbola novirziens. Pieliekot p\u016bles un sp\u0113kus, bizness rit veiksm\u012bgi. Hokeja n\u016bjas un cimdi ir veiksm\u012bgi start\u0113ju&scaron;i NHL un augstak\u0101s l\u012bgas komand\u0101s. \u013boti spec\u012bgs ir palicis florbols. Produkcija ir nost\u0101jusies viena l\u012bmen\u012b ar Zona, Fat Pipe, Exel, Canadiens un c.<\/p>\n<p><strong><strong>Specifik\u0101cija<\/strong><\/strong><br \/>* V\u0101rtu aizmugur\u0113j\u0101 da\u013ca ir salok\u0101ma.<br \/>* Iztur\u012bgas konstrukcijas t\u0113rauda karkass.<br \/>* V\u0101rtiem komplekt\u0101 n\u0101k t\u012bkls.<\/p>\n<p><strong><strong>Izm\u0113rs\/Kr\u0101sa<\/strong><\/strong><br \/>* V\u0101rtu izm\u0113rs: P90cm x D38cm x A60cm.<br \/>* Kr\u0101sa: gai&scaron;i za\u013ca.<\/p>\n","protected":false},"excerpt":{"rendered":"<p>Firma Salming dibin\u0101ta 90 gadu s\u0101kum\u0101. T\u0101s dibinat\u0101js ir pasaule slaven\u0101kais zviedru hokejists Bj\u0113re Salming. P\u0113c veiksm\u012bgi pabeigt\u0101s karjeras, tas nodibina savu uz\u0146\u0113mumu, kas veiksmigi att\u012bst\u0101s joproj\u0101m. Tiek palaista hokeja l\u012bnija, stil\u012bgas apak&scaron;ve\u013cas kolekcijas un floorbola novirziens. Pieliekot p\u016bles un sp\u0113kus, bizness rit veiksm\u012bgi. Hokeja n\u016bjas un cimdi ir veiksm\u012bgi start\u0113ju&scaron;i NHL un augstak\u0101s l\u012bgas [&hellip;]<\/p>\n","protected":false},"featured_media":74877,"template":"","meta":[],"product_brand":[912],"product_cat":[4602,4633,4643],"product_tag":[],"class_list":{"0":"post-80144","1":"product","2":"type-product","3":"status-publish","4":"has-post-thumbnail","6":"product_brand-salming","7":"product_cat-summer-sports-sports","8":"product_cat-floorball-summer-sports-sports","9":"product_cat-floorball-accessories-floorball-summer-sports-sports","11":"first","12":"instock","13":"shipping-taxable","14":"purchasable","15":"product-type-simple"},"_links":{"self":[{"href":"https:\/\/sezona.lv\/en\/wp-json\/wp\/v2\/product\/80144","targetHints":{"allow":["GET"]}}],"collection":[{"href":"https:\/\/sezona.lv\/en\/wp-json\/wp\/v2\/product"}],"about":[{"href":"https:\/\/sezona.lv\/en\/wp-json\/wp\/v2\/types\/product"}],"wp:featuredmedia":[{"embeddable":true,"href":"https:\/\/sezona.lv\/en\/wp-json\/wp\/v2\/media\/74877"}],"wp:attachment":[{"href":"https:\/\/sezona.lv\/en\/wp-json\/wp\/v2\/media?parent=80144"}],"wp:term":[{"taxonomy":"product_brand","embeddable":true,"href":"https:\/\/sezona.lv\/en\/wp-json\/wp\/v2\/product_brand?post=80144"},{"taxonomy":"product_cat","embeddable":true,"href":"https:\/\/sezona.lv\/en\/wp-json\/wp\/v2\/product_cat?post=80144"},{"taxonomy":"product_tag","embeddable":true,"href":"https:\/\/sezona.lv\/en\/wp-json\/wp\/v2\/product_tag?post=80144"}],"curies":[{"name":"wp","href":"https:\/\/api.w.org\/{rel}","templated":true}]}}