{"id":80145,"date":"2025-07-14T15:51:43","date_gmt":"2025-07-14T12:51:43","guid":{"rendered":"https:\/\/demo8.ecube.lv\/sezona.lv\/products\/coleman-c500-gazes-balons-ar-vitni-440g\/"},"modified":"2025-07-14T15:51:43","modified_gmt":"2025-07-14T12:51:43","slug":"coleman-c500-gazes-balons-ar-vitni-440g","status":"publish","type":"product","link":"https:\/\/sezona.lv\/en\/products\/coleman-c500-gazes-balons-ar-vitni-440g\/","title":{"rendered":"Coleman C500 G\u0101zes balons ar v\u012btni 440g"},"content":{"rendered":"<div class=\"rte\">\n<div class=\"rte\">\n<div class=\"rte\">\n<p>Coleman C500 G\u0101zes balons ar v\u012btni 440g<\/p>\n<ul>\n<li>Pa&scaron;aizv\u0113ro&scaron;s v\u0101rsts<\/li>\n<li>Satur prop\u0101na \/ but\u0101na mais\u012bjumu.<\/li>\n<li>G\u0101zes daudzums &#8211; 445 g.&nbsp;<\/li>\n<li>V\u012btnes tips<\/li>\n<\/ul>\n<\/div>\n<p>&nbsp;<\/p>\n<\/div>\n<\/div>\n","protected":false},"excerpt":{"rendered":"<p>Coleman C500 G\u0101zes balons ar v\u012btni 440g Pa&scaron;aizv\u0113ro&scaron;s v\u0101rsts Satur prop\u0101na \/ but\u0101na mais\u012bjumu. G\u0101zes daudzums &#8211; 445 g.&nbsp; V\u012btnes tips &nbsp;<\/p>\n","protected":false},"featured_media":0,"template":"","meta":[],"product_brand":[3381],"product_cat":[4558,4640,4720,4729],"product_tag":[],"class_list":{"0":"post-80145","1":"product","2":"type-product","3":"status-publish","5":"product_brand-coleman","6":"product_cat-for-tourism-recreation","7":"product_cat-recreation","8":"product_cat-gas-stoves-burners-lanterns-heaters-for-tourism-recreation","9":"product_cat-gas-dry-fuel-gas-stoves-burners-lanterns-heaters-for-tourism-recreation","11":"first","12":"instock","13":"shipping-taxable","14":"purchasable","15":"product-type-simple"},"_links":{"self":[{"href":"https:\/\/sezona.lv\/en\/wp-json\/wp\/v2\/product\/80145","targetHints":{"allow":["GET"]}}],"collection":[{"href":"https:\/\/sezona.lv\/en\/wp-json\/wp\/v2\/product"}],"about":[{"href":"https:\/\/sezona.lv\/en\/wp-json\/wp\/v2\/types\/product"}],"wp:attachment":[{"href":"https:\/\/sezona.lv\/en\/wp-json\/wp\/v2\/media?parent=80145"}],"wp:term":[{"taxonomy":"product_brand","embeddable":true,"href":"https:\/\/sezona.lv\/en\/wp-json\/wp\/v2\/product_brand?post=80145"},{"taxonomy":"product_cat","embeddable":true,"href":"https:\/\/sezona.lv\/en\/wp-json\/wp\/v2\/product_cat?post=80145"},{"taxonomy":"product_tag","embeddable":true,"href":"https:\/\/sezona.lv\/en\/wp-json\/wp\/v2\/product_tag?post=80145"}],"curies":[{"name":"wp","href":"https:\/\/api.w.org\/{rel}","templated":true}]}}