{"id":80146,"date":"2025-07-14T15:51:43","date_gmt":"2025-07-14T12:51:43","guid":{"rendered":"https:\/\/demo8.ecube.lv\/sezona.lv\/products\/coleman-c300-gazes-balons-ar-vitni-240g\/"},"modified":"2025-07-14T15:51:43","modified_gmt":"2025-07-14T12:51:43","slug":"coleman-c300-gazes-balons-ar-vitni-240g","status":"publish","type":"product","link":"https:\/\/sezona.lv\/en\/products\/coleman-c300-gazes-balons-ar-vitni-240g\/","title":{"rendered":"Coleman C300 G\u0101zes balons ar v\u012btni 240g"},"content":{"rendered":"<div class=\"rte\">\n<div class=\"rte\">\n<div class=\"rte\">\n<p>Piem\u0113rots vis\u0101m Coleman ier\u012bc\u0113m, izmantojot pieskr\u016bv\u0113jamus g\u0101zes balonus ar v\u0101rstiem. Pa&scaron;aizvero&scaron;\u0101 v\u0101rsta augst\u0101s dro&scaron;\u012bbas d\u0113\u013c, atvienojot g\u0101ze neiztvaiko, t\u0101p\u0113c dozatoru var izmantot ar vair\u0101k\u0101m ier\u012bc\u0113m un \u0113rti ievietot mugursom\u0101.&nbsp; Balons satur 240 g prop\u0101na\/but\u0101na g\u0101zes mais\u012bjuma.&nbsp;Vienreizlietojamais balons, kuru izlietojot, nevar uzpild\u012bt.<\/p>\n<ul>\n<li>izm\u0113ri:&nbsp;&nbsp;&Oslash; 90&nbsp;x 105&nbsp;mm<\/li>\n<li>kop\u0113jais svars: 361 g<\/li>\n<li>g\u0101zes svars: 240 g<\/li>\n<li>ES standarts: EN417<\/li>\n<\/ul>\n<p><em>Coleman Performance C300 deg&scaron;anas laiks:<\/em><\/p>\n<ul>\n<li>ar Coleman<span>&nbsp;FyreLite Start<\/span>&nbsp;&#8211;&nbsp; 1 h 4 min.<\/li>\n<li>ar Coleman<span>&nbsp;FyrePower Alpine<\/span>&nbsp;&#8211; 53 min<span>.<\/span><\/li>\n<li>ar Coleman&nbsp;<span>FyrePower &nbsp;&#8211;<\/span>&nbsp;29 min.<\/li>\n<\/ul>\n<\/div>\n<\/div>\n<\/div>\n","protected":false},"excerpt":{"rendered":"<p>Piem\u0113rots vis\u0101m Coleman ier\u012bc\u0113m, izmantojot pieskr\u016bv\u0113jamus g\u0101zes balonus ar v\u0101rstiem. Pa&scaron;aizvero&scaron;\u0101 v\u0101rsta augst\u0101s dro&scaron;\u012bbas d\u0113\u013c, atvienojot g\u0101ze neiztvaiko, t\u0101p\u0113c dozatoru var izmantot ar vair\u0101k\u0101m ier\u012bc\u0113m un \u0113rti ievietot mugursom\u0101.&nbsp; Balons satur 240 g prop\u0101na\/but\u0101na g\u0101zes mais\u012bjuma.&nbsp;Vienreizlietojamais balons, kuru izlietojot, nevar uzpild\u012bt. izm\u0113ri:&nbsp;&nbsp;&Oslash; 90&nbsp;x 105&nbsp;mm kop\u0113jais svars: 361 g g\u0101zes svars: 240 g ES standarts: EN417 [&hellip;]<\/p>\n","protected":false},"featured_media":0,"template":"","meta":[],"product_brand":[3381],"product_cat":[4558,4640,4720,4729],"product_tag":[],"class_list":{"0":"post-80146","1":"product","2":"type-product","3":"status-publish","5":"product_brand-coleman","6":"product_cat-for-tourism-recreation","7":"product_cat-recreation","8":"product_cat-gas-stoves-burners-lanterns-heaters-for-tourism-recreation","9":"product_cat-gas-dry-fuel-gas-stoves-burners-lanterns-heaters-for-tourism-recreation","11":"first","12":"instock","13":"shipping-taxable","14":"purchasable","15":"product-type-simple"},"_links":{"self":[{"href":"https:\/\/sezona.lv\/en\/wp-json\/wp\/v2\/product\/80146","targetHints":{"allow":["GET"]}}],"collection":[{"href":"https:\/\/sezona.lv\/en\/wp-json\/wp\/v2\/product"}],"about":[{"href":"https:\/\/sezona.lv\/en\/wp-json\/wp\/v2\/types\/product"}],"wp:attachment":[{"href":"https:\/\/sezona.lv\/en\/wp-json\/wp\/v2\/media?parent=80146"}],"wp:term":[{"taxonomy":"product_brand","embeddable":true,"href":"https:\/\/sezona.lv\/en\/wp-json\/wp\/v2\/product_brand?post=80146"},{"taxonomy":"product_cat","embeddable":true,"href":"https:\/\/sezona.lv\/en\/wp-json\/wp\/v2\/product_cat?post=80146"},{"taxonomy":"product_tag","embeddable":true,"href":"https:\/\/sezona.lv\/en\/wp-json\/wp\/v2\/product_tag?post=80146"}],"curies":[{"name":"wp","href":"https:\/\/api.w.org\/{rel}","templated":true}]}}