{"id":80148,"date":"2025-07-14T15:51:45","date_gmt":"2025-07-14T12:51:45","guid":{"rendered":"https:\/\/demo8.ecube.lv\/sezona.lv\/products\/coleman-xtreme-c100-gazes-balons-ar-vitni-100g\/"},"modified":"2025-07-14T15:51:45","modified_gmt":"2025-07-14T12:51:45","slug":"coleman-xtreme-c100-gazes-balons-ar-vitni-100g","status":"publish","type":"product","link":"https:\/\/sezona.lv\/en\/products\/coleman-xtreme-c100-gazes-balons-ar-vitni-100g\/","title":{"rendered":"Coleman Xtreme C100 G\u0101zes balons ar v\u012btni 100g"},"content":{"rendered":"<div class=\"rte\">\n<div class=\"rte\">\n<div class=\"rte\">\n<p>Viegl\u0101kais Coleman g\u0101zes padeves l\u012bdzeklis paredz\u0113ts ce\u013cot\u0101jiem un p\u0101rg\u0101jienu cien\u012bt\u0101jiem. Speci\u0101ls 100 g but\u0101na\/prop\u0101na mais\u012bjums nodro&scaron;ina stabilu deg&scaron;anu l\u012bdz -27 &deg; C*.&nbsp;Piem\u0113rots vis\u0101m Coleman ier\u012bc\u0113m, izmantojot pieskr\u016bv\u0113jamus g\u0101zes balonus ar v\u0101rstiem. Pa&scaron;aizvero&scaron;\u0101 v\u0101rsta augst\u0101s dro&scaron;\u012bbas d\u0113\u013c, atvienojot g\u0101ze neiztvaiko, t\u0101p\u0113c dozatoru var izmantot ar vair\u0101k\u0101m ier\u012bc\u0113m un \u0113rti ievietot mugursom\u0101.&nbsp;Vienreizlietojamais balons, kuru izlietojot, nevar uzpild\u012bt.<\/p>\n<ul>\n<li>izm\u0113ri:&nbsp;&nbsp;&Oslash; 90&nbsp;x 70 mm<\/li>\n<li>kop\u0113jais svars: 190&nbsp;g<\/li>\n<li>g\u0101zes svars: 100&nbsp;g<\/li>\n<li>ES standarts: EN417<\/li>\n<\/ul>\n<p>Coleman Xtreme&nbsp;C100 deg&scaron;anas laiks:<\/p>\n<ul>\n<li>ar Coleman<span>&nbsp;FyreLite Start<\/span>&nbsp;&#8211;&nbsp; 26&nbsp;min.<\/li>\n<li>ar Coleman<span>&nbsp;FyrePower Alpine<\/span>&nbsp;&#8211; 22&nbsp;min<span>.<\/span><\/li>\n<li>ar Coleman&nbsp;<span>FyrePower &nbsp;&#8211;<\/span>&nbsp;12&nbsp;min.<\/li>\n<\/ul>\n<p>&nbsp;* g\u0101zes iztvaiko&scaron;anas robe\u017eas temperat\u016bra &#8211; teor\u0113tiski apr\u0113\u0137in\u0101ta pie pilna balona; faktiskie iestat\u012bjumi ir atkar\u012bgi no izmantot\u0101s ier\u012bces.<\/p>\n<ul>\n<\/ul>\n<ul>\n<\/ul>\n<\/div>\n<\/div>\n<\/div>\n","protected":false},"excerpt":{"rendered":"<p>Viegl\u0101kais Coleman g\u0101zes padeves l\u012bdzeklis paredz\u0113ts ce\u013cot\u0101jiem un p\u0101rg\u0101jienu cien\u012bt\u0101jiem. Speci\u0101ls 100 g but\u0101na\/prop\u0101na mais\u012bjums nodro&scaron;ina stabilu deg&scaron;anu l\u012bdz -27 &deg; C*.&nbsp;Piem\u0113rots vis\u0101m Coleman ier\u012bc\u0113m, izmantojot pieskr\u016bv\u0113jamus g\u0101zes balonus ar v\u0101rstiem. Pa&scaron;aizvero&scaron;\u0101 v\u0101rsta augst\u0101s dro&scaron;\u012bbas d\u0113\u013c, atvienojot g\u0101ze neiztvaiko, t\u0101p\u0113c dozatoru var izmantot ar vair\u0101k\u0101m ier\u012bc\u0113m un \u0113rti ievietot mugursom\u0101.&nbsp;Vienreizlietojamais balons, kuru izlietojot, nevar uzpild\u012bt. [&hellip;]<\/p>\n","protected":false},"featured_media":0,"template":"","meta":[],"product_brand":[3381],"product_cat":[4558,4640,4720,4729],"product_tag":[],"class_list":{"0":"post-80148","1":"product","2":"type-product","3":"status-publish","5":"product_brand-coleman","6":"product_cat-for-tourism-recreation","7":"product_cat-recreation","8":"product_cat-gas-stoves-burners-lanterns-heaters-for-tourism-recreation","9":"product_cat-gas-dry-fuel-gas-stoves-burners-lanterns-heaters-for-tourism-recreation","11":"first","12":"instock","13":"shipping-taxable","14":"purchasable","15":"product-type-simple"},"_links":{"self":[{"href":"https:\/\/sezona.lv\/en\/wp-json\/wp\/v2\/product\/80148","targetHints":{"allow":["GET"]}}],"collection":[{"href":"https:\/\/sezona.lv\/en\/wp-json\/wp\/v2\/product"}],"about":[{"href":"https:\/\/sezona.lv\/en\/wp-json\/wp\/v2\/types\/product"}],"wp:attachment":[{"href":"https:\/\/sezona.lv\/en\/wp-json\/wp\/v2\/media?parent=80148"}],"wp:term":[{"taxonomy":"product_brand","embeddable":true,"href":"https:\/\/sezona.lv\/en\/wp-json\/wp\/v2\/product_brand?post=80148"},{"taxonomy":"product_cat","embeddable":true,"href":"https:\/\/sezona.lv\/en\/wp-json\/wp\/v2\/product_cat?post=80148"},{"taxonomy":"product_tag","embeddable":true,"href":"https:\/\/sezona.lv\/en\/wp-json\/wp\/v2\/product_tag?post=80148"}],"curies":[{"name":"wp","href":"https:\/\/api.w.org\/{rel}","templated":true}]}}