{"id":80150,"date":"2025-07-14T15:51:47","date_gmt":"2025-07-14T12:51:47","guid":{"rendered":"https:\/\/demo8.ecube.lv\/sezona.lv\/products\/saulesbrilles-savage-gear-1\/"},"modified":"2025-07-14T15:51:47","modified_gmt":"2025-07-14T12:51:47","slug":"saulesbrilles-savage-gear-1","status":"publish","type":"product","link":"https:\/\/sezona.lv\/en\/products\/saulesbrilles-savage-gear-1\/","title":{"rendered":"Saulesbrilles Savage Gear 1"},"content":{"rendered":"<p>Stil\u012bgs dizains ar liel\u0101m l\u0113c\u0101m ide\u0101lai redzei un komfortam. TPE m\u012bksts r\u0101mis, gumijas uzga\u013ci, TAC polariz\u0113ta l\u0113ca, UV400 aizsardz\u012bba.<\/p>\n<p>&#8211; Polariz\u0113tas TAC l\u0113cas;<\/p>\n<p>&#8211; UV400 aizsardz\u012bba;<\/p>\n<p>&#8211; PE m\u012bksts r\u0101mis ar gumijas spilventi\u0146u;<\/p>\n<p>&#8211; Luksusa aizsargv\u0101ci\u0146&scaron; p\u0101rn\u0113s\u0101&scaron;anai;<\/p>\n<p>&#8211; Mikro&scaron;\u0137iedras dr\u0101ni\u0146a komplekt\u0101<\/p>\n","protected":false},"excerpt":{"rendered":"<p>Stil\u012bgs dizains ar liel\u0101m l\u0113c\u0101m ide\u0101lai redzei un komfortam. TPE m\u012bksts r\u0101mis, gumijas uzga\u013ci, TAC polariz\u0113ta l\u0113ca, UV400 aizsardz\u012bba. &#8211; Polariz\u0113tas TAC l\u0113cas; &#8211; UV400 aizsardz\u012bba; &#8211; PE m\u012bksts r\u0101mis ar gumijas spilventi\u0146u; &#8211; Luksusa aizsargv\u0101ci\u0146&scaron; p\u0101rn\u0113s\u0101&scaron;anai; &#8211; Mikro&scaron;\u0137iedras dr\u0101ni\u0146a komplekt\u0101<\/p>\n","protected":false},"featured_media":0,"template":"","meta":[],"product_brand":[],"product_cat":[4538,4640,4781],"product_tag":[],"class_list":{"0":"post-80150","1":"product","2":"type-product","3":"status-publish","5":"product_cat-fishing-equipment-recreation","6":"product_cat-recreation","7":"product_cat-polarizing-glasses-fishing-equipment-recreation","9":"first","10":"instock","11":"shipping-taxable","12":"purchasable","13":"product-type-simple"},"_links":{"self":[{"href":"https:\/\/sezona.lv\/en\/wp-json\/wp\/v2\/product\/80150","targetHints":{"allow":["GET"]}}],"collection":[{"href":"https:\/\/sezona.lv\/en\/wp-json\/wp\/v2\/product"}],"about":[{"href":"https:\/\/sezona.lv\/en\/wp-json\/wp\/v2\/types\/product"}],"wp:attachment":[{"href":"https:\/\/sezona.lv\/en\/wp-json\/wp\/v2\/media?parent=80150"}],"wp:term":[{"taxonomy":"product_brand","embeddable":true,"href":"https:\/\/sezona.lv\/en\/wp-json\/wp\/v2\/product_brand?post=80150"},{"taxonomy":"product_cat","embeddable":true,"href":"https:\/\/sezona.lv\/en\/wp-json\/wp\/v2\/product_cat?post=80150"},{"taxonomy":"product_tag","embeddable":true,"href":"https:\/\/sezona.lv\/en\/wp-json\/wp\/v2\/product_tag?post=80150"}],"curies":[{"name":"wp","href":"https:\/\/api.w.org\/{rel}","templated":true}]}}