{"id":80152,"date":"2025-07-14T15:51:49","date_gmt":"2025-07-14T12:51:49","guid":{"rendered":"https:\/\/demo8.ecube.lv\/sezona.lv\/products\/lietus-kostims-divdaligs-norfin-thunder\/"},"modified":"2025-07-14T15:51:49","modified_gmt":"2025-07-14T12:51:49","slug":"lietus-kostims-divdaligs-norfin-thunder","status":"publish","type":"product","link":"https:\/\/sezona.lv\/en\/products\/lietus-kostims-divdaligs-norfin-thunder\/","title":{"rendered":"Lietus kost\u012bms divda\u013c\u012bgs Norfin THUNDER"},"content":{"rendered":"<p><span>Kompakts un viegls divda\u013c\u012bgs lietus kost\u012bms, izgatavots no elpojo&scaron;a un iztur\u012bga membr\u0101nas materi\u0101la NOR-TEX Breathable.<\/span><\/p>\n<dl>\n<dt>JAKA:<\/dt>\n<li>Viegls un \u0113rts materi\u0101ls<\/li>\n<li>Mitrumiztur\u012bgs r\u0101v\u0113jsl\u0113dz\u0113js ar atloku<\/li>\n<li>Savelkama jakas apak&scaron;da\u013ca<\/li>\n<li>Divas s\u0101nu kabatas<\/li>\n<li>Regul\u0113jama kapuce<\/li>\n<li>Nol\u012bm\u0113tas &scaron;uves<\/li>\n<li>Atstarojo&scaron;ie elementi<\/li>\n<\/dl>\n<dt>BIKSES:<\/dt>\n<li>Divas s\u0101nu kabatas<\/li>\n<li>Elast\u012bga jostas vieta<\/li>\n<li>\u0112rta piegrieztne\n<dl>\n<dt>MATERI\u0100LS:<\/dt>\n<li>NORTEX BREATHABLE<\/li>\n<li>Mitrumiztur\u012bba: 8 000 mm<\/li>\n<li>Elpotsp\u0113ja: 4 000 g\/m&sup2;\/24h<\/li>\n<\/dl>\n<\/li>\n","protected":false},"excerpt":{"rendered":"<p>Kompakts un viegls divda\u013c\u012bgs lietus kost\u012bms, izgatavots no elpojo&scaron;a un iztur\u012bga membr\u0101nas materi\u0101la NOR-TEX Breathable. JAKA: Viegls un \u0113rts materi\u0101ls Mitrumiztur\u012bgs r\u0101v\u0113jsl\u0113dz\u0113js ar atloku Savelkama jakas apak&scaron;da\u013ca Divas s\u0101nu kabatas Regul\u0113jama kapuce Nol\u012bm\u0113tas &scaron;uves Atstarojo&scaron;ie elementi BIKSES: Divas s\u0101nu kabatas Elast\u012bga jostas vieta \u0112rta piegrieztne MATERI\u0100LS: NORTEX BREATHABLE Mitrumiztur\u012bba: 8 000 mm Elpotsp\u0113ja: 4 000 [&hellip;]<\/p>\n","protected":false},"featured_media":0,"template":"","meta":[],"product_brand":[899],"product_cat":[4538,4559,4560,4640],"product_tag":[],"class_list":{"0":"post-80152","1":"product","2":"type-product","3":"status-publish","5":"product_brand-norfin","6":"product_cat-fishing-equipment-recreation","7":"product_cat-equipment-fishing-equipment-recreation","8":"product_cat-clothes-equipment-fishing-equipment-recreation","9":"product_cat-recreation","11":"first","12":"instock","13":"shipping-taxable","14":"purchasable","15":"product-type-simple"},"_links":{"self":[{"href":"https:\/\/sezona.lv\/en\/wp-json\/wp\/v2\/product\/80152","targetHints":{"allow":["GET"]}}],"collection":[{"href":"https:\/\/sezona.lv\/en\/wp-json\/wp\/v2\/product"}],"about":[{"href":"https:\/\/sezona.lv\/en\/wp-json\/wp\/v2\/types\/product"}],"wp:attachment":[{"href":"https:\/\/sezona.lv\/en\/wp-json\/wp\/v2\/media?parent=80152"}],"wp:term":[{"taxonomy":"product_brand","embeddable":true,"href":"https:\/\/sezona.lv\/en\/wp-json\/wp\/v2\/product_brand?post=80152"},{"taxonomy":"product_cat","embeddable":true,"href":"https:\/\/sezona.lv\/en\/wp-json\/wp\/v2\/product_cat?post=80152"},{"taxonomy":"product_tag","embeddable":true,"href":"https:\/\/sezona.lv\/en\/wp-json\/wp\/v2\/product_tag?post=80152"}],"curies":[{"name":"wp","href":"https:\/\/api.w.org\/{rel}","templated":true}]}}