{"id":80153,"date":"2025-07-11T17:21:49","date_gmt":"2025-07-11T14:21:49","guid":{"rendered":"https:\/\/demo8.ecube.lv\/sezona.lv\/products\/wildo-fireflash-pro-large-krams\/"},"modified":"2025-07-14T15:51:50","modified_gmt":"2025-07-14T12:51:50","slug":"wildo-fireflash-pro-large-krams","status":"publish","type":"product","link":"https:\/\/sezona.lv\/en\/products\/wildo-fireflash-pro-large-krams\/","title":{"rendered":"Wildo FireFlash Pro Large krams"},"content":{"rendered":"<div>Wildo&reg; FireFlash&reg; Pro ir vieni no lab\u0101kajiem kramiem tirg\u016b ar savu kvalit\u0101ti. Izgatavoti Zviedrij\u0101, efekt\u012bvi un uzticami.<br \/>Rokturis ir ergonomisks, izgatavots no plastmasas un viegli lietojams. Komplekt\u0101 ar met\u0101la dzirkste\u013cot\u0101ju, kas ir bieza met\u0101la pl\u0101ksn\u012bte ar \u012bpa&scaron;i noasin\u0101tu malu, lai ieg\u016btu maksim\u0101li daudz dzirkste\u013cu, kas piesiets pie krama ar pietiekami garu auklu, lai var to izmantot.<\/div>\n<div class=\"product-features\">\n<h2 class=\"no-margin text-uppercase m-spacer m-spacer--xs-5 h3\">\u012aPA&Scaron;\u012aBAS<\/h2>\n<ul>\n<li>Ergonomiski rokturi gan kramam, gan dzirkste\u013cot\u0101jam<\/li>\n<li>Komplekt\u0101 ar dzirkste\u013cot\u0101ju<\/li>\n<li>Krama lielums: 6,20 x 0.86 cm \/ 2,44 x 0.34 in<\/li>\n<li>Krama svars: Large &#8211; 51 g<\/li>\n<li>Materi\u0101ls Ferrocerium<\/li>\n<\/ul>\n<p>Izgatavots Zviedrij\u0101.<\/p><\/div>\n","protected":false},"excerpt":{"rendered":"<p>Wildo&reg; FireFlash&reg; Pro ir vieni no lab\u0101kajiem kramiem tirg\u016b ar savu kvalit\u0101ti. Izgatavoti Zviedrij\u0101, efekt\u012bvi un uzticami.Rokturis ir ergonomisks, izgatavots no plastmasas un viegli lietojams. Komplekt\u0101 ar met\u0101la dzirkste\u013cot\u0101ju, kas ir bieza met\u0101la pl\u0101ksn\u012bte ar \u012bpa&scaron;i noasin\u0101tu malu, lai ieg\u016btu maksim\u0101li daudz dzirkste\u013cu, kas piesiets pie krama ar pietiekami garu auklu, lai var to izmantot. [&hellip;]<\/p>\n","protected":false},"featured_media":74895,"template":"","meta":[],"product_brand":[3390],"product_cat":[4558,4720,4729],"product_tag":[],"class_list":{"0":"post-80153","1":"product","2":"type-product","3":"status-publish","4":"has-post-thumbnail","6":"product_brand-mil-tec","7":"product_cat-for-tourism-recreation","8":"product_cat-gas-stoves-burners-lanterns-heaters-for-tourism-recreation","9":"product_cat-gas-dry-fuel-gas-stoves-burners-lanterns-heaters-for-tourism-recreation","11":"first","12":"instock","13":"shipping-taxable","14":"purchasable","15":"product-type-simple"},"_links":{"self":[{"href":"https:\/\/sezona.lv\/en\/wp-json\/wp\/v2\/product\/80153","targetHints":{"allow":["GET"]}}],"collection":[{"href":"https:\/\/sezona.lv\/en\/wp-json\/wp\/v2\/product"}],"about":[{"href":"https:\/\/sezona.lv\/en\/wp-json\/wp\/v2\/types\/product"}],"wp:featuredmedia":[{"embeddable":true,"href":"https:\/\/sezona.lv\/en\/wp-json\/wp\/v2\/media\/74895"}],"wp:attachment":[{"href":"https:\/\/sezona.lv\/en\/wp-json\/wp\/v2\/media?parent=80153"}],"wp:term":[{"taxonomy":"product_brand","embeddable":true,"href":"https:\/\/sezona.lv\/en\/wp-json\/wp\/v2\/product_brand?post=80153"},{"taxonomy":"product_cat","embeddable":true,"href":"https:\/\/sezona.lv\/en\/wp-json\/wp\/v2\/product_cat?post=80153"},{"taxonomy":"product_tag","embeddable":true,"href":"https:\/\/sezona.lv\/en\/wp-json\/wp\/v2\/product_tag?post=80153"}],"curies":[{"name":"wp","href":"https:\/\/api.w.org\/{rel}","templated":true}]}}