{"id":80156,"date":"2025-07-11T17:21:54","date_gmt":"2025-07-11T14:21:54","guid":{"rendered":"https:\/\/demo8.ecube.lv\/sezona.lv\/products\/cimdi-norfin-vector\/"},"modified":"2025-07-14T15:51:53","modified_gmt":"2025-07-14T12:51:53","slug":"cimdi-norfin-vector","status":"publish","type":"product","link":"https:\/\/sezona.lv\/en\/products\/cimdi-norfin-vector\/","title":{"rendered":"Cimdi Norfin VECTOR"},"content":{"rendered":"<p><span>Univers\u0101li melni ziemas cimdi, ar Thinsulate siltin\u0101jumu. Pirkstu un plaukstas da\u013ca ir ar stiprin\u0101tu materi\u0101lu, kas nodro&scaron;ina cie&scaron;u mak&scaron;\u0137eres satver&scaron;anu un nodro&scaron;ina papildus aizsardz\u012bbu pret materi\u0101la izdil&scaron;anu. Piem\u0113roti ziemas un starpsezonas copei un med\u012bb\u0101m. Var izmantot ar\u012b ikdienas n\u0113s\u0101&scaron;an\u0101 pateicoties vienk\u0101r&scaron;ajam un modernajam dizainam. Materi\u0101ls &#8211; 100% poliesters.<\/span><\/p>\n","protected":false},"excerpt":{"rendered":"<p>Univers\u0101li melni ziemas cimdi, ar Thinsulate siltin\u0101jumu. Pirkstu un plaukstas da\u013ca ir ar stiprin\u0101tu materi\u0101lu, kas nodro&scaron;ina cie&scaron;u mak&scaron;\u0137eres satver&scaron;anu un nodro&scaron;ina papildus aizsardz\u012bbu pret materi\u0101la izdil&scaron;anu. Piem\u0113roti ziemas un starpsezonas copei un med\u012bb\u0101m. Var izmantot ar\u012b ikdienas n\u0113s\u0101&scaron;an\u0101 pateicoties vienk\u0101r&scaron;ajam un modernajam dizainam. Materi\u0101ls &#8211; 100% poliesters.<\/p>\n","protected":false},"featured_media":107706,"template":"","meta":[],"product_brand":[899],"product_cat":[4628],"product_tag":[],"class_list":{"0":"post-80156","1":"product","2":"type-product","3":"status-publish","4":"has-post-thumbnail","6":"product_brand-norfin","7":"product_cat-gloves-winter-clothes-recreation","9":"first","10":"instock","11":"shipping-taxable","12":"purchasable","13":"product-type-variable"},"_links":{"self":[{"href":"https:\/\/sezona.lv\/en\/wp-json\/wp\/v2\/product\/80156","targetHints":{"allow":["GET"]}}],"collection":[{"href":"https:\/\/sezona.lv\/en\/wp-json\/wp\/v2\/product"}],"about":[{"href":"https:\/\/sezona.lv\/en\/wp-json\/wp\/v2\/types\/product"}],"wp:featuredmedia":[{"embeddable":true,"href":"https:\/\/sezona.lv\/en\/wp-json\/wp\/v2\/media\/107706"}],"wp:attachment":[{"href":"https:\/\/sezona.lv\/en\/wp-json\/wp\/v2\/media?parent=80156"}],"wp:term":[{"taxonomy":"product_brand","embeddable":true,"href":"https:\/\/sezona.lv\/en\/wp-json\/wp\/v2\/product_brand?post=80156"},{"taxonomy":"product_cat","embeddable":true,"href":"https:\/\/sezona.lv\/en\/wp-json\/wp\/v2\/product_cat?post=80156"},{"taxonomy":"product_tag","embeddable":true,"href":"https:\/\/sezona.lv\/en\/wp-json\/wp\/v2\/product_tag?post=80156"}],"curies":[{"name":"wp","href":"https:\/\/api.w.org\/{rel}","templated":true}]}}