{"id":80157,"date":"2025-07-11T17:21:56","date_gmt":"2025-07-11T14:21:56","guid":{"rendered":"https:\/\/demo8.ecube.lv\/sezona.lv\/products\/cimdi-norfin-gale-windstop\/"},"modified":"2025-07-14T15:51:54","modified_gmt":"2025-07-14T12:51:54","slug":"cimdi-norfin-gale-windstop","status":"publish","type":"product","link":"https:\/\/sezona.lv\/en\/products\/cimdi-norfin-gale-windstop\/","title":{"rendered":"Cimdi Norfin GALE WINDSTOP"},"content":{"rendered":"<p><span>Ziemas cimdi Norfin GALE WINDSTOP izgatavoti no v\u0113ja necaurlaid\u012bga fl\u012bsa materi\u0101la, tas rok\u0101m nodro&scaron;ina siltumu un aizsardz\u012bbu no v\u0113ja. Papildus dro&scaron;\u012bbai cimdiem ir dekorat\u012bvi gaismu atstarojo&scaron;i elementi un m\u016bsdien\u012bgs dizains, padarot tos n\u0113s\u0101jamus gan cop\u0113 un med\u012bb\u0101s, k\u0101 ar\u012b ikdien\u0101. Materi\u0101ls &#8211; 100% poliesters.<\/span><\/p>\n","protected":false},"excerpt":{"rendered":"<p>Ziemas cimdi Norfin GALE WINDSTOP izgatavoti no v\u0113ja necaurlaid\u012bga fl\u012bsa materi\u0101la, tas rok\u0101m nodro&scaron;ina siltumu un aizsardz\u012bbu no v\u0113ja. Papildus dro&scaron;\u012bbai cimdiem ir dekorat\u012bvi gaismu atstarojo&scaron;i elementi un m\u016bsdien\u012bgs dizains, padarot tos n\u0113s\u0101jamus gan cop\u0113 un med\u012bb\u0101s, k\u0101 ar\u012b ikdien\u0101. Materi\u0101ls &#8211; 100% poliesters.<\/p>\n","protected":false},"featured_media":107697,"template":"","meta":[],"product_brand":[899],"product_cat":[4628],"product_tag":[],"class_list":{"0":"post-80157","1":"product","2":"type-product","3":"status-publish","4":"has-post-thumbnail","6":"product_brand-norfin","7":"product_cat-gloves-winter-clothes-recreation","9":"first","10":"instock","11":"shipping-taxable","12":"purchasable","13":"product-type-variable"},"_links":{"self":[{"href":"https:\/\/sezona.lv\/en\/wp-json\/wp\/v2\/product\/80157","targetHints":{"allow":["GET"]}}],"collection":[{"href":"https:\/\/sezona.lv\/en\/wp-json\/wp\/v2\/product"}],"about":[{"href":"https:\/\/sezona.lv\/en\/wp-json\/wp\/v2\/types\/product"}],"wp:featuredmedia":[{"embeddable":true,"href":"https:\/\/sezona.lv\/en\/wp-json\/wp\/v2\/media\/107697"}],"wp:attachment":[{"href":"https:\/\/sezona.lv\/en\/wp-json\/wp\/v2\/media?parent=80157"}],"wp:term":[{"taxonomy":"product_brand","embeddable":true,"href":"https:\/\/sezona.lv\/en\/wp-json\/wp\/v2\/product_brand?post=80157"},{"taxonomy":"product_cat","embeddable":true,"href":"https:\/\/sezona.lv\/en\/wp-json\/wp\/v2\/product_cat?post=80157"},{"taxonomy":"product_tag","embeddable":true,"href":"https:\/\/sezona.lv\/en\/wp-json\/wp\/v2\/product_tag?post=80157"}],"curies":[{"name":"wp","href":"https:\/\/api.w.org\/{rel}","templated":true}]}}