{"id":80158,"date":"2025-07-11T17:21:58","date_gmt":"2025-07-11T14:21:58","guid":{"rendered":"https:\/\/demo8.ecube.lv\/sezona.lv\/products\/cimdi-norfin-wisdom\/"},"modified":"2025-07-14T15:51:56","modified_gmt":"2025-07-14T12:51:56","slug":"cimdi-norfin-wisdom","status":"publish","type":"product","link":"https:\/\/sezona.lv\/en\/products\/cimdi-norfin-wisdom\/","title":{"rendered":"Cimdi Norfin WISDOM"},"content":{"rendered":"<p><span>Ad\u012bti ziemas cimdi ar siltin\u0101jumu Thinsulate. Pirkstu un plaukstas da\u013ca ir ar m\u0101ksl\u012bgo zam&scaron;u, kas nodro&scaron;ina cie&scaron;u mak&scaron;\u0137eres satver&scaron;anu un nodro&scaron;ina papildus aizsardz\u012bbu pret materi\u0101la izdil&scaron;anu. Ide\u0101li piem\u0113roti mak&scaron;\u0137er\u0113&scaron;anai, k\u0101 ar\u012b ikdienas n\u0113s\u0101&scaron;anai. Materi\u0101ls &#8211; akrils un m\u0101kl\u012bgais zam&scaron;s.<\/span><\/p>\n","protected":false},"excerpt":{"rendered":"<p>Ad\u012bti ziemas cimdi ar siltin\u0101jumu Thinsulate. Pirkstu un plaukstas da\u013ca ir ar m\u0101ksl\u012bgo zam&scaron;u, kas nodro&scaron;ina cie&scaron;u mak&scaron;\u0137eres satver&scaron;anu un nodro&scaron;ina papildus aizsardz\u012bbu pret materi\u0101la izdil&scaron;anu. Ide\u0101li piem\u0113roti mak&scaron;\u0137er\u0113&scaron;anai, k\u0101 ar\u012b ikdienas n\u0113s\u0101&scaron;anai. Materi\u0101ls &#8211; akrils un m\u0101kl\u012bgais zam&scaron;s.<\/p>\n","protected":false},"featured_media":0,"template":"","meta":[],"product_brand":[899],"product_cat":[4619,4628],"product_tag":[],"class_list":{"0":"post-80158","1":"product","2":"type-product","3":"status-publish","5":"product_brand-norfin","6":"product_cat-winter-clothes-recreation","7":"product_cat-gloves-winter-clothes-recreation","9":"first","10":"instock","11":"shipping-taxable","12":"purchasable","13":"product-type-simple"},"_links":{"self":[{"href":"https:\/\/sezona.lv\/en\/wp-json\/wp\/v2\/product\/80158","targetHints":{"allow":["GET"]}}],"collection":[{"href":"https:\/\/sezona.lv\/en\/wp-json\/wp\/v2\/product"}],"about":[{"href":"https:\/\/sezona.lv\/en\/wp-json\/wp\/v2\/types\/product"}],"wp:attachment":[{"href":"https:\/\/sezona.lv\/en\/wp-json\/wp\/v2\/media?parent=80158"}],"wp:term":[{"taxonomy":"product_brand","embeddable":true,"href":"https:\/\/sezona.lv\/en\/wp-json\/wp\/v2\/product_brand?post=80158"},{"taxonomy":"product_cat","embeddable":true,"href":"https:\/\/sezona.lv\/en\/wp-json\/wp\/v2\/product_cat?post=80158"},{"taxonomy":"product_tag","embeddable":true,"href":"https:\/\/sezona.lv\/en\/wp-json\/wp\/v2\/product_tag?post=80158"}],"curies":[{"name":"wp","href":"https:\/\/api.w.org\/{rel}","templated":true}]}}