{"id":80159,"date":"2025-07-11T17:21:59","date_gmt":"2025-07-11T14:21:59","guid":{"rendered":"https:\/\/demo8.ecube.lv\/sezona.lv\/products\/cimdi-norfin-argo-3\/"},"modified":"2025-07-14T15:51:57","modified_gmt":"2025-07-14T12:51:57","slug":"cimdi-norfin-argo-3","status":"publish","type":"product","link":"https:\/\/sezona.lv\/en\/products\/cimdi-norfin-argo-3\/","title":{"rendered":"Cimdi Norfin ARGO 3"},"content":{"rendered":"<p><span>Cimdi bez pirkstu da\u013cas. Lieliski pasarg\u0101s rokas no v\u0113ja un aukstuma.<\/span><\/p>\n","protected":false},"excerpt":{"rendered":"<p>Cimdi bez pirkstu da\u013cas. Lieliski pasarg\u0101s rokas no v\u0113ja un aukstuma.<\/p>\n","protected":false},"featured_media":107692,"template":"","meta":[],"product_brand":[899],"product_cat":[4628],"product_tag":[],"class_list":{"0":"post-80159","1":"product","2":"type-product","3":"status-publish","4":"has-post-thumbnail","6":"product_brand-norfin","7":"product_cat-gloves-winter-clothes-recreation","9":"first","10":"instock","11":"shipping-taxable","12":"purchasable","13":"product-type-simple"},"_links":{"self":[{"href":"https:\/\/sezona.lv\/en\/wp-json\/wp\/v2\/product\/80159","targetHints":{"allow":["GET"]}}],"collection":[{"href":"https:\/\/sezona.lv\/en\/wp-json\/wp\/v2\/product"}],"about":[{"href":"https:\/\/sezona.lv\/en\/wp-json\/wp\/v2\/types\/product"}],"wp:featuredmedia":[{"embeddable":true,"href":"https:\/\/sezona.lv\/en\/wp-json\/wp\/v2\/media\/107692"}],"wp:attachment":[{"href":"https:\/\/sezona.lv\/en\/wp-json\/wp\/v2\/media?parent=80159"}],"wp:term":[{"taxonomy":"product_brand","embeddable":true,"href":"https:\/\/sezona.lv\/en\/wp-json\/wp\/v2\/product_brand?post=80159"},{"taxonomy":"product_cat","embeddable":true,"href":"https:\/\/sezona.lv\/en\/wp-json\/wp\/v2\/product_cat?post=80159"},{"taxonomy":"product_tag","embeddable":true,"href":"https:\/\/sezona.lv\/en\/wp-json\/wp\/v2\/product_tag?post=80159"}],"curies":[{"name":"wp","href":"https:\/\/api.w.org\/{rel}","templated":true}]}}