{"id":80160,"date":"2025-07-11T17:22:02","date_gmt":"2025-07-11T14:22:02","guid":{"rendered":"https:\/\/demo8.ecube.lv\/sezona.lv\/products\/cimdi-norfin-women-nordic\/"},"modified":"2025-07-14T15:51:58","modified_gmt":"2025-07-14T12:51:58","slug":"cimdi-norfin-women-nordic","status":"publish","type":"product","link":"https:\/\/sezona.lv\/en\/products\/cimdi-norfin-women-nordic\/","title":{"rendered":"Cimdi Norfin Women NORDIC"},"content":{"rendered":"<p><span>Elpojo&scaron;i, v\u0113ja necaurlaid\u012bgi un \u0113rti sievie&scaron;u ziemas cimdi &#8211; d\u016brai\u0146i.<\/span><\/p>\n<ul>\n<li>Materi\u0101ls &#8211; NORTEX Breathable<\/li>\n<li>Siltin\u0101jums &#8211; sintepons &#8211; 300gr\/m2<\/li>\n<li>Stiprin\u0101ts materi\u0101ls plaukstas da\u013c\u0101<\/li>\n<li>Savelkamas man\u017eetes papildus fiks\u0101cijai<\/li>\n<\/ul>\n","protected":false},"excerpt":{"rendered":"<p>Elpojo&scaron;i, v\u0113ja necaurlaid\u012bgi un \u0113rti sievie&scaron;u ziemas cimdi &#8211; d\u016brai\u0146i. Materi\u0101ls &#8211; NORTEX Breathable Siltin\u0101jums &#8211; sintepons &#8211; 300gr\/m2 Stiprin\u0101ts materi\u0101ls plaukstas da\u013c\u0101 Savelkamas man\u017eetes papildus fiks\u0101cijai<\/p>\n","protected":false},"featured_media":74924,"template":"","meta":[],"product_brand":[899],"product_cat":[4619,4628],"product_tag":[],"class_list":{"0":"post-80160","1":"product","2":"type-product","3":"status-publish","4":"has-post-thumbnail","6":"product_brand-norfin","7":"product_cat-winter-clothes-recreation","8":"product_cat-gloves-winter-clothes-recreation","10":"first","11":"instock","12":"shipping-taxable","13":"purchasable","14":"product-type-simple"},"_links":{"self":[{"href":"https:\/\/sezona.lv\/en\/wp-json\/wp\/v2\/product\/80160","targetHints":{"allow":["GET"]}}],"collection":[{"href":"https:\/\/sezona.lv\/en\/wp-json\/wp\/v2\/product"}],"about":[{"href":"https:\/\/sezona.lv\/en\/wp-json\/wp\/v2\/types\/product"}],"wp:featuredmedia":[{"embeddable":true,"href":"https:\/\/sezona.lv\/en\/wp-json\/wp\/v2\/media\/74924"}],"wp:attachment":[{"href":"https:\/\/sezona.lv\/en\/wp-json\/wp\/v2\/media?parent=80160"}],"wp:term":[{"taxonomy":"product_brand","embeddable":true,"href":"https:\/\/sezona.lv\/en\/wp-json\/wp\/v2\/product_brand?post=80160"},{"taxonomy":"product_cat","embeddable":true,"href":"https:\/\/sezona.lv\/en\/wp-json\/wp\/v2\/product_cat?post=80160"},{"taxonomy":"product_tag","embeddable":true,"href":"https:\/\/sezona.lv\/en\/wp-json\/wp\/v2\/product_tag?post=80160"}],"curies":[{"name":"wp","href":"https:\/\/api.w.org\/{rel}","templated":true}]}}