{"id":80161,"date":"2025-07-11T17:22:05","date_gmt":"2025-07-11T14:22:05","guid":{"rendered":"https:\/\/demo8.ecube.lv\/sezona.lv\/products\/cimdi-norfin-pro-angler-5cut-gloves\/"},"modified":"2025-07-14T15:51:59","modified_gmt":"2025-07-14T12:51:59","slug":"cimdi-norfin-pro-angler-5cut-gloves","status":"publish","type":"product","link":"https:\/\/sezona.lv\/en\/products\/cimdi-norfin-pro-angler-5cut-gloves\/","title":{"rendered":"Cimdi Norfin PRO ANGLER 5CUT GLOVES"},"content":{"rendered":"<p>Profesion\u0101li mak&scaron;\u0137er\u0113&scaron;anas cimdi ar modernu dizainu bez pirkstiem, lieliski piem\u0113roti izmanto&scaron;anai silt\u0101 un v\u0113s\u0101 laik\u0101. Cimdi par\u016bp\u0113sies par J\u016bsu roku dro&scaron;\u012bbu, k\u0101 ar\u012b ne\u013caus t\u0101m izmirkt un nosalt. Tie lieliski piegu\u013c un tos var \u0113rti nofiks\u0113t pie plaukstas.<\/p>\n<p><span>Materi\u0101ls: 80% Poliesters 20% M\u0101ksl\u012bg\u0101 \u0101da<\/span><\/p>\n","protected":false},"excerpt":{"rendered":"<p>Profesion\u0101li mak&scaron;\u0137er\u0113&scaron;anas cimdi ar modernu dizainu bez pirkstiem, lieliski piem\u0113roti izmanto&scaron;anai silt\u0101 un v\u0113s\u0101 laik\u0101. Cimdi par\u016bp\u0113sies par J\u016bsu roku dro&scaron;\u012bbu, k\u0101 ar\u012b ne\u013caus t\u0101m izmirkt un nosalt. Tie lieliski piegu\u013c un tos var \u0113rti nofiks\u0113t pie plaukstas. Materi\u0101ls: 80% Poliesters 20% M\u0101ksl\u012bg\u0101 \u0101da<\/p>\n","protected":false},"featured_media":74927,"template":"","meta":[],"product_brand":[],"product_cat":[4538,4559,5056],"product_tag":[],"class_list":{"0":"post-80161","1":"product","2":"type-product","3":"status-publish","4":"has-post-thumbnail","6":"product_cat-fishing-equipment-recreation","7":"product_cat-equipment-fishing-equipment-recreation","8":"product_cat-summer-gloves-equipment-fishing-equipment-recreation","10":"first","11":"instock","12":"shipping-taxable","13":"purchasable","14":"product-type-simple"},"_links":{"self":[{"href":"https:\/\/sezona.lv\/en\/wp-json\/wp\/v2\/product\/80161","targetHints":{"allow":["GET"]}}],"collection":[{"href":"https:\/\/sezona.lv\/en\/wp-json\/wp\/v2\/product"}],"about":[{"href":"https:\/\/sezona.lv\/en\/wp-json\/wp\/v2\/types\/product"}],"wp:featuredmedia":[{"embeddable":true,"href":"https:\/\/sezona.lv\/en\/wp-json\/wp\/v2\/media\/74927"}],"wp:attachment":[{"href":"https:\/\/sezona.lv\/en\/wp-json\/wp\/v2\/media?parent=80161"}],"wp:term":[{"taxonomy":"product_brand","embeddable":true,"href":"https:\/\/sezona.lv\/en\/wp-json\/wp\/v2\/product_brand?post=80161"},{"taxonomy":"product_cat","embeddable":true,"href":"https:\/\/sezona.lv\/en\/wp-json\/wp\/v2\/product_cat?post=80161"},{"taxonomy":"product_tag","embeddable":true,"href":"https:\/\/sezona.lv\/en\/wp-json\/wp\/v2\/product_tag?post=80161"}],"curies":[{"name":"wp","href":"https:\/\/api.w.org\/{rel}","templated":true}]}}