{"id":80162,"date":"2025-07-11T17:22:07","date_gmt":"2025-07-11T14:22:07","guid":{"rendered":"https:\/\/demo8.ecube.lv\/sezona.lv\/products\/cimdi-norfin-roach-5-cut-gloves\/"},"modified":"2025-07-14T15:52:01","modified_gmt":"2025-07-14T12:52:01","slug":"cimdi-norfin-roach-5-cut-gloves","status":"publish","type":"product","link":"https:\/\/sezona.lv\/en\/products\/cimdi-norfin-roach-5-cut-gloves\/","title":{"rendered":"Cimdi Norfin ROACH 5 CUT GLOVES"},"content":{"rendered":"<p><span>Mak&scaron;\u0137ernieku cimdi ar 5 atv\u0113rtiem pirkstu galiem, speci\u0101li izstr\u0101d\u0101ti spiningot\u0101ju \u0113rt\u012bb\u0101m. Cimdi ne tikai aizsarg\u0101 rokas no meh\u0101niskiem boj\u0101jumiem, bet ar\u012b t\u0101s sasild\u012bs. Cimdu anatomiskais piegriezums cie&scaron;i piegu\u013c rok\u0101m un nodro&scaron;ina labu satv\u0113rienu iemetiena laik\u0101. Papildus stiprin\u0101jumi (Velcro) uz loc\u012btav\u0101m.<\/span><\/p>\n<p>Materi\u0101ls: 80% Poliesters 20% M\u0101ksl\u012bg\u0101 \u0101da<\/p>\n","protected":false},"excerpt":{"rendered":"<p>Mak&scaron;\u0137ernieku cimdi ar 5 atv\u0113rtiem pirkstu galiem, speci\u0101li izstr\u0101d\u0101ti spiningot\u0101ju \u0113rt\u012bb\u0101m. Cimdi ne tikai aizsarg\u0101 rokas no meh\u0101niskiem boj\u0101jumiem, bet ar\u012b t\u0101s sasild\u012bs. Cimdu anatomiskais piegriezums cie&scaron;i piegu\u013c rok\u0101m un nodro&scaron;ina labu satv\u0113rienu iemetiena laik\u0101. Papildus stiprin\u0101jumi (Velcro) uz loc\u012btav\u0101m. Materi\u0101ls: 80% Poliesters 20% M\u0101ksl\u012bg\u0101 \u0101da<\/p>\n","protected":false},"featured_media":74930,"template":"","meta":[],"product_brand":[],"product_cat":[4538,4559,5056],"product_tag":[],"class_list":{"0":"post-80162","1":"product","2":"type-product","3":"status-publish","4":"has-post-thumbnail","6":"product_cat-fishing-equipment-recreation","7":"product_cat-equipment-fishing-equipment-recreation","8":"product_cat-summer-gloves-equipment-fishing-equipment-recreation","10":"first","11":"instock","12":"shipping-taxable","13":"purchasable","14":"product-type-simple"},"_links":{"self":[{"href":"https:\/\/sezona.lv\/en\/wp-json\/wp\/v2\/product\/80162","targetHints":{"allow":["GET"]}}],"collection":[{"href":"https:\/\/sezona.lv\/en\/wp-json\/wp\/v2\/product"}],"about":[{"href":"https:\/\/sezona.lv\/en\/wp-json\/wp\/v2\/types\/product"}],"wp:featuredmedia":[{"embeddable":true,"href":"https:\/\/sezona.lv\/en\/wp-json\/wp\/v2\/media\/74930"}],"wp:attachment":[{"href":"https:\/\/sezona.lv\/en\/wp-json\/wp\/v2\/media?parent=80162"}],"wp:term":[{"taxonomy":"product_brand","embeddable":true,"href":"https:\/\/sezona.lv\/en\/wp-json\/wp\/v2\/product_brand?post=80162"},{"taxonomy":"product_cat","embeddable":true,"href":"https:\/\/sezona.lv\/en\/wp-json\/wp\/v2\/product_cat?post=80162"},{"taxonomy":"product_tag","embeddable":true,"href":"https:\/\/sezona.lv\/en\/wp-json\/wp\/v2\/product_tag?post=80162"}],"curies":[{"name":"wp","href":"https:\/\/api.w.org\/{rel}","templated":true}]}}