{"id":80164,"date":"2025-07-11T17:22:11","date_gmt":"2025-07-11T14:22:11","guid":{"rendered":"https:\/\/demo8.ecube.lv\/sezona.lv\/products\/cimdi-norfin-control-neoprene\/"},"modified":"2025-07-14T15:52:04","modified_gmt":"2025-07-14T12:52:04","slug":"cimdi-norfin-control-neoprene","status":"publish","type":"product","link":"https:\/\/sezona.lv\/en\/products\/cimdi-norfin-control-neoprene\/","title":{"rendered":"Cimdi Norfin CONTROL NEOPRENE"},"content":{"rendered":"<p><span>Cimdi, piem\u0113roti mak&scaron;\u0137er\u0113&scaron;anai. Ra\u017eoti no neopr\u0113na, \u013coti elast\u012bga materi\u0101la, l\u012bdz ar to labi piegu\u013c rokai. Pretsl\u012bdes p\u0101rkl\u0101jums plaukstas da\u013c\u0101 nodro&scaron;ina labu sa\u0137eri ar virsmu. Cimdi ne tikai sasild\u012bs J\u016bsu rokas, bet ar\u012b pasarg\u0101s t\u0101s no meh\u0101niskiem boj\u0101jumiem.&nbsp;<\/span><\/p>\n<p>Materi\u0101ls:&nbsp;<span>100% Neopr\u0113ns<\/span><\/p>\n","protected":false},"excerpt":{"rendered":"<p>Cimdi, piem\u0113roti mak&scaron;\u0137er\u0113&scaron;anai. Ra\u017eoti no neopr\u0113na, \u013coti elast\u012bga materi\u0101la, l\u012bdz ar to labi piegu\u013c rokai. Pretsl\u012bdes p\u0101rkl\u0101jums plaukstas da\u013c\u0101 nodro&scaron;ina labu sa\u0137eri ar virsmu. Cimdi ne tikai sasild\u012bs J\u016bsu rokas, bet ar\u012b pasarg\u0101s t\u0101s no meh\u0101niskiem boj\u0101jumiem.&nbsp; Materi\u0101ls:&nbsp;100% Neopr\u0113ns<\/p>\n","protected":false},"featured_media":74940,"template":"","meta":[],"product_brand":[],"product_cat":[4538,4559,5056],"product_tag":[],"class_list":{"0":"post-80164","1":"product","2":"type-product","3":"status-publish","4":"has-post-thumbnail","6":"product_cat-fishing-equipment-recreation","7":"product_cat-equipment-fishing-equipment-recreation","8":"product_cat-summer-gloves-equipment-fishing-equipment-recreation","10":"first","11":"instock","12":"shipping-taxable","13":"purchasable","14":"product-type-simple"},"_links":{"self":[{"href":"https:\/\/sezona.lv\/en\/wp-json\/wp\/v2\/product\/80164","targetHints":{"allow":["GET"]}}],"collection":[{"href":"https:\/\/sezona.lv\/en\/wp-json\/wp\/v2\/product"}],"about":[{"href":"https:\/\/sezona.lv\/en\/wp-json\/wp\/v2\/types\/product"}],"wp:featuredmedia":[{"embeddable":true,"href":"https:\/\/sezona.lv\/en\/wp-json\/wp\/v2\/media\/74940"}],"wp:attachment":[{"href":"https:\/\/sezona.lv\/en\/wp-json\/wp\/v2\/media?parent=80164"}],"wp:term":[{"taxonomy":"product_brand","embeddable":true,"href":"https:\/\/sezona.lv\/en\/wp-json\/wp\/v2\/product_brand?post=80164"},{"taxonomy":"product_cat","embeddable":true,"href":"https:\/\/sezona.lv\/en\/wp-json\/wp\/v2\/product_cat?post=80164"},{"taxonomy":"product_tag","embeddable":true,"href":"https:\/\/sezona.lv\/en\/wp-json\/wp\/v2\/product_tag?post=80164"}],"curies":[{"name":"wp","href":"https:\/\/api.w.org\/{rel}","templated":true}]}}