{"id":80165,"date":"2025-07-14T15:52:05","date_gmt":"2025-07-14T12:52:05","guid":{"rendered":"https:\/\/demo8.ecube.lv\/sezona.lv\/products\/victorinox-nazu-asinamais-sharpy\/"},"modified":"2025-07-14T15:52:05","modified_gmt":"2025-07-14T12:52:05","slug":"victorinox-nazu-asinamais-sharpy","status":"publish","type":"product","link":"https:\/\/sezona.lv\/en\/products\/victorinox-nazu-asinamais-sharpy\/","title":{"rendered":"Victorinox Na\u017eu asin\u0101mais Sharpy"},"content":{"rendered":"<p>VICTORINOX asin\u0101mais na\u017eiem ar taisnu un vi\u013c\u0146ainu griezuma malu<\/p>\n<p><span>Izm\u0113ri&nbsp;<\/span>135x35x65 mm<\/p>\n<p><span>Svars<\/span>&nbsp;72 g<\/p>\n<p><span>Darba mala materi\u0101ls<\/span>&nbsp; no cietsakaus\u0113ta met\u0101la<\/p>\n<p><span>Plastmasas<\/span>&nbsp;rokturis ar pirkstu aizsardz\u012bbu<\/p>\n<p><span>Kr\u0101sa&nbsp;<\/span>pel\u0113ka<\/p>\n<p>Daudzpus\u012bgs, ergonomisks asin\u0101t\u0101js, kas \u013cauj \u0101tri un dro&scaron;i atjaunot na\u017ea grie&scaron;anas \u012bpa&scaron;\u012bbas. &Scaron;\u012bs asin\u0101&scaron;anas da\u013cas meh\u0101nisms sast\u0101v no V veida cietsakaus\u0113ta met\u0101la pl\u0101ksn\u0113m, kas atrodas optim\u0101l\u0101 le\u0146\u0137\u012b \u0101r\u0113j\u0101s konstrukcijas iek&scaron;puLieto&scaron;ana: Virziet asin\u0101t\u0101ju vair\u0101kas reizes par na\u017ea asmeni, izdarot nelielu spiedienu. Atk\u0101rtojiet kust\u012bbas, l\u012bdz asin\u0101t\u0101ja kust\u012bba gar na\u017ea asmeni k\u013c\u016bst &#8220;gluda&#8221;, bez &#8220;aiz\u0137er&scaron;an\u0101s&#8221;. Pak\u0101peniski samaziniet asin\u0101t\u0101ja spiedienu uz nazi, l\u012bdz asin\u0101t\u0101js s\u0101ks p\u0101rvietoties zem sava svara. Zem sava svara asin\u0101t\u0101jam j\u0101veic apm\u0113ram desmit kust\u012bbas, lai pabeigtu na\u017ea grie&scaron;anas malas pul\u0113&scaron;anu.<\/p>\n","protected":false},"excerpt":{"rendered":"<p>VICTORINOX asin\u0101mais na\u017eiem ar taisnu un vi\u013c\u0146ainu griezuma malu Izm\u0113ri&nbsp;135x35x65 mm Svars&nbsp;72 g Darba mala materi\u0101ls&nbsp; no cietsakaus\u0113ta met\u0101la Plastmasas&nbsp;rokturis ar pirkstu aizsardz\u012bbu Kr\u0101sa&nbsp;pel\u0113ka Daudzpus\u012bgs, ergonomisks asin\u0101t\u0101js, kas \u013cauj \u0101tri un dro&scaron;i atjaunot na\u017ea grie&scaron;anas \u012bpa&scaron;\u012bbas. &Scaron;\u012bs asin\u0101&scaron;anas da\u013cas meh\u0101nisms sast\u0101v no V veida cietsakaus\u0113ta met\u0101la pl\u0101ksn\u0113m, kas atrodas optim\u0101l\u0101 le\u0146\u0137\u012b \u0101r\u0113j\u0101s konstrukcijas iek&scaron;puLieto&scaron;ana: Virziet [&hellip;]<\/p>\n","protected":false},"featured_media":0,"template":"","meta":[],"product_brand":[54],"product_cat":[4558,4571,4640,4740],"product_tag":[],"class_list":{"0":"post-80165","1":"product","2":"type-product","3":"status-publish","5":"product_brand-victorinox","6":"product_cat-for-tourism-recreation","7":"product_cat-dishes-knives-folding-tables-for-tourism-recreation","8":"product_cat-recreation","9":"product_cat-knife-accessories-dishes-knives-folding-tables-for-tourism-recreation","11":"first","12":"instock","13":"shipping-taxable","14":"purchasable","15":"product-type-simple"},"_links":{"self":[{"href":"https:\/\/sezona.lv\/en\/wp-json\/wp\/v2\/product\/80165","targetHints":{"allow":["GET"]}}],"collection":[{"href":"https:\/\/sezona.lv\/en\/wp-json\/wp\/v2\/product"}],"about":[{"href":"https:\/\/sezona.lv\/en\/wp-json\/wp\/v2\/types\/product"}],"wp:attachment":[{"href":"https:\/\/sezona.lv\/en\/wp-json\/wp\/v2\/media?parent=80165"}],"wp:term":[{"taxonomy":"product_brand","embeddable":true,"href":"https:\/\/sezona.lv\/en\/wp-json\/wp\/v2\/product_brand?post=80165"},{"taxonomy":"product_cat","embeddable":true,"href":"https:\/\/sezona.lv\/en\/wp-json\/wp\/v2\/product_cat?post=80165"},{"taxonomy":"product_tag","embeddable":true,"href":"https:\/\/sezona.lv\/en\/wp-json\/wp\/v2\/product_tag?post=80165"}],"curies":[{"name":"wp","href":"https:\/\/api.w.org\/{rel}","templated":true}]}}