{"id":80166,"date":"2025-07-14T15:52:06","date_gmt":"2025-07-14T12:52:06","guid":{"rendered":"https:\/\/demo8.ecube.lv\/sezona.lv\/products\/cyberfishing-makskerkatu-sensors\/"},"modified":"2025-07-14T15:52:06","modified_gmt":"2025-07-14T12:52:06","slug":"cyberfishing-makskerkatu-sensors","status":"publish","type":"product","link":"https:\/\/sezona.lv\/en\/products\/cyberfishing-makskerkatu-sensors\/","title":{"rendered":"Cyberfishing mak\u0161\u0137erk\u0101tu sensors"},"content":{"rendered":"<p>Cyberfishing mak&scaron;\u0137erk\u0101tu sensors.<\/p>\n<p>Cyberfishing ir revolucion\u0101ra tehnolo\u0123ija, kas \u013cauj apvienot mak&scaron;\u0137er\u0113&scaron;anas prieku ar m\u016bsdien\u012bg\u0101m tehnolo\u0123iskaj\u0101m iesp\u0113j\u0101m. Cyberfishing tehnolo\u0123ija ir rad\u012bta, lai padar\u012btu J\u016bsu mak&scaron;\u0137er\u0113&scaron;anu vied\u0101ku, \u013caujot re\u0123istr\u0113t iemesto mak&scaron;\u0137eru rei\u017eu daudzumu un no\u0137ert\u0101s zivis, laika apst\u0101k\u013cus un J\u016bsu atra&scaron;an\u0101s vietu, un p\u0113c tam &scaron;os datus saglab\u0101t viedt\u0101lrun\u012b un glab\u0101t tos atmi\u0146\u0101, lai J\u016bs v\u0113l\u0101k var\u0113tu \u0113rti un viegli pl\u0101not savu n\u0101kamo mak&scaron;\u0137er\u0113&scaron;anas izbraucienu. Cyberfishing sist\u0113ma, kur\u0101 ir apvienots \u012bpa&scaron;i viegls sensors un viedt\u0101lru\u0146a lietotne, \u013cauj re\u0123istr\u0113t visus pieejamos datus par copi un katru reizi g\u016bt maksim\u0101li lielus lomus. Viss, kas nepiecie&scaron;ams, ir j\u0101piestiprina sensors, j\u0101no\u0137er zivs un j\u0101atz\u012bm\u0113 vietas dati.<\/p>\n<ul>\nKomplekt\u0101 ietilpst:<\/p>\n<li>1 x mak&scaron;\u0137eres viedais sensors<\/li>\n<li>1 x l\u0101d\u0113&scaron;anas kabelis<\/li>\n<li>1 x piestiprin\u0101&scaron;anas gumiju komplekts<\/li>\n<\/ul>\n<p>Papildus inform\u0101cija:&nbsp;<strong><a href=\"https:\/\/usa.cyberfishing.com\/\">https:\/\/usa.cyberfishing.com\/<\/a><\/strong><\/p>\n","protected":false},"excerpt":{"rendered":"<p>Cyberfishing mak&scaron;\u0137erk\u0101tu sensors. Cyberfishing ir revolucion\u0101ra tehnolo\u0123ija, kas \u013cauj apvienot mak&scaron;\u0137er\u0113&scaron;anas prieku ar m\u016bsdien\u012bg\u0101m tehnolo\u0123iskaj\u0101m iesp\u0113j\u0101m. Cyberfishing tehnolo\u0123ija ir rad\u012bta, lai padar\u012btu J\u016bsu mak&scaron;\u0137er\u0113&scaron;anu vied\u0101ku, \u013caujot re\u0123istr\u0113t iemesto mak&scaron;\u0137eru rei\u017eu daudzumu un no\u0137ert\u0101s zivis, laika apst\u0101k\u013cus un J\u016bsu atra&scaron;an\u0101s vietu, un p\u0113c tam &scaron;os datus saglab\u0101t viedt\u0101lrun\u012b un glab\u0101t tos atmi\u0146\u0101, lai J\u016bs v\u0113l\u0101k var\u0113tu [&hellip;]<\/p>\n","protected":false},"featured_media":0,"template":"","meta":[],"product_brand":[],"product_cat":[4640,4741,4782],"product_tag":[],"class_list":{"0":"post-80166","1":"product","2":"type-product","3":"status-publish","5":"product_cat-recreation","6":"product_cat-eholots-navigation-watches-radios","7":"product_cat-navigation-watches-radios-recreation","9":"first","10":"instock","11":"shipping-taxable","12":"purchasable","13":"product-type-simple"},"_links":{"self":[{"href":"https:\/\/sezona.lv\/en\/wp-json\/wp\/v2\/product\/80166","targetHints":{"allow":["GET"]}}],"collection":[{"href":"https:\/\/sezona.lv\/en\/wp-json\/wp\/v2\/product"}],"about":[{"href":"https:\/\/sezona.lv\/en\/wp-json\/wp\/v2\/types\/product"}],"wp:attachment":[{"href":"https:\/\/sezona.lv\/en\/wp-json\/wp\/v2\/media?parent=80166"}],"wp:term":[{"taxonomy":"product_brand","embeddable":true,"href":"https:\/\/sezona.lv\/en\/wp-json\/wp\/v2\/product_brand?post=80166"},{"taxonomy":"product_cat","embeddable":true,"href":"https:\/\/sezona.lv\/en\/wp-json\/wp\/v2\/product_cat?post=80166"},{"taxonomy":"product_tag","embeddable":true,"href":"https:\/\/sezona.lv\/en\/wp-json\/wp\/v2\/product_tag?post=80166"}],"curies":[{"name":"wp","href":"https:\/\/api.w.org\/{rel}","templated":true}]}}