{"id":80167,"date":"2025-07-14T15:52:07","date_gmt":"2025-07-14T12:52:07","guid":{"rendered":"https:\/\/demo8.ecube.lv\/sezona.lv\/products\/deeper-svari\/"},"modified":"2025-07-14T15:52:07","modified_gmt":"2025-07-14T12:52:07","slug":"deeper-svari","status":"publish","type":"product","link":"https:\/\/sezona.lv\/en\/products\/deeper-svari\/","title":{"rendered":"DEEPER svari"},"content":{"rendered":"<p><span>Lielisks r\u012bks, lai nosv\u0113rtu un izm\u0113r\u012btu lomu mak&scaron;\u0137er\u0113&scaron;anas piedz\u012bvojumu laik\u0101. Ietver m\u0113rlenti, zilu apgaismojumu, taras\/nulles funkciju, autom\u0101tisku izsl\u0113g&scaron;anu, datu fiks\u0113&scaron;anu, m\u0113rvien\u012bbu p\u0101rveido&scaron;anu, p\u0101rslodzes indik\u0101ciju un zemas baterijas indikatoru, augstas precizit\u0101tes deform\u0101cijas dev\u0113ja sensoru, un tas ir \u016bdensdro&scaron;s. Komplekt\u0101 ir iek\u013cautas baterijas.<\/span><\/p>\n<p>&nbsp;<\/p>\n<p><span><strong>Funkcijas<\/strong><\/span>: m\u0113rlente, zils apgaismojums, taras\/nulles funkcija, autom\u0101tiska izsl\u0113g&scaron;ana, datu fiks\u0113&scaron;ana, m\u0113rvien\u012bbu p\u0101rveido&scaron;ana, p\u0101rslodzes indik\u0101cija un zemas baterijas indikators, augstas precizit\u0101tes deform\u0101cijas dev\u0113ja sensors<\/p>\n<p><span><strong>M\u0113rvien\u012bbas<\/strong><\/span><strong>:<\/strong>&nbsp;kg, lb, oz<\/p>\n<p><span><strong>Min.-Maks. svars<\/strong><\/span><strong>:<\/strong>&nbsp;50 g &#8211; 50 kg \/ 0,17 unces &#8211; 110 m\u0101rci\u0146as<\/p>\n<p><span><strong>Jauda<\/strong><\/span><strong>:&nbsp;<\/strong>3 V (2x AAA baterijas)<\/p>\n<p><strong><span>Darba str\u0101va<\/span>:&nbsp;<\/strong>apgaismojums iesl\u0113gts &le; 15 mA, apgaismojums izsl\u0113gts &le; 5 uA<\/p>\n<p><strong><span>Darba temperat\u016bra<\/span>:<\/strong>&nbsp;0-40&deg;C \/ 32-104&deg;F<\/p>\n<p><strong><span>\u016adensiztur\u012bbas klase<\/span>:<\/strong>&nbsp;IPX6<\/p>\n<p>&nbsp;<\/p>\n<p><strong>\u2713&nbsp;<\/strong>Nospiediet pogu UNIT, lai atlas\u012btu v\u0113lamo m\u0113rvien\u012bbu: kg, lb vai oz. Izvelciet lenti no svaru kreis\u0101s puses, lai izm\u0113r\u012btu l\u012bdz 1 m \/ 39 coll\u0101m garus objektus. Min.-maks. svars: 50 g &#8211; 50 kg \/ 0,17 unces &#8211; 110 m\u0101rci\u0146as.<\/p>\n<p><strong>\u2713<\/strong>&nbsp;Lai nosv\u0113rtu objektus vairum\u0101, uzlieciet tuk&scaron;u konteineru uz \u0101\u0137a un nospiediet taras pogu. Deeper svari p\u0113c 5 sekund\u0113m autom\u0101tiski fiks\u0113s m\u0113r\u012bjumus. Neuztraucieties, ja aizmirs\u012bsiet tos izsl\u0113gt, p\u0113c 1 min\u016btes tas notiks autom\u0101tiski.<\/p>\n<p><strong>\u2713<\/strong>&nbsp;Deeper svariem ir IPX6 \u016bdensiztur\u012bbas klase, un tos var izmantot temperat\u016br\u0101 no 0-40&deg;C \/ 32-104&deg;F. Ide\u0101li piem\u0113rots r\u012bks j\u016bsu mak&scaron;\u0137er\u0113&scaron;anas ce\u013cojumiem.<\/p>\n","protected":false},"excerpt":{"rendered":"<p>Lielisks r\u012bks, lai nosv\u0113rtu un izm\u0113r\u012btu lomu mak&scaron;\u0137er\u0113&scaron;anas piedz\u012bvojumu laik\u0101. Ietver m\u0113rlenti, zilu apgaismojumu, taras\/nulles funkciju, autom\u0101tisku izsl\u0113g&scaron;anu, datu fiks\u0113&scaron;anu, m\u0113rvien\u012bbu p\u0101rveido&scaron;anu, p\u0101rslodzes indik\u0101ciju un zemas baterijas indikatoru, augstas precizit\u0101tes deform\u0101cijas dev\u0113ja sensoru, un tas ir \u016bdensdro&scaron;s. Komplekt\u0101 ir iek\u013cautas baterijas. &nbsp; Funkcijas: m\u0113rlente, zils apgaismojums, taras\/nulles funkcija, autom\u0101tiska izsl\u0113g&scaron;ana, datu fiks\u0113&scaron;ana, m\u0113rvien\u012bbu p\u0101rveido&scaron;ana, p\u0101rslodzes [&hellip;]<\/p>\n","protected":false},"featured_media":0,"template":"","meta":[],"product_brand":[],"product_cat":[4640,4741,4782],"product_tag":[],"class_list":{"0":"post-80167","1":"product","2":"type-product","3":"status-publish","5":"product_cat-recreation","6":"product_cat-eholots-navigation-watches-radios","7":"product_cat-navigation-watches-radios-recreation","9":"first","10":"instock","11":"shipping-taxable","12":"purchasable","13":"product-type-simple"},"_links":{"self":[{"href":"https:\/\/sezona.lv\/en\/wp-json\/wp\/v2\/product\/80167","targetHints":{"allow":["GET"]}}],"collection":[{"href":"https:\/\/sezona.lv\/en\/wp-json\/wp\/v2\/product"}],"about":[{"href":"https:\/\/sezona.lv\/en\/wp-json\/wp\/v2\/types\/product"}],"wp:attachment":[{"href":"https:\/\/sezona.lv\/en\/wp-json\/wp\/v2\/media?parent=80167"}],"wp:term":[{"taxonomy":"product_brand","embeddable":true,"href":"https:\/\/sezona.lv\/en\/wp-json\/wp\/v2\/product_brand?post=80167"},{"taxonomy":"product_cat","embeddable":true,"href":"https:\/\/sezona.lv\/en\/wp-json\/wp\/v2\/product_cat?post=80167"},{"taxonomy":"product_tag","embeddable":true,"href":"https:\/\/sezona.lv\/en\/wp-json\/wp\/v2\/product_tag?post=80167"}],"curies":[{"name":"wp","href":"https:\/\/api.w.org\/{rel}","templated":true}]}}