{"id":80168,"date":"2025-07-14T15:52:08","date_gmt":"2025-07-14T12:52:08","guid":{"rendered":"https:\/\/demo8.ecube.lv\/sezona.lv\/products\/mil-tec-gazes-silditajs-14976050\/"},"modified":"2025-07-14T15:52:08","modified_gmt":"2025-07-14T12:52:08","slug":"mil-tec-gazes-silditajs-14976050","status":"publish","type":"product","link":"https:\/\/sezona.lv\/en\/products\/mil-tec-gazes-silditajs-14976050\/","title":{"rendered":"Mil Tec g\u0101zes sild\u012bt\u0101js 14976050"},"content":{"rendered":"<p><span>Casing: Aluminum, Steel<\/span><br \/><span>Gas consumption: ca. 72 g\/hour<\/span><br \/><span>Power: 1,2 kW (at a pressure of 1 bar)<\/span><br \/><span>Weight: ca. 330 g<\/span><\/p>\n<p><span>&#8211; use only butane cartridges as defined in EN417<\/span><br \/><span>&#8211; practical, compact companion for the journey<\/span><br \/><span>&#8211; small weight<\/span><br \/><span>&#8211; including bag<\/span><br \/><span>&#8211; spreads cosy warmth within seconds<\/span><br \/><span>&#8211; follow and keep warning label and instruction for use<\/span><br \/><span>&#8211; including tripod for butane cartridge<\/span><\/p>\n","protected":false},"excerpt":{"rendered":"<p>Casing: Aluminum, SteelGas consumption: ca. 72 g\/hourPower: 1,2 kW (at a pressure of 1 bar)Weight: ca. 330 g &#8211; use only butane cartridges as defined in EN417&#8211; practical, compact companion for the journey&#8211; small weight&#8211; including bag&#8211; spreads cosy warmth within seconds&#8211; follow and keep warning label and instruction for use&#8211; including tripod for butane [&hellip;]<\/p>\n","protected":false},"featured_media":0,"template":"","meta":[],"product_brand":[3390],"product_cat":[4558,4640,4720,4722],"product_tag":[],"class_list":{"0":"post-80168","1":"product","2":"type-product","3":"status-publish","5":"product_brand-mil-tec","6":"product_cat-for-tourism-recreation","7":"product_cat-recreation","8":"product_cat-gas-stoves-burners-lanterns-heaters-for-tourism-recreation","9":"product_cat-liquid-fuel-stoves-gas-stoves-burners-lanterns-heaters-for-tourism-recreation","11":"first","12":"instock","13":"shipping-taxable","14":"purchasable","15":"product-type-simple"},"_links":{"self":[{"href":"https:\/\/sezona.lv\/en\/wp-json\/wp\/v2\/product\/80168","targetHints":{"allow":["GET"]}}],"collection":[{"href":"https:\/\/sezona.lv\/en\/wp-json\/wp\/v2\/product"}],"about":[{"href":"https:\/\/sezona.lv\/en\/wp-json\/wp\/v2\/types\/product"}],"wp:attachment":[{"href":"https:\/\/sezona.lv\/en\/wp-json\/wp\/v2\/media?parent=80168"}],"wp:term":[{"taxonomy":"product_brand","embeddable":true,"href":"https:\/\/sezona.lv\/en\/wp-json\/wp\/v2\/product_brand?post=80168"},{"taxonomy":"product_cat","embeddable":true,"href":"https:\/\/sezona.lv\/en\/wp-json\/wp\/v2\/product_cat?post=80168"},{"taxonomy":"product_tag","embeddable":true,"href":"https:\/\/sezona.lv\/en\/wp-json\/wp\/v2\/product_tag?post=80168"}],"curies":[{"name":"wp","href":"https:\/\/api.w.org\/{rel}","templated":true}]}}