{"id":80190,"date":"2025-07-14T15:52:31","date_gmt":"2025-07-14T12:52:31","guid":{"rendered":"https:\/\/demo8.ecube.lv\/sezona.lv\/products\/norfin-boar-camo-ziemas-kostims\/"},"modified":"2025-07-14T15:52:31","modified_gmt":"2025-07-14T12:52:31","slug":"norfin-boar-camo-ziemas-kostims","status":"publish","type":"product","link":"https:\/\/sezona.lv\/en\/products\/norfin-boar-camo-ziemas-kostims\/","title":{"rendered":"Norfin BOAR CAMO ziemas kost\u012bms"},"content":{"rendered":"<p><span>Mednieku kost\u012bms, izgatavots no ne\u010dauksto&scaron;a materi\u0101la, p\u0113c NORFIN SILENT MATERIAL tehnolo\u0123ijas. Nortex-Breathable membr\u0101na nodro&scaron;ina aizsardz\u012bbu pret nokri&scaron;\u0146iem un v\u0113ju. Materi\u0101la sp\u0113ja izvad\u012bt lieko mitrumu garant\u0113 komfortu ar\u012b akt\u012bvi kustoties. Kost\u012bms paredz\u0113ts izmanto&scaron;anai gaisa temperat\u016br\u0101 l\u012bdz -25&deg;\u0421.<\/span><\/p>\n<li>Materi\u0101ls: NORTEX BREATHABLE izgatavots p\u0113c NORFIN SILENT MATERIAL tehnolo\u0123ijas<\/li>\n<li>Mitrumiztur\u012bba: 8000 mm<\/li>\n<li>Elpotsp\u0113ja: 6000 g\/m&sup2;\/24h<\/li>\n<li>Siltin\u0101jums: HOLLOFIL<\/li>\n<dt>JAKA:<\/dt>\n<li>L\u012bm\u0113tas &scaron;uves<\/li>\n<li>Dubultais r\u0101v\u0113jsl\u0113dz\u0113js<\/li>\n<li>Ar r\u0101v\u0113jsl\u0113dz\u0113ju stiprin\u0101ma kapuce<\/li>\n<li>Divos l\u012bme\u0146os regul\u0113jama kapuce<\/li>\n<li>Savelkama jakas apak&scaron;da\u013ca<\/li>\n<li>\u0112rtas kabatas iek&scaron;pus\u0113 un \u0101rpus\u0113<\/li>\n<li>Kabatas roku sild\u012b&scaron;anai<\/li>\n<li>Silta kabata mobilajam telefonam<\/li>\n<li>Regul\u0113jamas \u0101r\u0113j\u0101s man\u017eetes piedurkn\u0113m<\/li>\n<dt>PUSKOMBINEZONS:<\/dt>\n<li>Regul\u0113jamas lences<\/li>\n<li>Dubultais r\u0101v\u0113jsl\u0113dz\u0113js<\/li>\n<li>Ergonomiski pa&scaron;\u016bta ce\u013cgalu da\u013ca kust\u012bbu br\u012bv\u012bbai<\/li>\n<li>Divas s\u0101nu kabatas<\/li>\n<li>Divas ietilp\u012bgas papildu kabatas<\/li>\n<li>Bik&scaron;u apak&scaron;da\u013ca ar r\u0101v\u0113jsl\u0113dz\u0113ju \u0113rt\u0101kai vilk&scaron;anai virs z\u0101baka<\/li>\n","protected":false},"excerpt":{"rendered":"<p>Mednieku kost\u012bms, izgatavots no ne\u010dauksto&scaron;a materi\u0101la, p\u0113c NORFIN SILENT MATERIAL tehnolo\u0123ijas. Nortex-Breathable membr\u0101na nodro&scaron;ina aizsardz\u012bbu pret nokri&scaron;\u0146iem un v\u0113ju. Materi\u0101la sp\u0113ja izvad\u012bt lieko mitrumu garant\u0113 komfortu ar\u012b akt\u012bvi kustoties. Kost\u012bms paredz\u0113ts izmanto&scaron;anai gaisa temperat\u016br\u0101 l\u012bdz -25&deg;\u0421. Materi\u0101ls: NORTEX BREATHABLE izgatavots p\u0113c NORFIN SILENT MATERIAL tehnolo\u0123ijas Mitrumiztur\u012bba: 8000 mm Elpotsp\u0113ja: 6000 g\/m&sup2;\/24h Siltin\u0101jums: HOLLOFIL JAKA: L\u012bm\u0113tas [&hellip;]<\/p>\n","protected":false},"featured_media":0,"template":"","meta":[],"product_brand":[899],"product_cat":[4619,4620,4640,4993],"product_tag":[],"class_list":{"0":"post-80190","1":"product","2":"type-product","3":"status-publish","5":"product_brand-norfin","6":"product_cat-winter-clothes-recreation","7":"product_cat-norfin-suits-winter-suits-for-fishing","8":"product_cat-recreation","9":"product_cat-winter-suits-for-fishing-winter-clothes-recreation","11":"first","12":"instock","13":"shipping-taxable","14":"purchasable","15":"product-type-simple"},"_links":{"self":[{"href":"https:\/\/sezona.lv\/en\/wp-json\/wp\/v2\/product\/80190","targetHints":{"allow":["GET"]}}],"collection":[{"href":"https:\/\/sezona.lv\/en\/wp-json\/wp\/v2\/product"}],"about":[{"href":"https:\/\/sezona.lv\/en\/wp-json\/wp\/v2\/types\/product"}],"wp:attachment":[{"href":"https:\/\/sezona.lv\/en\/wp-json\/wp\/v2\/media?parent=80190"}],"wp:term":[{"taxonomy":"product_brand","embeddable":true,"href":"https:\/\/sezona.lv\/en\/wp-json\/wp\/v2\/product_brand?post=80190"},{"taxonomy":"product_cat","embeddable":true,"href":"https:\/\/sezona.lv\/en\/wp-json\/wp\/v2\/product_cat?post=80190"},{"taxonomy":"product_tag","embeddable":true,"href":"https:\/\/sezona.lv\/en\/wp-json\/wp\/v2\/product_tag?post=80190"}],"curies":[{"name":"wp","href":"https:\/\/api.w.org\/{rel}","templated":true}]}}