{"id":80191,"date":"2025-07-14T15:52:32","date_gmt":"2025-07-14T12:52:32","guid":{"rendered":"https:\/\/demo8.ecube.lv\/sezona.lv\/products\/starpsezonas-kostims-norfin-rebel-pro\/"},"modified":"2025-07-14T15:52:32","modified_gmt":"2025-07-14T12:52:32","slug":"starpsezonas-kostims-norfin-rebel-pro","status":"publish","type":"product","link":"https:\/\/sezona.lv\/en\/products\/starpsezonas-kostims-norfin-rebel-pro\/","title":{"rendered":"Starpsezonas kost\u012bms Norfin Rebel Pro"},"content":{"rendered":"<div id=\"tab-description\" class=\"woocommerce-Tabs-panel woocommerce-Tabs-panel--description panel entry-content wc-tab\">\n<div class=\"row\">\n<div class=\"col-xs-12\">\n<div id=\"tab-description\" class=\"woocommerce-Tabs-panel woocommerce-Tabs-panel--description panel entry-content wc-tab\">\n<div class=\"row\">\n<div class=\"col-xs-12\">\n<div id=\"tab-description\" class=\"woocommerce-Tabs-panel woocommerce-Tabs-panel--description panel entry-content wc-tab\">\n<div class=\"row\">\n<div class=\"col-xs-12\">\n<p><span>Kost\u012bms izstr\u0101d\u0101ts izmanto&scaron;anai starpsezon\u0101s &#8211; pavasar\u012b un ruden\u012b, vai ar\u012b silt\u0101s ziem\u0101s. Kost\u012bms ir izgatavots no Jap\u0101nas komp\u0101nijas Toray membr\u0101nas materi\u0101la ar augstu mitrumiztur\u012bbu un &#8220;elpotsp\u0113ju&#8221;. 3M Thinsulate siltin\u0101jums nodro&scaron;ina siltumizol\u0101ciju, nepalielinot kost\u012bma svaru un neierobe\u017eojot kust\u012bbas. Sportiskais dizains un lakonisk\u0101 piegrieztne lieliski piest\u0101v\u0113s ne tikai mak&scaron;\u0137erniekiem spiningot\u0101jiem, bet ar\u012b citiem akt\u012bv\u0101s atp\u016btas cien\u012bt\u0101jiem. Kost\u012bms nodro&scaron;ina siltumu un komfortu l\u012bdz &#8211; 0C temperat\u016br\u0101. Materi\u0101ls &#8211; Toray Dermizak.<\/span><\/p>\n<dl>\n<dt>JAKA:<\/dt>\n<li>Nol\u012bm\u0113tas &scaron;uves<\/li>\n<li>Mitrumiztur\u012bgs r\u0101v\u0113jsl\u0113dz\u0113js YKK<\/li>\n<li>Ar r\u0101v\u0113jsl\u0113dz\u0113ju stiprin\u0101ma kapuce<\/li>\n<li>Divos l\u012bme\u0146os regul\u0113jama kapuce<\/li>\n<li>Savelkama jakas apak&scaron;da\u013ca<\/li>\n<li>\u0112rtas kabatas iek&scaron;pus\u0113 un \u0101rpus\u0113<\/li>\n<li>Elast\u012bgas man&scaron;etes<\/li>\n<li>Gaismu atstarojo&scaron;i elementi<\/li>\n<dt>PUSKOMBINEZONS:<\/dt>\n<li>Lences ar regul\u0113jamu garumu<\/li>\n<li>2 s\u0101nu kabatas<\/li>\n<li>\u016adensnecaurlaid\u012bgs r\u0101v\u0113jsl\u0113dz\u0113js YKK<\/li>\n<li>Elast\u012bga josta<\/li>\n<li>Materi\u0101ls: TORAY DERMIZAK<\/li>\n<li>\n<dt><\/dt>\n<dt>Tips: Rudens\/pavasara kost\u012bms<\/dt>\n<dt>\u016adens iztur\u012bba: 20000<\/dt>\n<dt>Elpotsp\u0113ja: 10000<\/dt>\n<dt>Temperat\u016bra: -0<\/dt>\n<dt>Z\u012bmols: NORFIN<\/dt>\n<\/li>\n<\/dl>\n<\/div>\n<\/div>\n<\/div>\n<\/div>\n<\/div>\n<\/div>\n<\/div>\n<\/div>\n<\/div>\n","protected":false},"excerpt":{"rendered":"<p>Kost\u012bms izstr\u0101d\u0101ts izmanto&scaron;anai starpsezon\u0101s &#8211; pavasar\u012b un ruden\u012b, vai ar\u012b silt\u0101s ziem\u0101s. Kost\u012bms ir izgatavots no Jap\u0101nas komp\u0101nijas Toray membr\u0101nas materi\u0101la ar augstu mitrumiztur\u012bbu un &#8220;elpotsp\u0113ju&#8221;. 3M Thinsulate siltin\u0101jums nodro&scaron;ina siltumizol\u0101ciju, nepalielinot kost\u012bma svaru un neierobe\u017eojot kust\u012bbas. Sportiskais dizains un lakonisk\u0101 piegrieztne lieliski piest\u0101v\u0113s ne tikai mak&scaron;\u0137erniekiem spiningot\u0101jiem, bet ar\u012b citiem akt\u012bv\u0101s atp\u016btas cien\u012bt\u0101jiem. Kost\u012bms [&hellip;]<\/p>\n","protected":false},"featured_media":0,"template":"","meta":[],"product_brand":[899],"product_cat":[4619,4620,4640,4993],"product_tag":[],"class_list":{"0":"post-80191","1":"product","2":"type-product","3":"status-publish","5":"product_brand-norfin","6":"product_cat-winter-clothes-recreation","7":"product_cat-norfin-suits-winter-suits-for-fishing","8":"product_cat-recreation","9":"product_cat-winter-suits-for-fishing-winter-clothes-recreation","11":"first","12":"instock","13":"shipping-taxable","14":"purchasable","15":"product-type-simple"},"_links":{"self":[{"href":"https:\/\/sezona.lv\/en\/wp-json\/wp\/v2\/product\/80191","targetHints":{"allow":["GET"]}}],"collection":[{"href":"https:\/\/sezona.lv\/en\/wp-json\/wp\/v2\/product"}],"about":[{"href":"https:\/\/sezona.lv\/en\/wp-json\/wp\/v2\/types\/product"}],"wp:attachment":[{"href":"https:\/\/sezona.lv\/en\/wp-json\/wp\/v2\/media?parent=80191"}],"wp:term":[{"taxonomy":"product_brand","embeddable":true,"href":"https:\/\/sezona.lv\/en\/wp-json\/wp\/v2\/product_brand?post=80191"},{"taxonomy":"product_cat","embeddable":true,"href":"https:\/\/sezona.lv\/en\/wp-json\/wp\/v2\/product_cat?post=80191"},{"taxonomy":"product_tag","embeddable":true,"href":"https:\/\/sezona.lv\/en\/wp-json\/wp\/v2\/product_tag?post=80191"}],"curies":[{"name":"wp","href":"https:\/\/api.w.org\/{rel}","templated":true}]}}