{"id":80192,"date":"2025-07-14T15:52:33","date_gmt":"2025-07-14T12:52:33","guid":{"rendered":"https:\/\/demo8.ecube.lv\/sezona.lv\/products\/starpsezonas-kostims-norfin-boat\/"},"modified":"2025-07-14T15:52:33","modified_gmt":"2025-07-14T12:52:33","slug":"starpsezonas-kostims-norfin-boat","status":"publish","type":"product","link":"https:\/\/sezona.lv\/en\/products\/starpsezonas-kostims-norfin-boat\/","title":{"rendered":"Starpsezonas kost\u012bms Norfin Boat"},"content":{"rendered":"<div id=\"tab-description\" class=\"woocommerce-Tabs-panel woocommerce-Tabs-panel--description panel entry-content wc-tab\">\n<div class=\"row\">\n<div class=\"col-xs-12\">\n<div id=\"tab-description\" class=\"woocommerce-Tabs-panel woocommerce-Tabs-panel--description panel entry-content wc-tab\">\n<div class=\"row\">\n<div class=\"col-xs-12\">\n<div id=\"tab-description\" class=\"woocommerce-Tabs-panel woocommerce-Tabs-panel--description panel entry-content wc-tab\">\n<div class=\"row\">\n<div class=\"col-xs-12\">\n<p><span>Daudzpus\u012bgs lietus kost\u012bms, izstr\u0101d\u0101ts no \u012bpa&scaron;i iztur\u012bga membr\u0101nas materi\u0101la Nortex Breathable, pasarg\u0101s no v\u0113ja un nokri&scaron;\u0146iem. Visas kost\u012bma &scaron;uves ir r\u016bp\u012bgi nol\u012bm\u0113tas. Bikses ir apr\u012bkotas ar elast\u012bgu jostas vietu, kas \u013cauj viegli piel\u0101got apjomu, nodro&scaron;inot \u0113rtu valk\u0101&scaron;anu. Paredz\u0113ts izmanto&scaron;anai gaisa temperat\u016br\u0101 l\u012bdz -5C.<\/span><\/p>\n<dl>\n<dt>JAKA:<\/dt>\n<li>Ar r\u0101v\u0113jsl\u0113dz\u0113ju stiprin\u0101ma, divos l\u012bme\u0146os regul\u0113jama kapuce<\/li>\n<li>Priek&scaron;\u0113jais r\u0101v\u0113jsl\u0113dz\u0113js ar atlloku<\/li>\n<li>Divas kabatas uz kr\u016bt\u012bm ar atlokiem<\/li>\n<li>Divas ietilp\u012bgas s\u0101nu kabatas<\/li>\n<li>Iek&scaron;kabata ar r\u0101v\u0113jsl\u0113dz\u0113ju telefonam un dokumentiem<\/li>\n<li>Regul\u0113jamas man\u017eetes ar velcro aizdari<\/li>\n<li>T\u012bklveida odere<\/li>\n<li>Pagarin\u0101ta muguras da\u013ca<\/li>\n<li>Regul\u0113jama lejas da\u013ca<\/li>\n<li>Visas &scaron;uves ir r\u016bp\u012bgi nol\u012bm\u0113tas<\/li>\n<dt>BIKSES:<\/dt>\n<li>Elast\u012bga jostas vieta<\/li>\n<li>Regul\u0113jamas, no\u0146emamas, elast\u012bgas lences<\/li>\n<li>Divas s\u0101nu kabatas ar r\u0101v\u0113jsl\u0113dz\u0113jiem un atlokiem<\/li>\n<li>Stiprin\u0101ts materi\u0101ls ce\u013cu un s\u0113dvietas zon\u0101s<\/li>\n<li>Regul\u0113jama bik&scaron;u apak&scaron;da\u013ca ar velcro aizdari un r\u0101v\u0113jsl\u0113dz\u0113ju<\/li>\n<li>Visas &scaron;uves ir r\u016bp\u012bgi nol\u012bm\u0113tas<\/li>\n<li>\n<dt><\/dt>\n<dt>Materi\u0101ls: NORTEX BREATHABLE<\/dt>\n<dt>Tips: Rudens\/pavasara kost\u012bms<\/dt>\n<dt>\u016adens iztur\u012bba: 10000<\/dt>\n<dt>Elpotsp\u0113ja: 6000<\/dt>\n<dt>Temperat\u016bra: -5<\/dt>\n<dt>Z\u012bmols: NORFIN<\/dt>\n<\/li>\n<\/dl>\n<dl> <\/dl>\n<\/div>\n<\/div>\n<\/div>\n<\/div>\n<\/div>\n<\/div>\n<\/div>\n<\/div>\n<\/div>\n","protected":false},"excerpt":{"rendered":"<p>Daudzpus\u012bgs lietus kost\u012bms, izstr\u0101d\u0101ts no \u012bpa&scaron;i iztur\u012bga membr\u0101nas materi\u0101la Nortex Breathable, pasarg\u0101s no v\u0113ja un nokri&scaron;\u0146iem. Visas kost\u012bma &scaron;uves ir r\u016bp\u012bgi nol\u012bm\u0113tas. Bikses ir apr\u012bkotas ar elast\u012bgu jostas vietu, kas \u013cauj viegli piel\u0101got apjomu, nodro&scaron;inot \u0113rtu valk\u0101&scaron;anu. Paredz\u0113ts izmanto&scaron;anai gaisa temperat\u016br\u0101 l\u012bdz -5C. JAKA: Ar r\u0101v\u0113jsl\u0113dz\u0113ju stiprin\u0101ma, divos l\u012bme\u0146os regul\u0113jama kapuce Priek&scaron;\u0113jais r\u0101v\u0113jsl\u0113dz\u0113js ar atlloku [&hellip;]<\/p>\n","protected":false},"featured_media":0,"template":"","meta":[],"product_brand":[899],"product_cat":[4619,4620,4640,4993],"product_tag":[],"class_list":{"0":"post-80192","1":"product","2":"type-product","3":"status-publish","5":"product_brand-norfin","6":"product_cat-winter-clothes-recreation","7":"product_cat-norfin-suits-winter-suits-for-fishing","8":"product_cat-recreation","9":"product_cat-winter-suits-for-fishing-winter-clothes-recreation","11":"first","12":"instock","13":"shipping-taxable","14":"purchasable","15":"product-type-simple"},"_links":{"self":[{"href":"https:\/\/sezona.lv\/en\/wp-json\/wp\/v2\/product\/80192","targetHints":{"allow":["GET"]}}],"collection":[{"href":"https:\/\/sezona.lv\/en\/wp-json\/wp\/v2\/product"}],"about":[{"href":"https:\/\/sezona.lv\/en\/wp-json\/wp\/v2\/types\/product"}],"wp:attachment":[{"href":"https:\/\/sezona.lv\/en\/wp-json\/wp\/v2\/media?parent=80192"}],"wp:term":[{"taxonomy":"product_brand","embeddable":true,"href":"https:\/\/sezona.lv\/en\/wp-json\/wp\/v2\/product_brand?post=80192"},{"taxonomy":"product_cat","embeddable":true,"href":"https:\/\/sezona.lv\/en\/wp-json\/wp\/v2\/product_cat?post=80192"},{"taxonomy":"product_tag","embeddable":true,"href":"https:\/\/sezona.lv\/en\/wp-json\/wp\/v2\/product_tag?post=80192"}],"curies":[{"name":"wp","href":"https:\/\/api.w.org\/{rel}","templated":true}]}}