{"id":80193,"date":"2025-07-14T15:52:34","date_gmt":"2025-07-14T12:52:34","guid":{"rendered":"https:\/\/demo8.ecube.lv\/sezona.lv\/products\/starpsezonas-kostims-norfin-feeder-thermo\/"},"modified":"2025-07-14T15:52:34","modified_gmt":"2025-07-14T12:52:34","slug":"starpsezonas-kostims-norfin-feeder-thermo","status":"publish","type":"product","link":"https:\/\/sezona.lv\/en\/products\/starpsezonas-kostims-norfin-feeder-thermo\/","title":{"rendered":"Starpsezonas kost\u012bms Norfin FEEDER THERMO"},"content":{"rendered":"<div id=\"tab-description\" class=\"woocommerce-Tabs-panel woocommerce-Tabs-panel--description panel entry-content wc-tab\">\n<div class=\"row\">\n<div class=\"col-xs-12\">\n<div id=\"tab-description\" class=\"woocommerce-Tabs-panel woocommerce-Tabs-panel--description panel entry-content wc-tab\">\n<div class=\"row\">\n<div class=\"col-xs-12\">\n<div id=\"tab-description\" class=\"woocommerce-Tabs-panel woocommerce-Tabs-panel--description panel entry-content wc-tab\">\n<div class=\"row\">\n<div class=\"col-xs-12\">\n<p><span>Kost\u012bmu Norfin FEEDER THERMO ir ieteicams lietot starpsezon\u0101 &#8211; rudens un pavasara m\u0113ne&scaron;os, pie gaisa temperat\u016bras -10&deg;C. Kost\u012bm\u0101 ir apvienots p\u0101rdom\u0101ts dizains, m\u016bsdien\u012bgs un viegls siltin\u0101jums HOLLOFIL, k\u0101 ar\u012b stiprin\u0101ta materi\u0101la zonas, kas ir pak\u013cautas \u016bdens iedarb\u012bbai s\u0113\u017eot (piem\u0113ram, f\u012bdermak&scaron;\u0137er\u0113&scaron;an\u0101). Komplekt\u0101 ietilpst priek&scaron;auts. Kost\u012bms ir ide\u0101li piem\u0113rots f\u012bdermak&scaron;\u0137er\u0113&scaron;an\u0101 un cop\u0113 ar pludi\u0146u.<\/span><\/p>\n<dl>\n<dt>JAKA:<\/dt>\n<li>Nol\u012bm\u0113tas &scaron;uves<\/li>\n<li>Ar r\u0101v\u0113jsl\u0113dz\u0113ju stiprin\u0101ma kapuce<\/li>\n<li>Priek&scaron;\u0113jais r\u0101v\u0113jsl\u0113dz\u0113js ar atloku<\/li>\n<li>Divu l\u012bme\u0146u regul\u0113jama kapuce<\/li>\n<li>Savelkama jakas lejasda\u013ca<\/li>\n<li>\u0112rtas kabatas gan iek&scaron;pus\u0113, gan \u0101rpus\u0113<\/li>\n<li>Elast\u012bgas, regul\u0113jamas roku man\u017eetes<\/li>\n<li>Gaismu atstarojo&scaron;i elementi dro&scaron;\u012bbai<\/li>\n<li>Priek&scaron;auts<\/li>\n<\/dl>\n<dt>PUSKOMBINEZONS:<\/dt>\n<li>Regul\u0113jamas plecu lences<\/li>\n<li>Divas priek&scaron;\u0113j\u0101s kabatas ar r\u0101v\u0113jsl\u0113dz\u0113ju<\/li>\n<li>Regul\u0113jams viduk\u013ca apjoms<\/li>\n<li>Stiprin\u0101ts materi\u0101ls ce\u013cos, bik&scaron;u aug&scaron;da\u013c\u0101 un s\u0113dviet\u0101<\/li>\n<li>Bik&scaron;u galos r\u0101v\u0113jsl\u0113dz\u0113js un regul\u0113jamas man\u017eetes\n<dl>\n<dt>MATERI\u0100LS:<\/dt>\n<li>NORTEX BREATHABLE<\/li>\n<li>Mitrumiztur\u012bba: 8 000 mm<\/li>\n<li>Elpotsp\u0113ja: 6 000 g\/m&sup2;\/24h<\/li>\n<\/dl>\n<\/li>\n<dl> <\/dl>\n<dl> <\/dl>\n<\/div>\n<\/div>\n<\/div>\n<\/div>\n<\/div>\n<\/div>\n<\/div>\n<\/div>\n<\/div>\n","protected":false},"excerpt":{"rendered":"<p>Kost\u012bmu Norfin FEEDER THERMO ir ieteicams lietot starpsezon\u0101 &#8211; rudens un pavasara m\u0113ne&scaron;os, pie gaisa temperat\u016bras -10&deg;C. Kost\u012bm\u0101 ir apvienots p\u0101rdom\u0101ts dizains, m\u016bsdien\u012bgs un viegls siltin\u0101jums HOLLOFIL, k\u0101 ar\u012b stiprin\u0101ta materi\u0101la zonas, kas ir pak\u013cautas \u016bdens iedarb\u012bbai s\u0113\u017eot (piem\u0113ram, f\u012bdermak&scaron;\u0137er\u0113&scaron;an\u0101). Komplekt\u0101 ietilpst priek&scaron;auts. Kost\u012bms ir ide\u0101li piem\u0113rots f\u012bdermak&scaron;\u0137er\u0113&scaron;an\u0101 un cop\u0113 ar pludi\u0146u. JAKA: Nol\u012bm\u0113tas &scaron;uves [&hellip;]<\/p>\n","protected":false},"featured_media":0,"template":"","meta":[],"product_brand":[899],"product_cat":[4619,4620,4640,4993],"product_tag":[],"class_list":{"0":"post-80193","1":"product","2":"type-product","3":"status-publish","5":"product_brand-norfin","6":"product_cat-winter-clothes-recreation","7":"product_cat-norfin-suits-winter-suits-for-fishing","8":"product_cat-recreation","9":"product_cat-winter-suits-for-fishing-winter-clothes-recreation","11":"first","12":"instock","13":"shipping-taxable","14":"purchasable","15":"product-type-simple"},"_links":{"self":[{"href":"https:\/\/sezona.lv\/en\/wp-json\/wp\/v2\/product\/80193","targetHints":{"allow":["GET"]}}],"collection":[{"href":"https:\/\/sezona.lv\/en\/wp-json\/wp\/v2\/product"}],"about":[{"href":"https:\/\/sezona.lv\/en\/wp-json\/wp\/v2\/types\/product"}],"wp:attachment":[{"href":"https:\/\/sezona.lv\/en\/wp-json\/wp\/v2\/media?parent=80193"}],"wp:term":[{"taxonomy":"product_brand","embeddable":true,"href":"https:\/\/sezona.lv\/en\/wp-json\/wp\/v2\/product_brand?post=80193"},{"taxonomy":"product_cat","embeddable":true,"href":"https:\/\/sezona.lv\/en\/wp-json\/wp\/v2\/product_cat?post=80193"},{"taxonomy":"product_tag","embeddable":true,"href":"https:\/\/sezona.lv\/en\/wp-json\/wp\/v2\/product_tag?post=80193"}],"curies":[{"name":"wp","href":"https:\/\/api.w.org\/{rel}","templated":true}]}}