{"id":80194,"date":"2025-07-14T15:52:35","date_gmt":"2025-07-14T12:52:35","guid":{"rendered":"https:\/\/demo8.ecube.lv\/sezona.lv\/products\/starpsezonas-jaka-norfin-verity-pro-gr\/"},"modified":"2025-07-14T15:52:35","modified_gmt":"2025-07-14T12:52:35","slug":"starpsezonas-jaka-norfin-verity-pro-gr","status":"publish","type":"product","link":"https:\/\/sezona.lv\/en\/products\/starpsezonas-jaka-norfin-verity-pro-gr\/","title":{"rendered":"Starpsezonas jaka Norfin VERITY Pro GR"},"content":{"rendered":"<div id=\"tab1\" class=\"tabContents\">\n<div class=\"item_desc\">\n<div class=\"item_desc\">\n<p><span>Starpsezonas jaka ar sportisku dizainu b\u016bs piem\u0113rota ne tikai mak&scaron;\u0137er\u0113&scaron;anai, bet ar\u012b visa veida atp\u016btai dab\u0101. Jaka ra\u017eota no membr\u0101nas materi\u0101la NORTEX BREATHABLE ar labiem \u016bdensiztur\u012bbas un elpo&scaron;anas r\u0101d\u012bt\u0101jiem, siltin\u0101jums &#8211; HOLLOFIL.<\/span><\/p>\n<ul>\n<dt>JAKA:<\/dt>\n<li>\u016adensiztur\u012bgs r\u0101v\u0113jsl\u0113dz\u0113js YKK<\/li>\n<li>Stiprin\u0101ma kapuce ar r\u0101v\u0113jsl\u0113dz\u0113ju<\/li>\n<li>Divu l\u012bme\u0146u regul\u0113jama kapuce<\/li>\n<li>Regul\u0113jams jakas apjoms<\/li>\n<li>Tr\u012bs \u0101r\u0113j\u0101s kabatas ar r\u0101v\u0113jsl\u0113dz\u0113ju<\/li>\n<li>Iek&scaron;\u0113ja kabata dokumentiem<\/li>\n<li>Elast\u012bgas iek&scaron;\u0113j\u0101s man\u017eetes<\/li>\n<li>Regul\u0113jamas \u0101r\u0113j\u0101s man\u017eetes<\/li>\n<li>Gaismu atstarojo&scaron;i elementi dro&scaron;\u012bbai<\/li>\n<\/ul>\n<\/div>\n<dt><strong>Materi\u0101ls: NORTEX BREATHABLE<\/strong><\/dt>\n<dt><strong>Tips: Jaka<\/strong><\/dt>\n<dt><strong>\u016adens iztur\u012bba: 12000<\/strong><\/dt>\n<dt><strong>Elpotsp\u0113ja: 8000<\/strong><\/dt>\n<dt><strong>Temperat\u016bra: -10<\/strong><\/dt>\n<dt><strong>Z\u012bmols: NORFIN<\/strong><\/dt>\n<\/div>\n<\/div>\n","protected":false},"excerpt":{"rendered":"<p>Starpsezonas jaka ar sportisku dizainu b\u016bs piem\u0113rota ne tikai mak&scaron;\u0137er\u0113&scaron;anai, bet ar\u012b visa veida atp\u016btai dab\u0101. Jaka ra\u017eota no membr\u0101nas materi\u0101la NORTEX BREATHABLE ar labiem \u016bdensiztur\u012bbas un elpo&scaron;anas r\u0101d\u012bt\u0101jiem, siltin\u0101jums &#8211; HOLLOFIL. JAKA: \u016adensiztur\u012bgs r\u0101v\u0113jsl\u0113dz\u0113js YKK Stiprin\u0101ma kapuce ar r\u0101v\u0113jsl\u0113dz\u0113ju Divu l\u012bme\u0146u regul\u0113jama kapuce Regul\u0113jams jakas apjoms Tr\u012bs \u0101r\u0113j\u0101s kabatas ar r\u0101v\u0113jsl\u0113dz\u0113ju Iek&scaron;\u0113ja kabata dokumentiem [&hellip;]<\/p>\n","protected":false},"featured_media":0,"template":"","meta":[],"product_brand":[899],"product_cat":[4538,4559,4560,4640],"product_tag":[],"class_list":{"0":"post-80194","1":"product","2":"type-product","3":"status-publish","5":"product_brand-norfin","6":"product_cat-fishing-equipment-recreation","7":"product_cat-equipment-fishing-equipment-recreation","8":"product_cat-clothes-equipment-fishing-equipment-recreation","9":"product_cat-recreation","11":"first","12":"instock","13":"shipping-taxable","14":"purchasable","15":"product-type-simple"},"_links":{"self":[{"href":"https:\/\/sezona.lv\/en\/wp-json\/wp\/v2\/product\/80194","targetHints":{"allow":["GET"]}}],"collection":[{"href":"https:\/\/sezona.lv\/en\/wp-json\/wp\/v2\/product"}],"about":[{"href":"https:\/\/sezona.lv\/en\/wp-json\/wp\/v2\/types\/product"}],"wp:attachment":[{"href":"https:\/\/sezona.lv\/en\/wp-json\/wp\/v2\/media?parent=80194"}],"wp:term":[{"taxonomy":"product_brand","embeddable":true,"href":"https:\/\/sezona.lv\/en\/wp-json\/wp\/v2\/product_brand?post=80194"},{"taxonomy":"product_cat","embeddable":true,"href":"https:\/\/sezona.lv\/en\/wp-json\/wp\/v2\/product_cat?post=80194"},{"taxonomy":"product_tag","embeddable":true,"href":"https:\/\/sezona.lv\/en\/wp-json\/wp\/v2\/product_tag?post=80194"}],"curies":[{"name":"wp","href":"https:\/\/api.w.org\/{rel}","templated":true}]}}