{"id":80196,"date":"2025-07-14T15:52:37","date_gmt":"2025-07-14T12:52:37","guid":{"rendered":"https:\/\/demo8.ecube.lv\/sezona.lv\/products\/starpsezonas-bikses-norfin-verity-pro-gr\/"},"modified":"2025-07-14T15:52:37","modified_gmt":"2025-07-14T12:52:37","slug":"starpsezonas-bikses-norfin-verity-pro-gr","status":"publish","type":"product","link":"https:\/\/sezona.lv\/en\/products\/starpsezonas-bikses-norfin-verity-pro-gr\/","title":{"rendered":"Starpsezonas bikses Norfin VERITY Pro GR"},"content":{"rendered":"<div id=\"tab1\" class=\"tabContents\">\n<div class=\"item_desc\">\n<div class=\"item_desc\">\n<div class=\"item_desc\">\n<p><span>Augst\u0101s bikses Norfin Verity Pro lieliski der\u0113s ne tikai mak&scaron;\u0137erniekiem spiningot\u0101jiem, bet ar\u012b citiem akt\u012bv\u0101s atp\u016btas cien\u012bt\u0101jiem. Bikses ir izgatavotas no membr\u0101nas materi\u0101la Nor-Tex Breathable ar augstu mitrumiztur\u012bbu un &#8220;elpotsp\u0113ju&#8221;. Lab\u0101kai \u0137erme\u0146a siltuma saglab\u0101&scaron;anai aukst\u0101 laik\u0101, biks\u0113m ir izmantots m\u016bsdien\u012bgs, viegls siltin\u0101jums HOLLOFIL.<\/span><\/p>\n<ul>\n<li>Nol\u012bm\u0113tas &scaron;uves<\/li>\n<li>Divas s\u0101nu kabatas<\/li>\n<li>Divas papildus kabatas uz k\u0101j\u0101m<\/li>\n<li>Divas kabatas roku sild\u012b&scaron;anai<\/li>\n<li>\u016adensnecaurlaid\u012bgs, divpus\u0113js r\u0101v\u0113jsl\u0113dz\u0113js YKK<\/li>\n<li>Elast\u012bga josta<\/li>\n<li>R\u0101v\u0113jsl\u0113dz\u0113js bik&scaron;u staru galos<\/li>\n<li>\u0112rta piegriestne<\/li>\n<li>Regul\u0113jamas plecu lences<\/li>\n<li>Augsta muguras da\u013ca papildus siltumam un komfortam<\/li>\n<\/ul>\n<\/div>\n<dt><strong>Materi\u0101ls: NORTEX BREATHABLE<\/strong><\/dt>\n<dt><strong>Tips: Bikses<\/strong><\/dt>\n<dt><strong>\u016adens iztur\u012bba: 12000<\/strong><\/dt>\n<dt><strong>Elpotsp\u0113ja: 8000<\/strong><\/dt>\n<dt><strong>Temperat\u016bra: -10<\/strong><\/dt>\n<dt><strong>Z\u012bmols: NORFIN<\/strong><\/dt>\n<\/div>\n<\/div>\n<\/div>\n","protected":false},"excerpt":{"rendered":"<p>Augst\u0101s bikses Norfin Verity Pro lieliski der\u0113s ne tikai mak&scaron;\u0137erniekiem spiningot\u0101jiem, bet ar\u012b citiem akt\u012bv\u0101s atp\u016btas cien\u012bt\u0101jiem. Bikses ir izgatavotas no membr\u0101nas materi\u0101la Nor-Tex Breathable ar augstu mitrumiztur\u012bbu un &#8220;elpotsp\u0113ju&#8221;. Lab\u0101kai \u0137erme\u0146a siltuma saglab\u0101&scaron;anai aukst\u0101 laik\u0101, biks\u0113m ir izmantots m\u016bsdien\u012bgs, viegls siltin\u0101jums HOLLOFIL. Nol\u012bm\u0113tas &scaron;uves Divas s\u0101nu kabatas Divas papildus kabatas uz k\u0101j\u0101m Divas kabatas [&hellip;]<\/p>\n","protected":false},"featured_media":0,"template":"","meta":[],"product_brand":[899],"product_cat":[4538,4559,4560,4640],"product_tag":[],"class_list":{"0":"post-80196","1":"product","2":"type-product","3":"status-publish","5":"product_brand-norfin","6":"product_cat-fishing-equipment-recreation","7":"product_cat-equipment-fishing-equipment-recreation","8":"product_cat-clothes-equipment-fishing-equipment-recreation","9":"product_cat-recreation","11":"first","12":"instock","13":"shipping-taxable","14":"purchasable","15":"product-type-simple"},"_links":{"self":[{"href":"https:\/\/sezona.lv\/en\/wp-json\/wp\/v2\/product\/80196","targetHints":{"allow":["GET"]}}],"collection":[{"href":"https:\/\/sezona.lv\/en\/wp-json\/wp\/v2\/product"}],"about":[{"href":"https:\/\/sezona.lv\/en\/wp-json\/wp\/v2\/types\/product"}],"wp:attachment":[{"href":"https:\/\/sezona.lv\/en\/wp-json\/wp\/v2\/media?parent=80196"}],"wp:term":[{"taxonomy":"product_brand","embeddable":true,"href":"https:\/\/sezona.lv\/en\/wp-json\/wp\/v2\/product_brand?post=80196"},{"taxonomy":"product_cat","embeddable":true,"href":"https:\/\/sezona.lv\/en\/wp-json\/wp\/v2\/product_cat?post=80196"},{"taxonomy":"product_tag","embeddable":true,"href":"https:\/\/sezona.lv\/en\/wp-json\/wp\/v2\/product_tag?post=80196"}],"curies":[{"name":"wp","href":"https:\/\/api.w.org\/{rel}","templated":true}]}}