{"id":80199,"date":"2025-07-14T15:52:39","date_gmt":"2025-07-14T12:52:39","guid":{"rendered":"https:\/\/demo8.ecube.lv\/sezona.lv\/products\/ziemas-kostims-norfin-discovery-2-le-camo\/"},"modified":"2025-07-14T15:52:39","modified_gmt":"2025-07-14T12:52:39","slug":"ziemas-kostims-norfin-discovery-2-le-camo","status":"publish","type":"product","link":"https:\/\/sezona.lv\/en\/products\/ziemas-kostims-norfin-discovery-2-le-camo\/","title":{"rendered":"Ziemas kost\u012bms Norfin DISCOVERY 2 LE CAMO"},"content":{"rendered":"<p>Ziemas kost\u012bms mak&scaron;\u0137erniekiem izgatavots no notur\u012bg\u0101 Nortex Breathable materi\u0101la ar Hollofil siltin\u0101jumu nodro&scaron;in\u0101s komfortu l\u012bdz pat -35C. Papildus ielikt\u0146i uz ce\u013ciem un s\u0113\u017eamvietas nodro&scaron;in\u0101s komfortu pat akt\u012bvi mak&scaron;\u0137er\u0113jot. Siltin\u0101ta kapuce un augsta apkakle aizsarg\u0101s no v\u0113ja un sniega.<\/p>\n<dt>JAKA:<\/dt>\n<li>Nol\u012bm\u0113tas &scaron;uves<\/li>\n<li>Dubultais r\u0101v\u0113jsl\u0113dz\u0113js YKK<\/li>\n<li>Divos l\u012bme\u0146os regul\u0113jama kapuce<\/li>\n<li>Savelkama jakas apak&scaron;da\u013ca<\/li>\n<li>\u0112rtas kabatas jakas iek&scaron;pus\u0113 un \u0101rpus\u0113<\/li>\n<li>Silta kabata mobilajam telefonam<\/li>\n<li>Roku sild\u0101mas kabatas<\/li>\n<li>Elast\u012bgas man\u017eetes<\/li>\n<li>Regul\u0113jamas \u0101r\u0113j\u0101s man\u017eetes piedurkn\u0113m<\/li>\n<li>Gaismu atstarojo&scaron;as uz&scaron;uves dro&scaron;\u012bbai<\/li>\n<dt>PUSKOMBINEZONS:<\/dt>\n<li>Garum\u0101 regul\u0113jamas lences<\/li>\n<li>Kr\u016b&scaron;u kabata<\/li>\n<li>Divas \u0101r\u0113j\u0101s kabatas<\/li>\n<li>Pastiprin\u0101ts materi\u0101ls s\u0113\u017eamvietas un ce\u013cgalu rajonos<\/li>\n<li>Iek&scaron;\u0113j\u0101s getras aizsardz\u012bbai pret sniegu<\/li>\n<p>&nbsp;<\/p>\n<dt><strong><strong>Materi\u0101ls: NORTEX BREATHABLE<\/strong><\/strong><\/dt>\n<dt><strong><strong>Tips: Ziemas kost\u012bms<\/strong><\/strong><\/dt>\n<dt><strong><strong>\u016adens iztur\u012bba: 6000<\/strong><\/strong><\/dt>\n<dt><strong><strong>Elpotsp\u0113ja: 6000<\/strong><\/strong><\/dt>\n<dt><strong><strong>Temperat\u016bra: -35<\/strong><\/strong><\/dt>\n<dt><strong><strong>Z\u012bmols: NORFIN<\/strong><\/strong><\/dt>\n","protected":false},"excerpt":{"rendered":"<p>Ziemas kost\u012bms mak&scaron;\u0137erniekiem izgatavots no notur\u012bg\u0101 Nortex Breathable materi\u0101la ar Hollofil siltin\u0101jumu nodro&scaron;in\u0101s komfortu l\u012bdz pat -35C. Papildus ielikt\u0146i uz ce\u013ciem un s\u0113\u017eamvietas nodro&scaron;in\u0101s komfortu pat akt\u012bvi mak&scaron;\u0137er\u0113jot. Siltin\u0101ta kapuce un augsta apkakle aizsarg\u0101s no v\u0113ja un sniega. JAKA: Nol\u012bm\u0113tas &scaron;uves Dubultais r\u0101v\u0113jsl\u0113dz\u0113js YKK Divos l\u012bme\u0146os regul\u0113jama kapuce Savelkama jakas apak&scaron;da\u013ca \u0112rtas kabatas jakas iek&scaron;pus\u0113 [&hellip;]<\/p>\n","protected":false},"featured_media":0,"template":"","meta":[],"product_brand":[899],"product_cat":[4619,4620,4640,4993],"product_tag":[],"class_list":{"0":"post-80199","1":"product","2":"type-product","3":"status-publish","5":"product_brand-norfin","6":"product_cat-winter-clothes-recreation","7":"product_cat-norfin-suits-winter-suits-for-fishing","8":"product_cat-recreation","9":"product_cat-winter-suits-for-fishing-winter-clothes-recreation","11":"first","12":"instock","13":"shipping-taxable","14":"purchasable","15":"product-type-simple"},"_links":{"self":[{"href":"https:\/\/sezona.lv\/en\/wp-json\/wp\/v2\/product\/80199","targetHints":{"allow":["GET"]}}],"collection":[{"href":"https:\/\/sezona.lv\/en\/wp-json\/wp\/v2\/product"}],"about":[{"href":"https:\/\/sezona.lv\/en\/wp-json\/wp\/v2\/types\/product"}],"wp:attachment":[{"href":"https:\/\/sezona.lv\/en\/wp-json\/wp\/v2\/media?parent=80199"}],"wp:term":[{"taxonomy":"product_brand","embeddable":true,"href":"https:\/\/sezona.lv\/en\/wp-json\/wp\/v2\/product_brand?post=80199"},{"taxonomy":"product_cat","embeddable":true,"href":"https:\/\/sezona.lv\/en\/wp-json\/wp\/v2\/product_cat?post=80199"},{"taxonomy":"product_tag","embeddable":true,"href":"https:\/\/sezona.lv\/en\/wp-json\/wp\/v2\/product_tag?post=80199"}],"curies":[{"name":"wp","href":"https:\/\/api.w.org\/{rel}","templated":true}]}}