{"id":80214,"date":"2025-07-14T15:52:54","date_gmt":"2025-07-14T12:52:54","guid":{"rendered":"https:\/\/demo8.ecube.lv\/sezona.lv\/products\/zippo-207ci010419-from-latvia-with-love-skiltavas\/"},"modified":"2025-07-14T15:52:54","modified_gmt":"2025-07-14T12:52:54","slug":"zippo-207ci010419-from-latvia-with-love-skiltavas","status":"publish","type":"product","link":"https:\/\/sezona.lv\/en\/products\/zippo-207ci010419-from-latvia-with-love-skiltavas\/","title":{"rendered":"Zippo 207CI010419 From Latvia With Love \u0161\u0137iltavas"},"content":{"rendered":"<div id=\"more_info_block\" class=\"clear\">\n<div id=\"more_info_sheets\" class=\"sheets align_justify\">\n<div id=\"idTab1\" class=\"rte\">Zippo &scaron;\u0137iltavas &ndash; izgatavotas &ldquo;Zippo&rdquo; komp\u0101nij\u0101 Bredford\u0101, Pensilvanijas  &scaron;tat\u0101, ASV no kvalitat\u012bva met\u0101la (misi\u0146a), degvielas uzpild\u0101mas,  v\u0113jiztur\u012bgas ar m\u016b\u017ea garantiju. Zippo tika dibin\u0101ta 1932. gad\u0101, kad  D\u017eord\u017es D\u017e.Blejsdels nol\u0113ma izgatavot skaistas un lieto&scaron;anai \u0113rtas  &scaron;\u0137iltavas. Iz\u0146emot meh\u0101nisma rite\u0146a uzlabo&scaron;anu un &scaron;\u0137iltavas korpusa  dizaina vari\u0101ciju, Zippo &scaron;\u0137iltavas forma palika nemain\u012bta kop&scaron; Blejsdela  laikiem. Jebkurai Zippo met\u0101la produkcijai ir garantija, kas apliecina:  &ldquo;T\u0101 str\u0101d\u0101, vai m\u0113s to labosim bezmaksas&rdquo;.<\/p>\n<p><strong>Specifik\u0101cija<\/strong><br \/>* Izgatavotas no kvalitat\u012bva met\u0101la-misi\u0146a.<br \/>* Ar degvielu uzpild\u0101mas<br \/>* V\u0113jiztur\u012bgas ar m\u016b\u017ea garantiju.<br \/>* Komplekt\u0101 n\u0101k iepakojuma kast\u012bte.<br \/>* Izgatavots ASV.<\/div>\n<\/div>\n<\/div>\n","protected":false},"excerpt":{"rendered":"<p>Zippo &scaron;\u0137iltavas &ndash; izgatavotas &ldquo;Zippo&rdquo; komp\u0101nij\u0101 Bredford\u0101, Pensilvanijas &scaron;tat\u0101, ASV no kvalitat\u012bva met\u0101la (misi\u0146a), degvielas uzpild\u0101mas, v\u0113jiztur\u012bgas ar m\u016b\u017ea garantiju. Zippo tika dibin\u0101ta 1932. gad\u0101, kad D\u017eord\u017es D\u017e.Blejsdels nol\u0113ma izgatavot skaistas un lieto&scaron;anai \u0113rtas &scaron;\u0137iltavas. Iz\u0146emot meh\u0101nisma rite\u0146a uzlabo&scaron;anu un &scaron;\u0137iltavas korpusa dizaina vari\u0101ciju, Zippo &scaron;\u0137iltavas forma palika nemain\u012bta kop&scaron; Blejsdela laikiem. Jebkurai Zippo met\u0101la [&hellip;]<\/p>\n","protected":false},"featured_media":0,"template":"","meta":[],"product_brand":[3440],"product_cat":[4558,4640,4720,4994],"product_tag":[],"class_list":{"0":"post-80214","1":"product","2":"type-product","3":"status-publish","5":"product_brand-zippo","6":"product_cat-for-tourism-recreation","7":"product_cat-recreation","8":"product_cat-gas-stoves-burners-lanterns-heaters-for-tourism-recreation","9":"product_cat-zippo-lighters-gas-stoves-burners-lanterns-heaters-for-tourism-recreation","11":"first","12":"instock","13":"shipping-taxable","14":"purchasable","15":"product-type-simple"},"_links":{"self":[{"href":"https:\/\/sezona.lv\/en\/wp-json\/wp\/v2\/product\/80214","targetHints":{"allow":["GET"]}}],"collection":[{"href":"https:\/\/sezona.lv\/en\/wp-json\/wp\/v2\/product"}],"about":[{"href":"https:\/\/sezona.lv\/en\/wp-json\/wp\/v2\/types\/product"}],"wp:attachment":[{"href":"https:\/\/sezona.lv\/en\/wp-json\/wp\/v2\/media?parent=80214"}],"wp:term":[{"taxonomy":"product_brand","embeddable":true,"href":"https:\/\/sezona.lv\/en\/wp-json\/wp\/v2\/product_brand?post=80214"},{"taxonomy":"product_cat","embeddable":true,"href":"https:\/\/sezona.lv\/en\/wp-json\/wp\/v2\/product_cat?post=80214"},{"taxonomy":"product_tag","embeddable":true,"href":"https:\/\/sezona.lv\/en\/wp-json\/wp\/v2\/product_tag?post=80214"}],"curies":[{"name":"wp","href":"https:\/\/api.w.org\/{rel}","templated":true}]}}