{"id":80230,"date":"2025-07-14T15:53:12","date_gmt":"2025-07-14T12:53:12","guid":{"rendered":"https:\/\/demo8.ecube.lv\/sezona.lv\/products\/sieviesu-ziemas-jaka-jaka-norfin-nordic-purple\/"},"modified":"2025-07-14T15:53:12","modified_gmt":"2025-07-14T12:53:12","slug":"sieviesu-ziemas-jaka-jaka-norfin-nordic-purple","status":"publish","type":"product","link":"https:\/\/sezona.lv\/en\/products\/sieviesu-ziemas-jaka-jaka-norfin-nordic-purple\/","title":{"rendered":"Sievie\u0161u ziemas jaka Jaka Norfin NORDIC PURPLE"},"content":{"rendered":"<div id=\"description\" class=\"tab-pane active\">\n<div id=\"description\" class=\"tab-pane active\">\n<p><span>Sievie&scaron;u ziemas jaka mak&scaron;\u0137er\u0113&scaron;anai un cit\u0101m aktivit\u0101t\u0113m dab\u0101. Izgatavota no elpojo&scaron;a un \u016bdensiztur\u012bga Nor-Tex Breathable materi\u0101la, kas ar savu elast\u012bgumu nodro&scaron;ina kust\u012bbu br\u012bv\u012bbu. Jaka ir paredz\u0113ta ekspluat\u0101cijai gaisa temperat\u016br\u0101 l\u012bdz &#8211; 30C<\/span><\/p>\n<p>JAKA:<\/p>\n<ul>\n<li>Dubultais r\u0101v\u0113jsl\u0113dz\u0113js ar atloku<\/li>\n<li>Nol\u012bm\u0113tas &scaron;uves<\/li>\n<li>Regul\u0113jama jakas lejasda\u013ca<\/li>\n<li>Kabatas roku sild\u012b&scaron;anai<\/li>\n<li>Divas s\u0101nu kabatas ar r\u0101v\u0113jsl\u0113dz\u0113jiem<\/li>\n<li>Kabata mobilajam telefonam<\/li>\n<li>Regul\u0113jamas \u0101r\u0113j\u0101s man&scaron;etes piedurkn\u0113m<\/li>\n<li>Gaismu atstarojo&scaron;i elementi papildus dro&scaron;\u012bbai<\/li>\n<li>Materi\u0101ls: Nor-Tex Breathable<\/li>\n<li>Mitrumiztur\u012bba: 8000mm<\/li>\n<li>Elpotsp\u0113ja: 6000g\/m2\/24h<\/li>\n<li>Siltin\u0101jums: Hollofil<\/li>\n<\/ul>\n<\/div>\n<\/div>\n<p><strong><\/strong><\/p>\n","protected":false},"excerpt":{"rendered":"<p>Sievie&scaron;u ziemas jaka mak&scaron;\u0137er\u0113&scaron;anai un cit\u0101m aktivit\u0101t\u0113m dab\u0101. Izgatavota no elpojo&scaron;a un \u016bdensiztur\u012bga Nor-Tex Breathable materi\u0101la, kas ar savu elast\u012bgumu nodro&scaron;ina kust\u012bbu br\u012bv\u012bbu. Jaka ir paredz\u0113ta ekspluat\u0101cijai gaisa temperat\u016br\u0101 l\u012bdz &#8211; 30C JAKA: Dubultais r\u0101v\u0113jsl\u0113dz\u0113js ar atloku Nol\u012bm\u0113tas &scaron;uves Regul\u0113jama jakas lejasda\u013ca Kabatas roku sild\u012b&scaron;anai Divas s\u0101nu kabatas ar r\u0101v\u0113jsl\u0113dz\u0113jiem Kabata mobilajam telefonam Regul\u0113jamas \u0101r\u0113j\u0101s [&hellip;]<\/p>\n","protected":false},"featured_media":0,"template":"","meta":[],"product_brand":[899],"product_cat":[4619,4620,4640,4993],"product_tag":[],"class_list":{"0":"post-80230","1":"product","2":"type-product","3":"status-publish","5":"product_brand-norfin","6":"product_cat-winter-clothes-recreation","7":"product_cat-norfin-suits-winter-suits-for-fishing","8":"product_cat-recreation","9":"product_cat-winter-suits-for-fishing-winter-clothes-recreation","11":"first","12":"instock","13":"shipping-taxable","14":"purchasable","15":"product-type-simple"},"_links":{"self":[{"href":"https:\/\/sezona.lv\/en\/wp-json\/wp\/v2\/product\/80230","targetHints":{"allow":["GET"]}}],"collection":[{"href":"https:\/\/sezona.lv\/en\/wp-json\/wp\/v2\/product"}],"about":[{"href":"https:\/\/sezona.lv\/en\/wp-json\/wp\/v2\/types\/product"}],"wp:attachment":[{"href":"https:\/\/sezona.lv\/en\/wp-json\/wp\/v2\/media?parent=80230"}],"wp:term":[{"taxonomy":"product_brand","embeddable":true,"href":"https:\/\/sezona.lv\/en\/wp-json\/wp\/v2\/product_brand?post=80230"},{"taxonomy":"product_cat","embeddable":true,"href":"https:\/\/sezona.lv\/en\/wp-json\/wp\/v2\/product_cat?post=80230"},{"taxonomy":"product_tag","embeddable":true,"href":"https:\/\/sezona.lv\/en\/wp-json\/wp\/v2\/product_tag?post=80230"}],"curies":[{"name":"wp","href":"https:\/\/api.w.org\/{rel}","templated":true}]}}