{"id":80233,"date":"2025-07-14T15:53:15","date_gmt":"2025-07-14T12:53:15","guid":{"rendered":"https:\/\/demo8.ecube.lv\/sezona.lv\/products\/sieviesu-ziemas-puskombinezons-norfin-women-nordic-space-blue\/"},"modified":"2025-07-14T15:53:15","modified_gmt":"2025-07-14T12:53:15","slug":"sieviesu-ziemas-puskombinezons-norfin-women-nordic-space-blue","status":"publish","type":"product","link":"https:\/\/sezona.lv\/en\/products\/sieviesu-ziemas-puskombinezons-norfin-women-nordic-space-blue\/","title":{"rendered":"Sievie\u0161u ziemas puskombinezons Norfin Women NORDIC SPACE BLUE"},"content":{"rendered":"<div id=\"description\" class=\"tab-pane active\">\n<div id=\"description\" class=\"tab-pane active\">\n<p><span>Sievie&scaron;u ziemas bikses mak&scaron;\u0137er\u0113&scaron;anai un cit\u0101m aktivit\u0101t\u0113m dab\u0101. Izgatavotas no elpojo&scaron;a un \u016bdensiztur\u012bga Nor-Tex Breathable materi\u0101la, kas ar savu elast\u012bgumu nodro&scaron;ina kust\u012bbu br\u012bv\u012bbu. Bikses ir paredz\u0113tas ekspluat\u0101cijai gaisa temperat\u016br\u0101 l\u012bdz &#8211; 30C<\/span><\/p>\n<p>PUSKOMBINEZONS:<\/p>\n<ul>\n<li>Regul\u0113jamas elast\u012bgas lences<\/li>\n<li>Nol\u012bm\u0113tas &scaron;uves<\/li>\n<li>Regul\u0113jams viduk\u013ca apk\u0101rtm\u0113rs<\/li>\n<li>Neilona odere<\/li>\n<li>Divas s\u0101nu kabatas ar r\u0101v\u0113jsl\u0113dz\u0113jiem<\/li>\n<li>Iek&scaron;\u0113j\u0101s getras aizsardz\u012bbai pret sniegu<\/li>\n<li>Priek&scaron;\u0113jais r\u0101v\u0113jsl\u0113dz\u0113js ar atloku<\/li>\n<li>Bik&scaron;u staras attais\u0101mas ar r\u0101v\u0113jsl\u0113dz\u0113ju<\/li>\n<li>Materi\u0101ls: Nor-Tex Breathable<\/li>\n<li>Mitrumiztur\u012bba: 8000mm<\/li>\n<li>Elpotsp\u0113ja: 6000g\/m2\/24h<\/li>\n<li>Siltin\u0101jums: Hollofil<\/li>\n<\/ul>\n<ul>\n<\/ul>\n<\/div>\n<\/div>\n<p><strong><\/strong><\/p>\n","protected":false},"excerpt":{"rendered":"<p>Sievie&scaron;u ziemas bikses mak&scaron;\u0137er\u0113&scaron;anai un cit\u0101m aktivit\u0101t\u0113m dab\u0101. Izgatavotas no elpojo&scaron;a un \u016bdensiztur\u012bga Nor-Tex Breathable materi\u0101la, kas ar savu elast\u012bgumu nodro&scaron;ina kust\u012bbu br\u012bv\u012bbu. Bikses ir paredz\u0113tas ekspluat\u0101cijai gaisa temperat\u016br\u0101 l\u012bdz &#8211; 30C PUSKOMBINEZONS: Regul\u0113jamas elast\u012bgas lences Nol\u012bm\u0113tas &scaron;uves Regul\u0113jams viduk\u013ca apk\u0101rtm\u0113rs Neilona odere Divas s\u0101nu kabatas ar r\u0101v\u0113jsl\u0113dz\u0113jiem Iek&scaron;\u0113j\u0101s getras aizsardz\u012bbai pret sniegu Priek&scaron;\u0113jais r\u0101v\u0113jsl\u0113dz\u0113js [&hellip;]<\/p>\n","protected":false},"featured_media":0,"template":"","meta":[],"product_brand":[899],"product_cat":[4619,4620,4640,4993],"product_tag":[],"class_list":{"0":"post-80233","1":"product","2":"type-product","3":"status-publish","5":"product_brand-norfin","6":"product_cat-winter-clothes-recreation","7":"product_cat-norfin-suits-winter-suits-for-fishing","8":"product_cat-recreation","9":"product_cat-winter-suits-for-fishing-winter-clothes-recreation","11":"first","12":"instock","13":"shipping-taxable","14":"purchasable","15":"product-type-simple"},"_links":{"self":[{"href":"https:\/\/sezona.lv\/en\/wp-json\/wp\/v2\/product\/80233","targetHints":{"allow":["GET"]}}],"collection":[{"href":"https:\/\/sezona.lv\/en\/wp-json\/wp\/v2\/product"}],"about":[{"href":"https:\/\/sezona.lv\/en\/wp-json\/wp\/v2\/types\/product"}],"wp:attachment":[{"href":"https:\/\/sezona.lv\/en\/wp-json\/wp\/v2\/media?parent=80233"}],"wp:term":[{"taxonomy":"product_brand","embeddable":true,"href":"https:\/\/sezona.lv\/en\/wp-json\/wp\/v2\/product_brand?post=80233"},{"taxonomy":"product_cat","embeddable":true,"href":"https:\/\/sezona.lv\/en\/wp-json\/wp\/v2\/product_cat?post=80233"},{"taxonomy":"product_tag","embeddable":true,"href":"https:\/\/sezona.lv\/en\/wp-json\/wp\/v2\/product_tag?post=80233"}],"curies":[{"name":"wp","href":"https:\/\/api.w.org\/{rel}","templated":true}]}}