{"id":80235,"date":"2025-07-14T15:53:17","date_gmt":"2025-07-14T12:53:17","guid":{"rendered":"https:\/\/demo8.ecube.lv\/sezona.lv\/products\/flisa-jaka-norfin-vector\/"},"modified":"2025-07-14T15:53:17","modified_gmt":"2025-07-14T12:53:17","slug":"flisa-jaka-norfin-vector","status":"publish","type":"product","link":"https:\/\/sezona.lv\/en\/products\/flisa-jaka-norfin-vector\/","title":{"rendered":"Fl\u012bsa jaka Norfin VECTOR"},"content":{"rendered":"<div class=\"inner-content\">\n<div class=\"inner-content\">\n<div id=\"cke_pastebin\"><span>V\u0113ja iztur\u012bga, elpojo&scaron;a jaka no augstas kvalit\u0101tes SOFT SHELL materi\u0101la. \u0112rt\u0101, regul\u0113jam\u0101 kapuce nodro&scaron;in\u0101s papildus aizsardz\u012bbu. Pateicoties vieglajam svaram, jaka ir lieliski piem\u0113rota da\u017e\u0101da veida akt\u012bvai atp\u016btai, k\u0101 ar\u012b ikdienas valk\u0101&scaron;anai.<\/span><\/p>\n<ul>\n<li>Regul\u0113jams kapuces apjoms<\/li>\n<li>Regul\u0113jama jakas lejas da\u013ca<\/li>\n<li>Kabata uz kr\u016bt\u012bm un divas s\u0101nu kabatas ar r\u0101v\u0113jsl\u0113dz\u0113jiem<\/li>\n<li>Materi\u0101ls: 70% poliesters, 30% PU membr\u0101na<\/li>\n<li>Elpotsp\u0113ja: 5000\/g\/m2\/24h<\/li>\n<\/ul>\n<\/div>\n<\/div>\n<\/div>\n","protected":false},"excerpt":{"rendered":"<p>V\u0113ja iztur\u012bga, elpojo&scaron;a jaka no augstas kvalit\u0101tes SOFT SHELL materi\u0101la. \u0112rt\u0101, regul\u0113jam\u0101 kapuce nodro&scaron;in\u0101s papildus aizsardz\u012bbu. Pateicoties vieglajam svaram, jaka ir lieliski piem\u0113rota da\u017e\u0101da veida akt\u012bvai atp\u016btai, k\u0101 ar\u012b ikdienas valk\u0101&scaron;anai. Regul\u0113jams kapuces apjoms Regul\u0113jama jakas lejas da\u013ca Kabata uz kr\u016bt\u012bm un divas s\u0101nu kabatas ar r\u0101v\u0113jsl\u0113dz\u0113jiem Materi\u0101ls: 70% poliesters, 30% PU membr\u0101na Elpotsp\u0113ja: 5000\/g\/m2\/24h<\/p>\n","protected":false},"featured_media":0,"template":"","meta":[],"product_brand":[899],"product_cat":[4619,4620,4640,4993],"product_tag":[],"class_list":{"0":"post-80235","1":"product","2":"type-product","3":"status-publish","5":"product_brand-norfin","6":"product_cat-winter-clothes-recreation","7":"product_cat-norfin-suits-winter-suits-for-fishing","8":"product_cat-recreation","9":"product_cat-winter-suits-for-fishing-winter-clothes-recreation","11":"first","12":"instock","13":"shipping-taxable","14":"purchasable","15":"product-type-simple"},"_links":{"self":[{"href":"https:\/\/sezona.lv\/en\/wp-json\/wp\/v2\/product\/80235","targetHints":{"allow":["GET"]}}],"collection":[{"href":"https:\/\/sezona.lv\/en\/wp-json\/wp\/v2\/product"}],"about":[{"href":"https:\/\/sezona.lv\/en\/wp-json\/wp\/v2\/types\/product"}],"wp:attachment":[{"href":"https:\/\/sezona.lv\/en\/wp-json\/wp\/v2\/media?parent=80235"}],"wp:term":[{"taxonomy":"product_brand","embeddable":true,"href":"https:\/\/sezona.lv\/en\/wp-json\/wp\/v2\/product_brand?post=80235"},{"taxonomy":"product_cat","embeddable":true,"href":"https:\/\/sezona.lv\/en\/wp-json\/wp\/v2\/product_cat?post=80235"},{"taxonomy":"product_tag","embeddable":true,"href":"https:\/\/sezona.lv\/en\/wp-json\/wp\/v2\/product_tag?post=80235"}],"curies":[{"name":"wp","href":"https:\/\/api.w.org\/{rel}","templated":true}]}}