{"id":80237,"date":"2025-07-14T15:53:19","date_gmt":"2025-07-14T12:53:19","guid":{"rendered":"https:\/\/demo8.ecube.lv\/sezona.lv\/products\/jaka-norfin-thermo-pro\/"},"modified":"2025-07-14T15:53:19","modified_gmt":"2025-07-14T12:53:19","slug":"jaka-norfin-thermo-pro","status":"publish","type":"product","link":"https:\/\/sezona.lv\/en\/products\/jaka-norfin-thermo-pro\/","title":{"rendered":"Jaka Norfin THERMO PRO"},"content":{"rendered":"<div class=\"inner-content\">\n<div class=\"inner-content\">\n<div id=\"cke_pastebin\"><span>Daudzpus\u012bga viegla fl\u012bsa jaka, kas paredz\u0113ta valk\u0101&scaron;anai atsevi&scaron;\u0137i vai k\u0101 papildu siltuma sl\u0101nis. Jakas priek&scaron;puse un aizmugure ir pild\u012btas ar sint\u0113tisko d\u016bnu pild\u012bjumu, kas uztur\u0113s \u0137ermeni siltu. Jakas piedurknes ir izgatavotas no \u016bdensiztur\u012bga neilona spandeksa, lai nodro&scaron;in\u0101tu maksim\u0101lu komfortu kust\u012bb\u0101.<\/span><\/p>\n<p>JAKA:<\/p>\n<ul>\n<li>Priek&scaron;\u0113jais r\u0101v\u0113jsl\u0113dz\u0113js<\/li>\n<li>\u0112rta, regul\u0113jama kapuce<\/li>\n<li>Kr\u016b&scaron;u kabata ar r\u0101v\u0113jsl\u0113dz\u0113ju<\/li>\n<li>Divas s\u0101nu kabatas ar r\u0101v\u0113jsl\u0113dz\u0113jiem<\/li>\n<li>Elast\u012bgas aproces ar \u012bk&scaron;\u0137a atv\u0113rumu<\/li>\n<\/ul>\n<p>Materi\u0101ls:<\/p>\n<li>Priek&scaron;puse, aizmugure: 100% 380T Nylon Tahheta<\/li>\n<li>Piedurknes\/ kabatas: 94% neilons 6% spandekss<\/li>\n<li>Siltin\u0101jums: 100% poliesters (sint\u0113tisk\u0101s d\u016bnas)<\/li>\n<\/div>\n<div id=\"cke_pastebin\">\n<ul>\n<\/ul>\n<\/div>\n<\/div>\n<\/div>\n","protected":false},"excerpt":{"rendered":"<p>Daudzpus\u012bga viegla fl\u012bsa jaka, kas paredz\u0113ta valk\u0101&scaron;anai atsevi&scaron;\u0137i vai k\u0101 papildu siltuma sl\u0101nis. Jakas priek&scaron;puse un aizmugure ir pild\u012btas ar sint\u0113tisko d\u016bnu pild\u012bjumu, kas uztur\u0113s \u0137ermeni siltu. Jakas piedurknes ir izgatavotas no \u016bdensiztur\u012bga neilona spandeksa, lai nodro&scaron;in\u0101tu maksim\u0101lu komfortu kust\u012bb\u0101. JAKA: Priek&scaron;\u0113jais r\u0101v\u0113jsl\u0113dz\u0113js \u0112rta, regul\u0113jama kapuce Kr\u016b&scaron;u kabata ar r\u0101v\u0113jsl\u0113dz\u0113ju Divas s\u0101nu kabatas ar r\u0101v\u0113jsl\u0113dz\u0113jiem [&hellip;]<\/p>\n","protected":false},"featured_media":0,"template":"","meta":[],"product_brand":[899],"product_cat":[4619,4620,4640,4993],"product_tag":[],"class_list":{"0":"post-80237","1":"product","2":"type-product","3":"status-publish","5":"product_brand-norfin","6":"product_cat-winter-clothes-recreation","7":"product_cat-norfin-suits-winter-suits-for-fishing","8":"product_cat-recreation","9":"product_cat-winter-suits-for-fishing-winter-clothes-recreation","11":"first","12":"instock","13":"shipping-taxable","14":"purchasable","15":"product-type-simple"},"_links":{"self":[{"href":"https:\/\/sezona.lv\/en\/wp-json\/wp\/v2\/product\/80237","targetHints":{"allow":["GET"]}}],"collection":[{"href":"https:\/\/sezona.lv\/en\/wp-json\/wp\/v2\/product"}],"about":[{"href":"https:\/\/sezona.lv\/en\/wp-json\/wp\/v2\/types\/product"}],"wp:attachment":[{"href":"https:\/\/sezona.lv\/en\/wp-json\/wp\/v2\/media?parent=80237"}],"wp:term":[{"taxonomy":"product_brand","embeddable":true,"href":"https:\/\/sezona.lv\/en\/wp-json\/wp\/v2\/product_brand?post=80237"},{"taxonomy":"product_cat","embeddable":true,"href":"https:\/\/sezona.lv\/en\/wp-json\/wp\/v2\/product_cat?post=80237"},{"taxonomy":"product_tag","embeddable":true,"href":"https:\/\/sezona.lv\/en\/wp-json\/wp\/v2\/product_tag?post=80237"}],"curies":[{"name":"wp","href":"https:\/\/api.w.org\/{rel}","templated":true}]}}