{"id":80238,"date":"2025-07-14T15:53:19","date_gmt":"2025-07-14T12:53:19","guid":{"rendered":"https:\/\/demo8.ecube.lv\/sezona.lv\/products\/termovela-norfin-active-pro\/"},"modified":"2025-07-14T15:53:19","modified_gmt":"2025-07-14T12:53:19","slug":"termovela-norfin-active-pro","status":"publish","type":"product","link":"https:\/\/sezona.lv\/en\/products\/termovela-norfin-active-pro\/","title":{"rendered":"Termove\u013ca Norfin ACTIVE PRO"},"content":{"rendered":"<p><span>Viegla un elast\u012bga termove\u013ca. Zon\u0101lais materi\u0101la dal\u012bjums nodro&scaron;ina komfortu un mitruma izvad\u012b&scaron;anu pat liel\u0101 fizisk\u0101 aktivit\u0101t\u0113. Ve\u013cas materi\u0101ls apstr\u0101d\u0101ts ar Polygiene, kam piem\u012bt antibakteri\u0101las \u012bpa&scaron;\u012bbas, kas samazina nepat\u012bkamo sviedru arom\u0101tu. Lieliski piem\u0113rotas da\u017e\u0101d\u0101m sportisk\u0101m aktivit\u0101t\u0113m.<\/span><\/p>\n<ul>\n<li>Antibakteri\u0101ls Poygiene materi\u0101ls<\/li>\n<li>Zon\u0101lais materi\u0101la dal\u012bjums<\/li>\n<li>Bez&scaron;uvju tehnolo\u0123ija<\/li>\n<li>Elast\u012bga jostasvieta<\/li>\n<li>Elast\u012bgas man&scaron;etes<\/li>\n<\/ul>\n<dt><strong>Materi\u0101ls: 74% Poliam\u012bds, 19% Poliesters, 7% Elast\u0101ns<\/strong><\/dt>\n<dt><strong>Tips: 1. l\u012bme\u0146a termove\u013ca<\/strong><\/dt>\n<dt><strong>Temperat\u016bra: Auksts<\/strong><\/dt>\n<dt><strong>Aktivit\u0101tes l\u012bmenis: Augsts<\/strong><\/dt>\n<dt><strong>Z\u012bmols: NORFIN<\/strong><\/dt>\n","protected":false},"excerpt":{"rendered":"<p>Viegla un elast\u012bga termove\u013ca. Zon\u0101lais materi\u0101la dal\u012bjums nodro&scaron;ina komfortu un mitruma izvad\u012b&scaron;anu pat liel\u0101 fizisk\u0101 aktivit\u0101t\u0113. Ve\u013cas materi\u0101ls apstr\u0101d\u0101ts ar Polygiene, kam piem\u012bt antibakteri\u0101las \u012bpa&scaron;\u012bbas, kas samazina nepat\u012bkamo sviedru arom\u0101tu. Lieliski piem\u0113rotas da\u017e\u0101d\u0101m sportisk\u0101m aktivit\u0101t\u0113m. Antibakteri\u0101ls Poygiene materi\u0101ls Zon\u0101lais materi\u0101la dal\u012bjums Bez&scaron;uvju tehnolo\u0123ija Elast\u012bga jostasvieta Elast\u012bgas man&scaron;etes Materi\u0101ls: 74% Poliam\u012bds, 19% Poliesters, 7% Elast\u0101ns Tips: [&hellip;]<\/p>\n","protected":false},"featured_media":0,"template":"","meta":[],"product_brand":[],"product_cat":[4619,4621,4640,4985],"product_tag":[],"class_list":{"0":"post-80238","1":"product","2":"type-product","3":"status-publish","5":"product_cat-winter-clothes-recreation","6":"product_cat-thermal-underwear-winter-clothes-recreation","7":"product_cat-recreation","8":"product_cat-norfin-thermal-underwear-thermal-underwear-winter-clothes-recreation","10":"first","11":"instock","12":"shipping-taxable","13":"purchasable","14":"product-type-simple"},"_links":{"self":[{"href":"https:\/\/sezona.lv\/en\/wp-json\/wp\/v2\/product\/80238","targetHints":{"allow":["GET"]}}],"collection":[{"href":"https:\/\/sezona.lv\/en\/wp-json\/wp\/v2\/product"}],"about":[{"href":"https:\/\/sezona.lv\/en\/wp-json\/wp\/v2\/types\/product"}],"wp:attachment":[{"href":"https:\/\/sezona.lv\/en\/wp-json\/wp\/v2\/media?parent=80238"}],"wp:term":[{"taxonomy":"product_brand","embeddable":true,"href":"https:\/\/sezona.lv\/en\/wp-json\/wp\/v2\/product_brand?post=80238"},{"taxonomy":"product_cat","embeddable":true,"href":"https:\/\/sezona.lv\/en\/wp-json\/wp\/v2\/product_cat?post=80238"},{"taxonomy":"product_tag","embeddable":true,"href":"https:\/\/sezona.lv\/en\/wp-json\/wp\/v2\/product_tag?post=80238"}],"curies":[{"name":"wp","href":"https:\/\/api.w.org\/{rel}","templated":true}]}}