{"id":80242,"date":"2025-07-14T15:53:25","date_gmt":"2025-07-14T12:53:25","guid":{"rendered":"https:\/\/demo8.ecube.lv\/sezona.lv\/products\/termovela-norfin-performance-space-blue-sieviesu\/"},"modified":"2025-07-14T15:53:25","modified_gmt":"2025-07-14T12:53:25","slug":"termovela-norfin-performance-space-blue-sieviesu","status":"publish","type":"product","link":"https:\/\/sezona.lv\/en\/products\/termovela-norfin-performance-space-blue-sieviesu\/","title":{"rendered":"Termove\u013ca Norfin PERFORMANCE SPACE BLUE sievie\u0161u"},"content":{"rendered":"<p><span>Univers\u0101la termove\u013ca, kas pa&scaron;\u016bta \u012bpa&scaron;i sieviet\u0113m no augstas klases mikrofl\u012bsa. M\u012bkstais un pat\u012bkamais materi\u0101ls novada lieko mitrumu un saglab\u0101 siltumu &#8211; nodro&scaron;inot \u0137ermenim komfortu pat augstas fizisk\u0101s aktivit\u0101tes gad\u012bjum\u0101. Zemas aktivit\u0101tes gad\u012bjum\u0101, termove\u013cu ieteicams vilkt uz kailas miesas, bet augstas &#8211; uz pl\u0101n\u0101s termove\u013cas.<\/span><\/p>\n<ul>\n<li>M\u012bksts un pat\u012bkams materi\u0101ls<\/li>\n<li>Dro&scaron;s r\u0101v\u0113jsl\u0113dz\u0113js<\/li>\n<li>Elast\u012bga josta<\/li>\n<li>Bikses ar elast\u012bg\u0101m man&scaron;et\u0113m<\/li>\n<li>Materi\u0101ls &#8211; NORfleece Micro (100% poliesters)<\/li>\n<\/ul>\n<dt><strong>Materi\u0101ls: 100% Poliesters<\/strong><\/dt>\n<dt><strong>Tips: 1. l\u012bme\u0146a termove\u013ca<\/strong><\/dt>\n<dt><strong>Temperat\u016bra: Auksts<\/strong><\/dt>\n<dt><strong>Aktivit\u0101tes l\u012bmenis: Vid\u0113js<\/strong><\/dt>\n<dt><strong>Z\u012bmols: NORFIN<\/strong><\/dt>\n","protected":false},"excerpt":{"rendered":"<p>Univers\u0101la termove\u013ca, kas pa&scaron;\u016bta \u012bpa&scaron;i sieviet\u0113m no augstas klases mikrofl\u012bsa. M\u012bkstais un pat\u012bkamais materi\u0101ls novada lieko mitrumu un saglab\u0101 siltumu &#8211; nodro&scaron;inot \u0137ermenim komfortu pat augstas fizisk\u0101s aktivit\u0101tes gad\u012bjum\u0101. Zemas aktivit\u0101tes gad\u012bjum\u0101, termove\u013cu ieteicams vilkt uz kailas miesas, bet augstas &#8211; uz pl\u0101n\u0101s termove\u013cas. M\u012bksts un pat\u012bkams materi\u0101ls Dro&scaron;s r\u0101v\u0113jsl\u0113dz\u0113js Elast\u012bga josta Bikses ar elast\u012bg\u0101m [&hellip;]<\/p>\n","protected":false},"featured_media":0,"template":"","meta":[],"product_brand":[899],"product_cat":[4619,4621,4640,4985],"product_tag":[],"class_list":{"0":"post-80242","1":"product","2":"type-product","3":"status-publish","5":"product_brand-norfin","6":"product_cat-winter-clothes-recreation","7":"product_cat-thermal-underwear-winter-clothes-recreation","8":"product_cat-recreation","9":"product_cat-norfin-thermal-underwear-thermal-underwear-winter-clothes-recreation","11":"first","12":"instock","13":"shipping-taxable","14":"purchasable","15":"product-type-simple"},"_links":{"self":[{"href":"https:\/\/sezona.lv\/en\/wp-json\/wp\/v2\/product\/80242","targetHints":{"allow":["GET"]}}],"collection":[{"href":"https:\/\/sezona.lv\/en\/wp-json\/wp\/v2\/product"}],"about":[{"href":"https:\/\/sezona.lv\/en\/wp-json\/wp\/v2\/types\/product"}],"wp:attachment":[{"href":"https:\/\/sezona.lv\/en\/wp-json\/wp\/v2\/media?parent=80242"}],"wp:term":[{"taxonomy":"product_brand","embeddable":true,"href":"https:\/\/sezona.lv\/en\/wp-json\/wp\/v2\/product_brand?post=80242"},{"taxonomy":"product_cat","embeddable":true,"href":"https:\/\/sezona.lv\/en\/wp-json\/wp\/v2\/product_cat?post=80242"},{"taxonomy":"product_tag","embeddable":true,"href":"https:\/\/sezona.lv\/en\/wp-json\/wp\/v2\/product_tag?post=80242"}],"curies":[{"name":"wp","href":"https:\/\/api.w.org\/{rel}","templated":true}]}}