{"id":80246,"date":"2025-07-14T15:53:30","date_gmt":"2025-07-14T12:53:30","guid":{"rendered":"https:\/\/demo8.ecube.lv\/sezona.lv\/products\/ziemas-zabaki-norfin-klondaik-2\/"},"modified":"2025-07-14T15:53:30","modified_gmt":"2025-07-14T12:53:30","slug":"ziemas-zabaki-norfin-klondaik-2","status":"publish","type":"product","link":"https:\/\/sezona.lv\/en\/products\/ziemas-zabaki-norfin-klondaik-2\/","title":{"rendered":"Ziemas z\u0101baki Norfin KLONDAIK 2"},"content":{"rendered":"<p><span>Ziemas z\u0101baki no EVA materi\u0101la ar iz\u0146emamu ieliktni.<\/span><\/p>\n<p>&nbsp;<\/p>\n<p><span>Pateicoties biezajam, siltajam ieliktnim un EVA (gumijas putas ar gaisa burbul\u012b&scaron;iem) materi\u0101la \u012bpa&scaron;\u012bb\u0101m, z\u0101baki nodro&scaron;ina siltumu un komfortu pie gaisa temperat\u016bras l\u012bdz -40C.<\/span><\/p>\n<p>&nbsp;<\/p>\n<p><span>Z\u0101bakam ir gumijas zole, kas pasarg\u0101 to no nejau&scaron;as sadur&scaron;anas vai sagrie&scaron;anas.<\/span><\/p>\n<p>&nbsp;<\/p>\n<p><span>Lai nov\u0113rstu sl\u012bd\u0113&scaron;anu uz ledus, z\u0101baka pap\u0113d\u012b ir iestr\u0101d\u0101tas speci\u0101las redzes (sist\u0113ma ANTI SLIP 2), kuras var izmantot vajadz\u012bbas gad\u012bjum\u0101.<\/span><\/p>\n<p>&nbsp;<\/p>\n<p><span>Tr\u012bsk\u0101r&scaron;ais, 10mm biezais ieliktnis nodro&scaron;ina dro&scaron;u termoizol\u0101ciju: Iek&scaron;\u0113jais THINSULATE&trade; siltin\u0101juma sl\u0101nis &#8211; nodro&scaron;ina termoizol\u0101ciju, k\u0101 ar\u012b uzs\u016bc un novada lieko mitrumu uz \u0101rpusi, perfor\u0113tais folijas sl\u0101nis aiztur aukstumu, saglab\u0101 \u0137erme\u0146a siltumu un novada lieko mitrumu uz \u0101r\u0113jo ielikt\u0146a sl\u0101ni. \u0100r\u0113jais poliestera sl\u0101nis nodro&scaron;ina termoizol\u0101ciju un novada mitrumu. P\u0113c lieto&scaron;anas z\u0101baks un ieliktnis j\u0101\u017e\u0101v\u0113 atsevi&scaron;\u0137i.<\/span><\/p>\n<p>Izm\u0113ri: 40-47<\/p>\n","protected":false},"excerpt":{"rendered":"<p>Ziemas z\u0101baki no EVA materi\u0101la ar iz\u0146emamu ieliktni. &nbsp; Pateicoties biezajam, siltajam ieliktnim un EVA (gumijas putas ar gaisa burbul\u012b&scaron;iem) materi\u0101la \u012bpa&scaron;\u012bb\u0101m, z\u0101baki nodro&scaron;ina siltumu un komfortu pie gaisa temperat\u016bras l\u012bdz -40C. &nbsp; Z\u0101bakam ir gumijas zole, kas pasarg\u0101 to no nejau&scaron;as sadur&scaron;anas vai sagrie&scaron;anas. &nbsp; Lai nov\u0113rstu sl\u012bd\u0113&scaron;anu uz ledus, z\u0101baka pap\u0113d\u012b ir iestr\u0101d\u0101tas [&hellip;]<\/p>\n","protected":false},"featured_media":0,"template":"","meta":[],"product_brand":[899],"product_cat":[4615,4640],"product_tag":[],"class_list":{"0":"post-80246","1":"product","2":"type-product","3":"status-publish","5":"product_brand-norfin","6":"product_cat-winter-boots-recreation","7":"product_cat-recreation","9":"first","10":"instock","11":"shipping-taxable","12":"purchasable","13":"product-type-simple"},"_links":{"self":[{"href":"https:\/\/sezona.lv\/en\/wp-json\/wp\/v2\/product\/80246","targetHints":{"allow":["GET"]}}],"collection":[{"href":"https:\/\/sezona.lv\/en\/wp-json\/wp\/v2\/product"}],"about":[{"href":"https:\/\/sezona.lv\/en\/wp-json\/wp\/v2\/types\/product"}],"wp:attachment":[{"href":"https:\/\/sezona.lv\/en\/wp-json\/wp\/v2\/media?parent=80246"}],"wp:term":[{"taxonomy":"product_brand","embeddable":true,"href":"https:\/\/sezona.lv\/en\/wp-json\/wp\/v2\/product_brand?post=80246"},{"taxonomy":"product_cat","embeddable":true,"href":"https:\/\/sezona.lv\/en\/wp-json\/wp\/v2\/product_cat?post=80246"},{"taxonomy":"product_tag","embeddable":true,"href":"https:\/\/sezona.lv\/en\/wp-json\/wp\/v2\/product_tag?post=80246"}],"curies":[{"name":"wp","href":"https:\/\/api.w.org\/{rel}","templated":true}]}}