{"id":80260,"date":"2025-07-14T15:53:46","date_gmt":"2025-07-14T12:53:46","guid":{"rendered":"https:\/\/demo8.ecube.lv\/sezona.lv\/products\/lietus-kostims-norfin-pro-dry-3-camo\/"},"modified":"2025-07-14T15:53:46","modified_gmt":"2025-07-14T12:53:46","slug":"lietus-kostims-norfin-pro-dry-3-camo","status":"publish","type":"product","link":"https:\/\/sezona.lv\/en\/products\/lietus-kostims-norfin-pro-dry-3-camo\/","title":{"rendered":"Lietus kost\u012bms Norfin PRO DRY 3 Camo"},"content":{"rendered":"<p><span>Kost\u012bms \u012bpa&scaron;i izstr\u0101d\u0101ts mak&scaron;\u0137erniekiem, kas neatsak\u0101s no iem\u012b\u013cot\u0101s nodarbes pat stipra lietus laik\u0101. Iztur\u012bgais triju sl\u0101\u0146u membr\u0101nas materi\u0101ls lieliski pasarg\u0101s no ilgsto&scaron;iem nokri&scaron;\u0146iem. Kost\u012bms ir funkcion\u0101ls ar daudz da\u017e\u0101d\u0101m kabat\u0101m un aksesu\u0101riem.<\/span><\/p>\n<dl>\n<dt>JAKA:<\/dt>\n<li>Triju sl\u0101\u0146u membr\u0101nas materi\u0101ls<\/li>\n<li>Divas ietilp\u012bgas kabatas uz kr\u016bt\u012bm ar atlokiem<\/li>\n<li>Divas s\u0101nu kabatas<\/li>\n<li>Iek&scaron;kabata telefonam un dokumentiem<\/li>\n<li>Regul\u0113jamas man&scaron;etes<\/li>\n<li>R\u016bp\u012bgi nol\u012bm\u0113tas &scaron;uves<\/li>\n<dt>PUSKOMBINEZONS:<\/dt>\n<li>Triju sl\u0101\u0146u membr\u0101nas materi\u0101ls<\/li>\n<li>Divas s\u0101nu kabatas ar r\u0101v\u0113jsl\u0113dz\u0113jiem<\/li>\n<li>R\u016bp\u012bgi nol\u012bm\u0113tas &scaron;uves<\/li>\n<li>Regul\u0113jamas, no\u0146emamas lences<\/li>\n<li>Regul\u0113jams aug&scaron;da\u013cas apjoms<\/li>\n<li>Regul\u0113jama puskombinezona apak&scaron;da\u013ca ar r\u0101v\u0113jsl\u0113dz\u0113jiem<\/li>\n<li>\u041cateri\u0101ls: NORTEX BREATHABLE<\/li>\n<li>Mitrumiztur\u012bba: 15 000 mm\/ cm&sup2;<\/li>\n<li>Elpotsp\u0113ja: 8 000 g\/cm&sup2;\/24 h<\/li>\n<\/dl>\n<dl> <\/dl>\n","protected":false},"excerpt":{"rendered":"<p>Kost\u012bms \u012bpa&scaron;i izstr\u0101d\u0101ts mak&scaron;\u0137erniekiem, kas neatsak\u0101s no iem\u012b\u013cot\u0101s nodarbes pat stipra lietus laik\u0101. Iztur\u012bgais triju sl\u0101\u0146u membr\u0101nas materi\u0101ls lieliski pasarg\u0101s no ilgsto&scaron;iem nokri&scaron;\u0146iem. Kost\u012bms ir funkcion\u0101ls ar daudz da\u017e\u0101d\u0101m kabat\u0101m un aksesu\u0101riem. JAKA: Triju sl\u0101\u0146u membr\u0101nas materi\u0101ls Divas ietilp\u012bgas kabatas uz kr\u016bt\u012bm ar atlokiem Divas s\u0101nu kabatas Iek&scaron;kabata telefonam un dokumentiem Regul\u0113jamas man&scaron;etes R\u016bp\u012bgi nol\u012bm\u0113tas [&hellip;]<\/p>\n","protected":false},"featured_media":0,"template":"","meta":[],"product_brand":[899],"product_cat":[4538,4559,4560,4640],"product_tag":[],"class_list":{"0":"post-80260","1":"product","2":"type-product","3":"status-publish","5":"product_brand-norfin","6":"product_cat-fishing-equipment-recreation","7":"product_cat-equipment-fishing-equipment-recreation","8":"product_cat-clothes-equipment-fishing-equipment-recreation","9":"product_cat-recreation","11":"first","12":"instock","13":"shipping-taxable","14":"purchasable","15":"product-type-simple"},"_links":{"self":[{"href":"https:\/\/sezona.lv\/en\/wp-json\/wp\/v2\/product\/80260","targetHints":{"allow":["GET"]}}],"collection":[{"href":"https:\/\/sezona.lv\/en\/wp-json\/wp\/v2\/product"}],"about":[{"href":"https:\/\/sezona.lv\/en\/wp-json\/wp\/v2\/types\/product"}],"wp:attachment":[{"href":"https:\/\/sezona.lv\/en\/wp-json\/wp\/v2\/media?parent=80260"}],"wp:term":[{"taxonomy":"product_brand","embeddable":true,"href":"https:\/\/sezona.lv\/en\/wp-json\/wp\/v2\/product_brand?post=80260"},{"taxonomy":"product_cat","embeddable":true,"href":"https:\/\/sezona.lv\/en\/wp-json\/wp\/v2\/product_cat?post=80260"},{"taxonomy":"product_tag","embeddable":true,"href":"https:\/\/sezona.lv\/en\/wp-json\/wp\/v2\/product_tag?post=80260"}],"curies":[{"name":"wp","href":"https:\/\/api.w.org\/{rel}","templated":true}]}}