{"id":80261,"date":"2025-07-14T15:53:47","date_gmt":"2025-07-14T12:53:47","guid":{"rendered":"https:\/\/demo8.ecube.lv\/sezona.lv\/products\/lietus-kostims-divdaligs-norfin-mirage\/"},"modified":"2025-07-14T15:53:47","modified_gmt":"2025-07-14T12:53:47","slug":"lietus-kostims-divdaligs-norfin-mirage","status":"publish","type":"product","link":"https:\/\/sezona.lv\/en\/products\/lietus-kostims-divdaligs-norfin-mirage\/","title":{"rendered":"Lietus kost\u012bms divda\u013c\u012bgs Norfin MIRAGE"},"content":{"rendered":"<p><span>Divda\u013c\u012bgs lietus kost\u012bms, izgatavots no elpojo&scaron;a membr\u0101nas materi\u0101la NORTEX BREATHABLE. Ergonomisk\u0101 piegrieztne \u013caus br\u012bvi kust\u0113ties, k\u0101 ar\u012b lab\u0101k pasarg\u0101s no v\u0113ja un nokri&scaron;\u0146u ietekmes. Kost\u012bms ir viegls un kompakts.<\/span><\/p>\n<p>&nbsp;<\/p>\n<dt>JAKA:<\/dt>\n<li>Viegls un \u0113rts materi\u0101ls<\/li>\n<li>Savelkama jakas apak&scaron;da\u013ca<\/li>\n<li>Divas s\u0101nu kabatas<\/li>\n<li>3-punktu regul\u0113jama kapuce<\/li>\n<li>Nol\u012bm\u0113tas &scaron;uves<\/li>\n<li>Regul\u0113jamas man&scaron;etes<\/li>\n<li>Sietveida odere &#8211; lab\u0101kai ventil\u0101cijai<\/li>\n<li>Atstarojo&scaron;i elementi<\/li>\n<p>&nbsp;<\/p>\n<dt>BIKSES:<\/dt>\n<li>Divas s\u0101nu kabatas<\/li>\n<li>Elast\u012bga, regul\u0113jama jostas vieta<\/li>\n<li>R\u0101v\u0113jsl\u0113dz\u0113js bik&scaron;u lejasda\u013c\u0101<\/li>\n<li>Ergonomiska piegrieztne<\/li>\n<p>&nbsp;<\/p>\n<dt>MATERI\u0100LS:<\/dt>\n<li>NORTEX BREATHABLE<\/li>\n<li>Mitrumiztur\u012bba: 9 000 mm\/ cm&sup2;<\/li>\n<li>Elpotsp\u0113ja: 6 000 g\/cm&sup2;\/24 h<\/li>\n","protected":false},"excerpt":{"rendered":"<p>Divda\u013c\u012bgs lietus kost\u012bms, izgatavots no elpojo&scaron;a membr\u0101nas materi\u0101la NORTEX BREATHABLE. Ergonomisk\u0101 piegrieztne \u013caus br\u012bvi kust\u0113ties, k\u0101 ar\u012b lab\u0101k pasarg\u0101s no v\u0113ja un nokri&scaron;\u0146u ietekmes. Kost\u012bms ir viegls un kompakts. &nbsp; JAKA: Viegls un \u0113rts materi\u0101ls Savelkama jakas apak&scaron;da\u013ca Divas s\u0101nu kabatas 3-punktu regul\u0113jama kapuce Nol\u012bm\u0113tas &scaron;uves Regul\u0113jamas man&scaron;etes Sietveida odere &#8211; lab\u0101kai ventil\u0101cijai Atstarojo&scaron;i elementi [&hellip;]<\/p>\n","protected":false},"featured_media":0,"template":"","meta":[],"product_brand":[899],"product_cat":[4538,4559,4560,4640],"product_tag":[],"class_list":{"0":"post-80261","1":"product","2":"type-product","3":"status-publish","5":"product_brand-norfin","6":"product_cat-fishing-equipment-recreation","7":"product_cat-equipment-fishing-equipment-recreation","8":"product_cat-clothes-equipment-fishing-equipment-recreation","9":"product_cat-recreation","11":"first","12":"instock","13":"shipping-taxable","14":"purchasable","15":"product-type-simple"},"_links":{"self":[{"href":"https:\/\/sezona.lv\/en\/wp-json\/wp\/v2\/product\/80261","targetHints":{"allow":["GET"]}}],"collection":[{"href":"https:\/\/sezona.lv\/en\/wp-json\/wp\/v2\/product"}],"about":[{"href":"https:\/\/sezona.lv\/en\/wp-json\/wp\/v2\/types\/product"}],"wp:attachment":[{"href":"https:\/\/sezona.lv\/en\/wp-json\/wp\/v2\/media?parent=80261"}],"wp:term":[{"taxonomy":"product_brand","embeddable":true,"href":"https:\/\/sezona.lv\/en\/wp-json\/wp\/v2\/product_brand?post=80261"},{"taxonomy":"product_cat","embeddable":true,"href":"https:\/\/sezona.lv\/en\/wp-json\/wp\/v2\/product_cat?post=80261"},{"taxonomy":"product_tag","embeddable":true,"href":"https:\/\/sezona.lv\/en\/wp-json\/wp\/v2\/product_tag?post=80261"}],"curies":[{"name":"wp","href":"https:\/\/api.w.org\/{rel}","templated":true}]}}