{"id":80262,"date":"2025-07-14T15:53:48","date_gmt":"2025-07-14T12:53:48","guid":{"rendered":"https:\/\/demo8.ecube.lv\/sezona.lv\/products\/lietus-kostims-norfin-alpha-navy-blue\/"},"modified":"2025-07-14T15:53:48","modified_gmt":"2025-07-14T12:53:48","slug":"lietus-kostims-norfin-alpha-navy-blue","status":"publish","type":"product","link":"https:\/\/sezona.lv\/en\/products\/lietus-kostims-norfin-alpha-navy-blue\/","title":{"rendered":"Lietus kost\u012bms Norfin ALPHA NAVY BLUE"},"content":{"rendered":"<div id=\"description\" class=\"tab-pane active\">\n<div id=\"description\" class=\"tab-pane active\">\n<p><span>Daudzpus\u012bgs lietus kost\u012bms, izstr\u0101d\u0101ts no \u012bpa&scaron;i iztur\u012bga membr\u0101nas materi\u0101la &#8211; NORTEX BREATHABLE, pasarg\u0101s no v\u0113ja un nokri&scaron;\u0146iem. Visas kost\u012bma &scaron;uves ir r\u016bp\u012bgi nol\u012bm\u0113tas. Bikses ir apr\u012bkotas ar elast\u012bgu jostas vietu, kas \u013cauj viegli piel\u0101got apjomu, nodro&scaron;inot \u0113rtu valk\u0101&scaron;anu.<\/span><br \/><span>JAKA:<\/span><\/p>\n<li>Ar r\u0101v\u0113jsl\u0113dz\u0113ju stiprin\u0101ma, divos l\u012bme\u0146os regul\u0113jama kapuce<\/li>\n<li>Priek&scaron;\u0113jais r\u0101v\u0113jsl\u0113dz\u0113js ar atloku<\/li>\n<li>Divas kabatas uz kr\u016bt\u012bm ar atlokiem<\/li>\n<li>Divas ietilp\u012bgas s\u0101nu kabatas<\/li>\n<li>Iek&scaron;kabata ar r\u0101v\u0113jsl\u0113dz\u0113ju telefonam un dokumentiem<\/li>\n<li>Regul\u0113jamas man\u017eetes ar velcro aizdari<\/li>\n<li>T\u012bklveida odere<\/li>\n<li>Pagarin\u0101ta muguras da\u013ca<\/li>\n<li>Regul\u0113jama lejas da\u013ca<\/li>\n<li>Visas &scaron;uves ir r\u016bp\u012bgi nol\u012bm\u0113tas<\/li>\n<p><span>BIKSES:<\/span><\/p>\n<li>Elast\u012bga jostas vieta<\/li>\n<li>Regul\u0113jamas, no\u0146emamas, elast\u012bgas lences<\/li>\n<li>Divas s\u0101nu kabatas ar r\u0101v\u0113jsl\u0113dz\u0113jiem un atlokiem<\/li>\n<li>Stiprin\u0101ts materi\u0101ls ce\u013cu un s\u0113dvietas zon\u0101s<\/li>\n<li>Regul\u0113jama bik&scaron;u apak&scaron;da\u013ca ar velcro aizdari un r\u0101v\u0113jsl\u0113dz\u0113ju<\/li>\n<li>Visas &scaron;uves ir r\u016bp\u012bgi nol\u012bm\u0113tas<\/li>\n<p><span>MATERI\u0100LS:<\/span><\/p>\n<li>Nortex Breathable<\/li>\n<li>Mitrumiztur\u012bba: 10 000mm<\/li>\n<li>Elpotsp\u0113ja: 6 000 g\/cm&sup2;\/24 h<\/li>\n<li>80% neilons, 20% PU<\/li>\n<\/div>\n<\/div>\n","protected":false},"excerpt":{"rendered":"<p>Daudzpus\u012bgs lietus kost\u012bms, izstr\u0101d\u0101ts no \u012bpa&scaron;i iztur\u012bga membr\u0101nas materi\u0101la &#8211; NORTEX BREATHABLE, pasarg\u0101s no v\u0113ja un nokri&scaron;\u0146iem. Visas kost\u012bma &scaron;uves ir r\u016bp\u012bgi nol\u012bm\u0113tas. Bikses ir apr\u012bkotas ar elast\u012bgu jostas vietu, kas \u013cauj viegli piel\u0101got apjomu, nodro&scaron;inot \u0113rtu valk\u0101&scaron;anu.JAKA: Ar r\u0101v\u0113jsl\u0113dz\u0113ju stiprin\u0101ma, divos l\u012bme\u0146os regul\u0113jama kapuce Priek&scaron;\u0113jais r\u0101v\u0113jsl\u0113dz\u0113js ar atloku Divas kabatas uz kr\u016bt\u012bm ar atlokiem [&hellip;]<\/p>\n","protected":false},"featured_media":0,"template":"","meta":[],"product_brand":[894],"product_cat":[4538,4559,4560,4640],"product_tag":[],"class_list":{"0":"post-80262","1":"product","2":"type-product","3":"status-publish","5":"product_brand-salmo","6":"product_cat-fishing-equipment-recreation","7":"product_cat-equipment-fishing-equipment-recreation","8":"product_cat-clothes-equipment-fishing-equipment-recreation","9":"product_cat-recreation","11":"first","12":"instock","13":"shipping-taxable","14":"purchasable","15":"product-type-simple"},"_links":{"self":[{"href":"https:\/\/sezona.lv\/en\/wp-json\/wp\/v2\/product\/80262","targetHints":{"allow":["GET"]}}],"collection":[{"href":"https:\/\/sezona.lv\/en\/wp-json\/wp\/v2\/product"}],"about":[{"href":"https:\/\/sezona.lv\/en\/wp-json\/wp\/v2\/types\/product"}],"wp:attachment":[{"href":"https:\/\/sezona.lv\/en\/wp-json\/wp\/v2\/media?parent=80262"}],"wp:term":[{"taxonomy":"product_brand","embeddable":true,"href":"https:\/\/sezona.lv\/en\/wp-json\/wp\/v2\/product_brand?post=80262"},{"taxonomy":"product_cat","embeddable":true,"href":"https:\/\/sezona.lv\/en\/wp-json\/wp\/v2\/product_cat?post=80262"},{"taxonomy":"product_tag","embeddable":true,"href":"https:\/\/sezona.lv\/en\/wp-json\/wp\/v2\/product_tag?post=80262"}],"curies":[{"name":"wp","href":"https:\/\/api.w.org\/{rel}","templated":true}]}}