{"id":80263,"date":"2025-07-14T15:53:49","date_gmt":"2025-07-14T12:53:49","guid":{"rendered":"https:\/\/demo8.ecube.lv\/sezona.lv\/products\/heat-holders-sieviesu-termozekes-snowdrop-bslhh467\/"},"modified":"2025-07-14T15:53:49","modified_gmt":"2025-07-14T12:53:49","slug":"heat-holders-sieviesu-termozekes-snowdrop-bslhh467","status":"publish","type":"product","link":"https:\/\/sezona.lv\/en\/products\/heat-holders-sieviesu-termozekes-snowdrop-bslhh467\/","title":{"rendered":"Heat Holders sievie\u0161u termoze\u0137es Snowdrop (BSLHH467)"},"content":{"rendered":"<p>Heat Holders sievie&scaron;u termoze\u0137es Snowdrop.<\/p>\n<p>&nbsp;<\/p>\n<p>Lai p\u0113d\u0101m b\u016btu silti pat visaukst\u0101kaj\u0101s dien\u0101s, velciet k\u0101j\u0101s &scaron;\u012bs klasiska izm\u0113ra Heat Holders&reg; ze\u0137es sieviet\u0113m &#8211; pa&scaron;as silt\u0101k\u0101s termoze\u0137es.<\/p>\n<p>Biezas, bl\u012bvas un ar siltumizol\u0101cijas koeficientu 2,34, Heat Holders&reg; izgatavotas no \u012bpa&scaron;as &scaron;t\u0101pe\u013c&scaron;\u0137iedru dzijas, kam ir izcilas siltumnotur\u012bbas \u012bpa&scaron;\u012bbas. Garpl\u016bksnu sl\u0101nis pal\u012bdz &scaron;\u012bm termoze\u0137\u0113m g\u0101d\u0101t par to, ka p\u0113d\u0101m ir \u0113rti un dro&scaron;i.<\/p>\n<p>Katras ze\u0137es iek&scaron;puse ir intens\u012bvi mat\u0113ta, kas sniedz ne tikai apbr\u012bnojamu m\u012bkstuma saj\u016btu, bet ar\u012b saglab\u0101 silto gaisu \u0101das tuvum\u0101, t\u0101d\u0113j\u0101di nodro&scaron;inot siltumu p\u0113d\u0101m ilg\u0101ku laiku.<\/p>\n<p>Heat Holders&reg; nenospie\u017e p\u0113das. T\u0101s ir piem\u0113rotas diab\u0113ta slimniekiem un nodro&scaron;ina siltumu p\u0113d\u0101m, kas asins cirkul\u0101cijas d\u0113\u013c ir aukstas.<\/p>\n<p>Sast\u0101vs: 91% &#8211; akrils, 5% &#8211; neilons, 3% &#8211; poliesters, 1% &#8211; elast\u0101ns.<\/p>\n<p>&nbsp;<\/p>\n","protected":false},"excerpt":{"rendered":"<p>Heat Holders sievie&scaron;u termoze\u0137es Snowdrop. &nbsp; Lai p\u0113d\u0101m b\u016btu silti pat visaukst\u0101kaj\u0101s dien\u0101s, velciet k\u0101j\u0101s &scaron;\u012bs klasiska izm\u0113ra Heat Holders&reg; ze\u0137es sieviet\u0113m &#8211; pa&scaron;as silt\u0101k\u0101s termoze\u0137es. Biezas, bl\u012bvas un ar siltumizol\u0101cijas koeficientu 2,34, Heat Holders&reg; izgatavotas no \u012bpa&scaron;as &scaron;t\u0101pe\u013c&scaron;\u0137iedru dzijas, kam ir izcilas siltumnotur\u012bbas \u012bpa&scaron;\u012bbas. Garpl\u016bksnu sl\u0101nis pal\u012bdz &scaron;\u012bm termoze\u0137\u0113m g\u0101d\u0101t par to, ka p\u0113d\u0101m [&hellip;]<\/p>\n","protected":false},"featured_media":0,"template":"","meta":[],"product_brand":[],"product_cat":[4619,4637,4640],"product_tag":[],"class_list":{"0":"post-80263","1":"product","2":"type-product","3":"status-publish","5":"product_cat-winter-clothes-recreation","6":"product_cat-thermo-socks-winter-clothes-recreation","7":"product_cat-recreation","9":"first","10":"instock","11":"shipping-taxable","12":"purchasable","13":"product-type-simple"},"_links":{"self":[{"href":"https:\/\/sezona.lv\/en\/wp-json\/wp\/v2\/product\/80263","targetHints":{"allow":["GET"]}}],"collection":[{"href":"https:\/\/sezona.lv\/en\/wp-json\/wp\/v2\/product"}],"about":[{"href":"https:\/\/sezona.lv\/en\/wp-json\/wp\/v2\/types\/product"}],"wp:attachment":[{"href":"https:\/\/sezona.lv\/en\/wp-json\/wp\/v2\/media?parent=80263"}],"wp:term":[{"taxonomy":"product_brand","embeddable":true,"href":"https:\/\/sezona.lv\/en\/wp-json\/wp\/v2\/product_brand?post=80263"},{"taxonomy":"product_cat","embeddable":true,"href":"https:\/\/sezona.lv\/en\/wp-json\/wp\/v2\/product_cat?post=80263"},{"taxonomy":"product_tag","embeddable":true,"href":"https:\/\/sezona.lv\/en\/wp-json\/wp\/v2\/product_tag?post=80263"}],"curies":[{"name":"wp","href":"https:\/\/api.w.org\/{rel}","templated":true}]}}